{"id":899,"date":"2022-05-27T10:54:42","date_gmt":"2022-05-27T07:54:42","guid":{"rendered":"https:\/\/tahtocom-staging.test.cchosting.fi\/?page_id=899"},"modified":"2024-04-12T10:59:02","modified_gmt":"2024-04-12T07:59:02","slug":"bocker-och-tidningar","status":"publish","type":"page","link":"https:\/\/tahtocom-staging.test.cchosting.fi\/sv\/bocker-och-tidningar\/","title":{"rendered":"B\u00f6cker och tidningar"},"content":{"rendered":"\n<section class=\"block block-content-wrapper container-fluid theme-orange\">\n    <div class=\"container\">\n        <div class=\"row\">\n            <div class=\"col-12 col-lg-8 offset-lg-2 col-hd-6 offset-hd-3\">\n                <main class=\"entry-content\">\n                    \n\n<h1 class=\"wp-block-heading\">B\u00d6CKER OCH TIDNINGAR<\/h1>\n\n\n\n<p>V\u00e5r bok- och tidningssamling leder forskaren till idrottskunskapens k\u00e4llor.<\/p>\n\n\n\n<div class=\"wp-block-button\"><a class=\"wp-block-button__link has-white-color has-black-background-color has-text-color has-background has-link-color wp-element-button\" href=\"https:\/\/www.urheilumuseo.verkkokirjasto.fi\/web\/arena\">N\u00e4tbiblioteket<\/a><\/div>\n\n\n                <\/main>\n            <\/div>\n        <\/div>\n    <\/div>\n<\/section>\n\n\n<section class=\"block block-fifty-fifty container-fluid theme-blue\">\n    <div class=\"container\">\n        <div class=\"row flex-xl-row-reverse\">\n            <div class=\"col-12 col-xl-6 d-inline-flex flex-column left-column\">\n                \n\n<img decoding=\"async\" src=\"https:\/\/tahtocom-staging.test.cchosting.fi\/wp-content\/uploads\/2023\/11\/VUoden-urheilukirja-2023-finalistit.png\" width=\"2266\" height=\"1229\" class=\"fifty-fifty-media\" alt=\"Vuoden urheilukirja finalistit julkistettiin Urheilun ja liikunnan kulttuurikeskus TAHDOSSA.\" loading=\"lazy\">\n                \n                            <\/div>\n            <div class=\"col-12 col-xl-6\">\n                <div\n                    class=\"h-100 d-flex flex-column justify-content-start \">\n                    <div class=\"entry-content\">\n                        \n\n<h5 class=\"wp-block-heading\"><strong>Bok- och tidningssamling<\/strong><\/h5>\n\n\n\n<p>Bibliotek verkar som ett kostnadsfritt referensbibliotek. Boksamlingens tyngdpunkt ligger i idrottshistorien, olympiahistorien och uppslagsverk, men den inneh\u00e5ller ocks\u00e5 en omfattande m\u00e4ngd faktab\u00f6cker och tr\u00e4ningshandb\u00f6cker i olika grenar samt en omfattande biografisamling. Bland tidningspressen kan man fritt bl\u00e4ddra i flera finl\u00e4ndska idrottstidningars \u00e5rg\u00e5ngar fr\u00e5n slutet av 1800-talet. Till buds st\u00e5r \u00e4ven f\u00e4rskare nummer av flera inhemska och utl\u00e4ndska idrottstidningar. Du kan s\u00f6ka information om bibliotekets samlingar i n\u00e4tbiblioteket.<\/p>\n\n\n\n<h6 class=\"wp-block-heading\">Till\u00e4ggsinformation<\/h6>\n\n\n\n<p>Matti Hintikka<br>informationstj\u00e4nstkoordinator<br>matti.hintikka(at)tahtocom-staging.test.cchosting.fi<br>tel. 041 538 3854<\/p>\n\n\n                    <\/div>\n                <\/div>\n            <\/div>\n        <\/div>\n    <\/div>\n<\/section>","protected":false},"excerpt":{"rendered":"","protected":false},"author":15,"featured_media":6297,"parent":0,"menu_order":0,"comment_status":"closed","ping_status":"closed","template":"","meta":{"_acf_changed":false,"_relevanssi_hide_post":"","_relevanssi_hide_content":"","_relevanssi_pin_for_all":"","_relevanssi_pin_keywords":"","_relevanssi_unpin_keywords":"","_relevanssi_related_keywords":"","_relevanssi_related_include_ids":"","_relevanssi_related_exclude_ids":"","_relevanssi_related_no_append":"","_relevanssi_related_not_related":"","_relevanssi_related_posts":"","_relevanssi_noindex_reason":"","footnotes":""},"class_list":["post-899","page","type-page","status-publish","has-post-thumbnail","hentry"],"acf":[],"yoast_head":"<!-- This site is optimized with the Yoast SEO plugin v27.1.1 - https:\/\/yoast.com\/product\/yoast-seo-wordpress\/ -->\n<title>B\u00f6cker och tidningar - Tahto<\/title>\n<meta name=\"robots\" content=\"noindex, follow, max-snippet:-1, max-image-preview:large, max-video-preview:-1\" \/>\n<meta property=\"og:locale\" content=\"sv_SE\" \/>\n<meta property=\"og:type\" content=\"article\" \/>\n<meta property=\"og:title\" content=\"B\u00f6cker och tidningar - Tahto\" \/>\n<meta property=\"og:url\" content=\"https:\/\/tahtocom-staging.test.cchosting.fi\/sv\/bocker-och-tidningar\/\" \/>\n<meta property=\"og:site_name\" content=\"Tahto\" \/>\n<meta property=\"article:modified_time\" content=\"2024-04-12T07:59:02+00:00\" \/>\n<meta property=\"og:image\" content=\"https:\/\/tahtocom-staging.test.cchosting.fi\/wp-content\/uploads\/2022\/12\/1961-62-kansi.jpg\" \/>\n\t<meta property=\"og:image:width\" content=\"1322\" \/>\n\t<meta property=\"og:image:height\" content=\"907\" \/>\n\t<meta property=\"og:image:type\" content=\"image\/jpeg\" \/>\n<meta name=\"twitter:card\" content=\"summary_large_image\" \/>\n<meta name=\"twitter:label1\" content=\"Ber\u00e4knad l\u00e4stid\" \/>\n\t<meta name=\"twitter:data1\" content=\"2 minuter\" \/>\n<script type=\"application\/ld+json\" class=\"yoast-schema-graph\">{\"@context\":\"https:\/\/schema.org\",\"@graph\":[{\"@type\":\"WebPage\",\"@id\":\"https:\/\/tahtocom-staging.test.cchosting.fi\/sv\/bocker-och-tidningar\/\",\"url\":\"https:\/\/tahtocom-staging.test.cchosting.fi\/sv\/bocker-och-tidningar\/\",\"name\":\"B\u00f6cker och tidningar - Tahto\",\"isPartOf\":{\"@id\":\"https:\/\/tahtocom-staging.test.cchosting.fi\/#website\"},\"primaryImageOfPage\":{\"@id\":\"https:\/\/tahtocom-staging.test.cchosting.fi\/sv\/bocker-och-tidningar\/#primaryimage\"},\"image\":{\"@id\":\"https:\/\/tahtocom-staging.test.cchosting.fi\/sv\/bocker-och-tidningar\/#primaryimage\"},\"thumbnailUrl\":\"https:\/\/tahtocom-staging.test.cchosting.fi\/wp-content\/uploads\/2022\/12\/1961-62-kansi.jpg\",\"datePublished\":\"2022-05-27T07:54:42+00:00\",\"dateModified\":\"2024-04-12T07:59:02+00:00\",\"breadcrumb\":{\"@id\":\"https:\/\/tahtocom-staging.test.cchosting.fi\/sv\/bocker-och-tidningar\/#breadcrumb\"},\"inLanguage\":\"sv-SE\",\"potentialAction\":[{\"@type\":\"ReadAction\",\"target\":[\"https:\/\/tahtocom-staging.test.cchosting.fi\/sv\/bocker-och-tidningar\/\"]}]},{\"@type\":\"ImageObject\",\"inLanguage\":\"sv-SE\",\"@id\":\"https:\/\/tahtocom-staging.test.cchosting.fi\/sv\/bocker-och-tidningar\/#primaryimage\",\"url\":\"https:\/\/tahtocom-staging.test.cchosting.fi\/wp-content\/uploads\/2022\/12\/1961-62-kansi.jpg\",\"contentUrl\":\"https:\/\/tahtocom-staging.test.cchosting.fi\/wp-content\/uploads\/2022\/12\/1961-62-kansi.jpg\",\"width\":1322,\"height\":907},{\"@type\":\"BreadcrumbList\",\"@id\":\"https:\/\/tahtocom-staging.test.cchosting.fi\/sv\/bocker-och-tidningar\/#breadcrumb\",\"itemListElement\":[{\"@type\":\"ListItem\",\"position\":1,\"name\":\"Etusivu\",\"item\":\"https:\/\/tahtocom-staging.test.cchosting.fi\/sv\/\"},{\"@type\":\"ListItem\",\"position\":2,\"name\":\"B\u00f6cker och tidningar\"}]},{\"@type\":\"WebSite\",\"@id\":\"https:\/\/tahtocom-staging.test.cchosting.fi\/#website\",\"url\":\"https:\/\/tahtocom-staging.test.cchosting.fi\/\",\"name\":\"Tahto\",\"description\":\"Uusi urheilumuseo\",\"publisher\":{\"@id\":\"https:\/\/tahtocom-staging.test.cchosting.fi\/#organization\"},\"potentialAction\":[{\"@type\":\"SearchAction\",\"target\":{\"@type\":\"EntryPoint\",\"urlTemplate\":\"https:\/\/tahtocom-staging.test.cchosting.fi\/?s={search_term_string}\"},\"query-input\":{\"@type\":\"PropertyValueSpecification\",\"valueRequired\":true,\"valueName\":\"search_term_string\"}}],\"inLanguage\":\"sv-SE\"},{\"@type\":\"Organization\",\"@id\":\"https:\/\/tahtocom-staging.test.cchosting.fi\/#organization\",\"name\":\"Tahto\",\"url\":\"https:\/\/tahtocom-staging.test.cchosting.fi\/\",\"logo\":{\"@type\":\"ImageObject\",\"inLanguage\":\"sv-SE\",\"@id\":\"https:\/\/tahtocom-staging.test.cchosting.fi\/#\/schema\/logo\/image\/\",\"url\":\"https:\/\/tahtocom-staging.test.cchosting.fi\/wp-content\/uploads\/2022\/05\/cropped-Favicon-Tahto-1.png\",\"contentUrl\":\"https:\/\/tahtocom-staging.test.cchosting.fi\/wp-content\/uploads\/2022\/05\/cropped-Favicon-Tahto-1.png\",\"width\":240,\"height\":240,\"caption\":\"Tahto\"},\"image\":{\"@id\":\"https:\/\/tahtocom-staging.test.cchosting.fi\/#\/schema\/logo\/image\/\"}}]}<\/script>\n<!-- \/ Yoast SEO plugin. -->","yoast_head_json":{"title":"B\u00f6cker och tidningar - Tahto","robots":{"index":"noindex","follow":"follow","max-snippet":"max-snippet:-1","max-image-preview":"max-image-preview:large","max-video-preview":"max-video-preview:-1"},"og_locale":"sv_SE","og_type":"article","og_title":"B\u00f6cker och tidningar - Tahto","og_url":"https:\/\/tahtocom-staging.test.cchosting.fi\/sv\/bocker-och-tidningar\/","og_site_name":"Tahto","article_modified_time":"2024-04-12T07:59:02+00:00","og_image":[{"width":1322,"height":907,"url":"https:\/\/tahtocom-staging.test.cchosting.fi\/wp-content\/uploads\/2022\/12\/1961-62-kansi.jpg","type":"image\/jpeg"}],"twitter_card":"summary_large_image","twitter_misc":{"Ber\u00e4knad l\u00e4stid":"2 minuter"},"schema":{"@context":"https:\/\/schema.org","@graph":[{"@type":"WebPage","@id":"https:\/\/tahtocom-staging.test.cchosting.fi\/sv\/bocker-och-tidningar\/","url":"https:\/\/tahtocom-staging.test.cchosting.fi\/sv\/bocker-och-tidningar\/","name":"B\u00f6cker och tidningar - Tahto","isPartOf":{"@id":"https:\/\/tahtocom-staging.test.cchosting.fi\/#website"},"primaryImageOfPage":{"@id":"https:\/\/tahtocom-staging.test.cchosting.fi\/sv\/bocker-och-tidningar\/#primaryimage"},"image":{"@id":"https:\/\/tahtocom-staging.test.cchosting.fi\/sv\/bocker-och-tidningar\/#primaryimage"},"thumbnailUrl":"https:\/\/tahtocom-staging.test.cchosting.fi\/wp-content\/uploads\/2022\/12\/1961-62-kansi.jpg","datePublished":"2022-05-27T07:54:42+00:00","dateModified":"2024-04-12T07:59:02+00:00","breadcrumb":{"@id":"https:\/\/tahtocom-staging.test.cchosting.fi\/sv\/bocker-och-tidningar\/#breadcrumb"},"inLanguage":"sv-SE","potentialAction":[{"@type":"ReadAction","target":["https:\/\/tahtocom-staging.test.cchosting.fi\/sv\/bocker-och-tidningar\/"]}]},{"@type":"ImageObject","inLanguage":"sv-SE","@id":"https:\/\/tahtocom-staging.test.cchosting.fi\/sv\/bocker-och-tidningar\/#primaryimage","url":"https:\/\/tahtocom-staging.test.cchosting.fi\/wp-content\/uploads\/2022\/12\/1961-62-kansi.jpg","contentUrl":"https:\/\/tahtocom-staging.test.cchosting.fi\/wp-content\/uploads\/2022\/12\/1961-62-kansi.jpg","width":1322,"height":907},{"@type":"BreadcrumbList","@id":"https:\/\/tahtocom-staging.test.cchosting.fi\/sv\/bocker-och-tidningar\/#breadcrumb","itemListElement":[{"@type":"ListItem","position":1,"name":"Etusivu","item":"https:\/\/tahtocom-staging.test.cchosting.fi\/sv\/"},{"@type":"ListItem","position":2,"name":"B\u00f6cker och tidningar"}]},{"@type":"WebSite","@id":"https:\/\/tahtocom-staging.test.cchosting.fi\/#website","url":"https:\/\/tahtocom-staging.test.cchosting.fi\/","name":"Tahto","description":"Uusi urheilumuseo","publisher":{"@id":"https:\/\/tahtocom-staging.test.cchosting.fi\/#organization"},"potentialAction":[{"@type":"SearchAction","target":{"@type":"EntryPoint","urlTemplate":"https:\/\/tahtocom-staging.test.cchosting.fi\/?s={search_term_string}"},"query-input":{"@type":"PropertyValueSpecification","valueRequired":true,"valueName":"search_term_string"}}],"inLanguage":"sv-SE"},{"@type":"Organization","@id":"https:\/\/tahtocom-staging.test.cchosting.fi\/#organization","name":"Tahto","url":"https:\/\/tahtocom-staging.test.cchosting.fi\/","logo":{"@type":"ImageObject","inLanguage":"sv-SE","@id":"https:\/\/tahtocom-staging.test.cchosting.fi\/#\/schema\/logo\/image\/","url":"https:\/\/tahtocom-staging.test.cchosting.fi\/wp-content\/uploads\/2022\/05\/cropped-Favicon-Tahto-1.png","contentUrl":"https:\/\/tahtocom-staging.test.cchosting.fi\/wp-content\/uploads\/2022\/05\/cropped-Favicon-Tahto-1.png","width":240,"height":240,"caption":"Tahto"},"image":{"@id":"https:\/\/tahtocom-staging.test.cchosting.fi\/#\/schema\/logo\/image\/"}}]}},"_links":{"self":[{"href":"https:\/\/tahtocom-staging.test.cchosting.fi\/sv\/wp-json\/wp\/v2\/pages\/899","targetHints":{"allow":["GET"]}}],"collection":[{"href":"https:\/\/tahtocom-staging.test.cchosting.fi\/sv\/wp-json\/wp\/v2\/pages"}],"about":[{"href":"https:\/\/tahtocom-staging.test.cchosting.fi\/sv\/wp-json\/wp\/v2\/types\/page"}],"author":[{"embeddable":true,"href":"https:\/\/tahtocom-staging.test.cchosting.fi\/sv\/wp-json\/wp\/v2\/users\/15"}],"replies":[{"embeddable":true,"href":"https:\/\/tahtocom-staging.test.cchosting.fi\/sv\/wp-json\/wp\/v2\/comments?post=899"}],"version-history":[{"count":5,"href":"https:\/\/tahtocom-staging.test.cchosting.fi\/sv\/wp-json\/wp\/v2\/pages\/899\/revisions"}],"predecessor-version":[{"id":9879,"href":"https:\/\/tahtocom-staging.test.cchosting.fi\/sv\/wp-json\/wp\/v2\/pages\/899\/revisions\/9879"}],"wp:featuredmedia":[{"embeddable":true,"href":"https:\/\/tahtocom-staging.test.cchosting.fi\/sv\/wp-json\/wp\/v2\/media\/6297"}],"wp:attachment":[{"href":"https:\/\/tahtocom-staging.test.cchosting.fi\/sv\/wp-json\/wp\/v2\/media?parent=899"}],"curies":[{"name":"wp","href":"https:\/\/api.w.org\/{rel}","templated":true}]}}