{"id":885,"date":"2022-05-17T13:46:21","date_gmt":"2022-05-17T10:46:21","guid":{"rendered":"https:\/\/tahtocom-staging.test.cchosting.fi\/?page_id=885"},"modified":"2022-05-31T16:59:21","modified_gmt":"2022-05-31T13:59:21","slug":"leverans-och-anvandningsvillkor","status":"publish","type":"page","link":"https:\/\/tahtocom-staging.test.cchosting.fi\/sv\/leverans-och-anvandningsvillkor\/","title":{"rendered":"Leverans- och anv\u00e4ndningsvillkor"},"content":{"rendered":"\n<section class=\"block block-content-wrapper container-fluid theme-gray\">\n    <div class=\"container\">\n        <div class=\"row\">\n            <div class=\"col-12 col-lg-8 offset-lg-2 col-hd-6 offset-hd-3\">\n                <main class=\"entry-content\">\n                    \n\n<h4 class=\"wp-block-heading\"><strong>LEVERANS- OCH ANV\u00c4NDNINGSVILLKOR<\/strong><\/h4>\n\n\n\n<p><strong>1)&nbsp;&nbsp;&nbsp; Leverans<\/strong><\/p>\n\n\n\n<p>Fotografier levereras via e-post som jpg-filer i A4-storlek (300 dpi-resolution).<\/p>\n\n\n\n<p><strong>2) &nbsp;&nbsp; Eng\u00e5ngsr\u00e4ttighet<\/strong><\/p>\n\n\n\n<p>Idrottsmuseet beviljar eng\u00e5ngsr\u00e4tt till fotografierna f\u00f6r \u00e4ndam\u00e5l som \u00f6verenskommits p\u00e5 f\u00f6rhand. F\u00f6r anv\u00e4ndningsr\u00e4tten debiteras en ers\u00e4ttning enligt g\u00e4llande prislista. Den beviljade eng\u00e5ngsr\u00e4tten inneb\u00e4r inte ensamr\u00e4tt, och den kan inte s\u00e4ljas eller vidarebefordras till tredje part. Upphovsr\u00e4tten \u00f6verf\u00f6rs inte till den som k\u00f6per anv\u00e4ndningsr\u00e4tt till fotografiet.<\/p>\n\n\n\n<p><strong>3) &nbsp;&nbsp; Debitering<\/strong><\/p>\n\n\n\n<p>Best\u00e4llning av bilden \u00e4r samtidigt debiteringsgrund.<\/p>\n\n\n\n<p><strong>4) &nbsp;&nbsp; Kundens ansvar och f\u00f6rpliktelser<\/strong><\/p>\n\n\n\n<p>a)&nbsp;&nbsp;&nbsp; Kunden ansvarar f\u00f6r lagligheten r\u00f6rande bildernas anv\u00e4ndningssamband och f\u00f6r anskaffande av tillst\u00e5nd och samtycke till publicering av bilderna, samt att f\u00f6lja vedertagen praxis och god sed g\u00e4llande publicering av bilderna. Likas\u00e5 ansvarar kunden f\u00f6r anskaffande av tillst\u00e5nd r\u00f6rande personer, verk och varum\u00e4rken som f\u00f6rekommer p\u00e5 bilden.<\/p>\n\n\n\n<p>b)&nbsp;&nbsp;&nbsp; F\u00f6r beviljande av anv\u00e4ndningsr\u00e4tt b\u00f6r kunden uppge bildens anv\u00e4ndningss\u00e4tt, publikation, reklammedel samt slutanv\u00e4ndare.<\/p>\n\n\n\n<p>c)&nbsp;&nbsp;&nbsp;&nbsp; \u00c5ter- eller till\u00e4ggsanv\u00e4ndning b\u00f6r meddelas Idrottsmuseet p\u00e5 f\u00f6rhand.<\/p>\n\n\n\n<p><strong>5) &nbsp;&nbsp; Anvisningar och begr\u00e4nsningar r\u00f6rande publicering av bilden<\/strong><\/p>\n\n\n\n<p>a)&nbsp;&nbsp;&nbsp; Anv\u00e4ndningen b\u00f6r alltid \u00f6verenskommas p\u00e5 f\u00f6rhand.<\/p>\n\n\n\n<p>b)&nbsp;&nbsp;&nbsp; Vid publicering av bilder b\u00f6r fotografens namn och\/eller Idrottsmuseets namn uppges som bildk\u00e4lla.<\/p>\n\n\n\n<p>c)&nbsp;&nbsp;&nbsp;&nbsp; Bilder f\u00e5r inte redigeras utan tillst\u00e5nd.<\/p>\n\n\n\n<p>d)&nbsp;&nbsp;&nbsp; Bildens maximala publiceringsstorlek p\u00e5 webbsidor \u00e4r 900\u00d71200 pixel.<\/p>\n\n\n\n<p><strong>6) &nbsp;&nbsp; Anm\u00e4rkningar<\/strong><\/p>\n\n\n\n<p>a)&nbsp;&nbsp;&nbsp; Anm\u00e4rkningar r\u00f6rande best\u00e4llningen b\u00f6r g\u00f6ras genast d\u00e5 bilderna mottagits.<\/p>\n\n\n\n<p>b)&nbsp;&nbsp;&nbsp; Digitala bildfiler b\u00f6r f\u00f6rst\u00f6ras omedelbart efter anv\u00e4ndande och f\u00e5r inte arkiveras.<\/p>\n\n\n                <\/main>\n            <\/div>\n        <\/div>\n    <\/div>\n<\/section>","protected":false},"excerpt":{"rendered":"","protected":false},"author":15,"featured_media":0,"parent":0,"menu_order":0,"comment_status":"closed","ping_status":"closed","template":"","meta":{"_acf_changed":false,"_relevanssi_hide_post":"","_relevanssi_hide_content":"","_relevanssi_pin_for_all":"","_relevanssi_pin_keywords":"","_relevanssi_unpin_keywords":"","_relevanssi_related_keywords":"","_relevanssi_related_include_ids":"","_relevanssi_related_exclude_ids":"","_relevanssi_related_no_append":"","_relevanssi_related_not_related":"","_relevanssi_related_posts":"","_relevanssi_noindex_reason":"","footnotes":""},"class_list":["post-885","page","type-page","status-publish","hentry"],"acf":[],"yoast_head":"<!-- This site is optimized with the Yoast SEO plugin v27.1.1 - https:\/\/yoast.com\/product\/yoast-seo-wordpress\/ -->\n<title>Leverans- och anv\u00e4ndningsvillkor - Tahto<\/title>\n<meta name=\"robots\" content=\"noindex, follow, max-snippet:-1, max-image-preview:large, max-video-preview:-1\" \/>\n<meta property=\"og:locale\" content=\"sv_SE\" \/>\n<meta property=\"og:type\" content=\"article\" \/>\n<meta property=\"og:title\" content=\"Leverans- och anv\u00e4ndningsvillkor - Tahto\" \/>\n<meta property=\"og:url\" content=\"https:\/\/tahto.lndo.site\/sv\/leverans-och-anvandningsvillkor\/\" \/>\n<meta property=\"og:site_name\" content=\"Tahto\" \/>\n<meta property=\"article:modified_time\" content=\"2022-05-31T13:59:21+00:00\" \/>\n<meta name=\"twitter:card\" content=\"summary_large_image\" \/>\n<meta name=\"twitter:label1\" content=\"Ber\u00e4knad l\u00e4stid\" \/>\n\t<meta name=\"twitter:data1\" content=\"2 minuter\" \/>\n<script type=\"application\/ld+json\" class=\"yoast-schema-graph\">{\"@context\":\"https:\/\/schema.org\",\"@graph\":[{\"@type\":\"WebPage\",\"@id\":\"https:\/\/tahto.lndo.site\/sv\/leverans-och-anvandningsvillkor\/\",\"url\":\"https:\/\/tahto.lndo.site\/sv\/leverans-och-anvandningsvillkor\/\",\"name\":\"Leverans- och anv\u00e4ndningsvillkor - Tahto\",\"isPartOf\":{\"@id\":\"https:\/\/tahtocom-staging.test.cchosting.fi\/#website\"},\"datePublished\":\"2022-05-17T10:46:21+00:00\",\"dateModified\":\"2022-05-31T13:59:21+00:00\",\"breadcrumb\":{\"@id\":\"https:\/\/tahto.lndo.site\/sv\/leverans-och-anvandningsvillkor\/#breadcrumb\"},\"inLanguage\":\"sv-SE\",\"potentialAction\":[{\"@type\":\"ReadAction\",\"target\":[\"https:\/\/tahto.lndo.site\/sv\/leverans-och-anvandningsvillkor\/\"]}]},{\"@type\":\"BreadcrumbList\",\"@id\":\"https:\/\/tahto.lndo.site\/sv\/leverans-och-anvandningsvillkor\/#breadcrumb\",\"itemListElement\":[{\"@type\":\"ListItem\",\"position\":1,\"name\":\"Etusivu\",\"item\":\"https:\/\/tahtocom-staging.test.cchosting.fi\/sv\/\"},{\"@type\":\"ListItem\",\"position\":2,\"name\":\"Leverans- och anv\u00e4ndningsvillkor\"}]},{\"@type\":\"WebSite\",\"@id\":\"https:\/\/tahtocom-staging.test.cchosting.fi\/#website\",\"url\":\"https:\/\/tahtocom-staging.test.cchosting.fi\/\",\"name\":\"Tahto\",\"description\":\"Uusi urheilumuseo\",\"publisher\":{\"@id\":\"https:\/\/tahtocom-staging.test.cchosting.fi\/#organization\"},\"potentialAction\":[{\"@type\":\"SearchAction\",\"target\":{\"@type\":\"EntryPoint\",\"urlTemplate\":\"https:\/\/tahtocom-staging.test.cchosting.fi\/?s={search_term_string}\"},\"query-input\":{\"@type\":\"PropertyValueSpecification\",\"valueRequired\":true,\"valueName\":\"search_term_string\"}}],\"inLanguage\":\"sv-SE\"},{\"@type\":\"Organization\",\"@id\":\"https:\/\/tahtocom-staging.test.cchosting.fi\/#organization\",\"name\":\"Tahto\",\"url\":\"https:\/\/tahtocom-staging.test.cchosting.fi\/\",\"logo\":{\"@type\":\"ImageObject\",\"inLanguage\":\"sv-SE\",\"@id\":\"https:\/\/tahtocom-staging.test.cchosting.fi\/#\/schema\/logo\/image\/\",\"url\":\"https:\/\/tahtocom-staging.test.cchosting.fi\/wp-content\/uploads\/2022\/05\/cropped-Favicon-Tahto-1.png\",\"contentUrl\":\"https:\/\/tahtocom-staging.test.cchosting.fi\/wp-content\/uploads\/2022\/05\/cropped-Favicon-Tahto-1.png\",\"width\":240,\"height\":240,\"caption\":\"Tahto\"},\"image\":{\"@id\":\"https:\/\/tahtocom-staging.test.cchosting.fi\/#\/schema\/logo\/image\/\"}}]}<\/script>\n<!-- \/ Yoast SEO plugin. -->","yoast_head_json":{"title":"Leverans- och anv\u00e4ndningsvillkor - Tahto","robots":{"index":"noindex","follow":"follow","max-snippet":"max-snippet:-1","max-image-preview":"max-image-preview:large","max-video-preview":"max-video-preview:-1"},"og_locale":"sv_SE","og_type":"article","og_title":"Leverans- och anv\u00e4ndningsvillkor - Tahto","og_url":"https:\/\/tahto.lndo.site\/sv\/leverans-och-anvandningsvillkor\/","og_site_name":"Tahto","article_modified_time":"2022-05-31T13:59:21+00:00","twitter_card":"summary_large_image","twitter_misc":{"Ber\u00e4knad l\u00e4stid":"2 minuter"},"schema":{"@context":"https:\/\/schema.org","@graph":[{"@type":"WebPage","@id":"https:\/\/tahto.lndo.site\/sv\/leverans-och-anvandningsvillkor\/","url":"https:\/\/tahto.lndo.site\/sv\/leverans-och-anvandningsvillkor\/","name":"Leverans- och anv\u00e4ndningsvillkor - Tahto","isPartOf":{"@id":"https:\/\/tahtocom-staging.test.cchosting.fi\/#website"},"datePublished":"2022-05-17T10:46:21+00:00","dateModified":"2022-05-31T13:59:21+00:00","breadcrumb":{"@id":"https:\/\/tahto.lndo.site\/sv\/leverans-och-anvandningsvillkor\/#breadcrumb"},"inLanguage":"sv-SE","potentialAction":[{"@type":"ReadAction","target":["https:\/\/tahto.lndo.site\/sv\/leverans-och-anvandningsvillkor\/"]}]},{"@type":"BreadcrumbList","@id":"https:\/\/tahto.lndo.site\/sv\/leverans-och-anvandningsvillkor\/#breadcrumb","itemListElement":[{"@type":"ListItem","position":1,"name":"Etusivu","item":"https:\/\/tahtocom-staging.test.cchosting.fi\/sv\/"},{"@type":"ListItem","position":2,"name":"Leverans- och anv\u00e4ndningsvillkor"}]},{"@type":"WebSite","@id":"https:\/\/tahtocom-staging.test.cchosting.fi\/#website","url":"https:\/\/tahtocom-staging.test.cchosting.fi\/","name":"Tahto","description":"Uusi urheilumuseo","publisher":{"@id":"https:\/\/tahtocom-staging.test.cchosting.fi\/#organization"},"potentialAction":[{"@type":"SearchAction","target":{"@type":"EntryPoint","urlTemplate":"https:\/\/tahtocom-staging.test.cchosting.fi\/?s={search_term_string}"},"query-input":{"@type":"PropertyValueSpecification","valueRequired":true,"valueName":"search_term_string"}}],"inLanguage":"sv-SE"},{"@type":"Organization","@id":"https:\/\/tahtocom-staging.test.cchosting.fi\/#organization","name":"Tahto","url":"https:\/\/tahtocom-staging.test.cchosting.fi\/","logo":{"@type":"ImageObject","inLanguage":"sv-SE","@id":"https:\/\/tahtocom-staging.test.cchosting.fi\/#\/schema\/logo\/image\/","url":"https:\/\/tahtocom-staging.test.cchosting.fi\/wp-content\/uploads\/2022\/05\/cropped-Favicon-Tahto-1.png","contentUrl":"https:\/\/tahtocom-staging.test.cchosting.fi\/wp-content\/uploads\/2022\/05\/cropped-Favicon-Tahto-1.png","width":240,"height":240,"caption":"Tahto"},"image":{"@id":"https:\/\/tahtocom-staging.test.cchosting.fi\/#\/schema\/logo\/image\/"}}]}},"_links":{"self":[{"href":"https:\/\/tahtocom-staging.test.cchosting.fi\/sv\/wp-json\/wp\/v2\/pages\/885","targetHints":{"allow":["GET"]}}],"collection":[{"href":"https:\/\/tahtocom-staging.test.cchosting.fi\/sv\/wp-json\/wp\/v2\/pages"}],"about":[{"href":"https:\/\/tahtocom-staging.test.cchosting.fi\/sv\/wp-json\/wp\/v2\/types\/page"}],"author":[{"embeddable":true,"href":"https:\/\/tahtocom-staging.test.cchosting.fi\/sv\/wp-json\/wp\/v2\/users\/15"}],"replies":[{"embeddable":true,"href":"https:\/\/tahtocom-staging.test.cchosting.fi\/sv\/wp-json\/wp\/v2\/comments?post=885"}],"version-history":[{"count":3,"href":"https:\/\/tahtocom-staging.test.cchosting.fi\/sv\/wp-json\/wp\/v2\/pages\/885\/revisions"}],"predecessor-version":[{"id":1324,"href":"https:\/\/tahtocom-staging.test.cchosting.fi\/sv\/wp-json\/wp\/v2\/pages\/885\/revisions\/1324"}],"wp:attachment":[{"href":"https:\/\/tahtocom-staging.test.cchosting.fi\/sv\/wp-json\/wp\/v2\/media?parent=885"}],"curies":[{"name":"wp","href":"https:\/\/api.w.org\/{rel}","templated":true}]}}