{"id":863,"date":"2022-05-17T11:49:45","date_gmt":"2022-05-17T08:49:45","guid":{"rendered":"https:\/\/tahtocom-staging.test.cchosting.fi\/?page_id=863"},"modified":"2023-12-22T10:42:43","modified_gmt":"2023-12-22T08:42:43","slug":"hinnasto","status":"publish","type":"page","link":"https:\/\/tahtocom-staging.test.cchosting.fi\/sv\/hinnasto\/","title":{"rendered":"Prislista"},"content":{"rendered":"\n<section class=\"block block-content-wrapper container-fluid theme-gray\">\n    <div class=\"container\">\n        <div class=\"row\">\n            <div class=\"col-12 col-lg-8 offset-lg-2 col-hd-6 offset-hd-3\">\n                <main class=\"entry-content\">\n                    \n\n<h2 class=\"wp-block-heading\">PRISLISTA<\/h2>\n\n\n\n<h4 class=\"wp-block-heading\"><strong>SAMLINGSTJ\u00c4NSTERT<\/strong><\/h4>\n\n\n\n<figure class=\"wp-block-table is-style-regular\"><table><tbody><tr><td>F\u00d6REM\u00c5LSL\u00c5N<\/td><td><br><\/td><td><\/td><td><\/td><td><\/td><td><\/td><td><\/td><td>priser fr\u00e5n 60,00 \u20ac, enligt \u00f6verenskommelse<\/td><\/tr><tr><td>BEST\u00c4LLNINGSUTST\u00c4LLNINGAR<\/td><td><\/td><td><\/td><td><\/td><td><\/td><td><\/td><td><\/td><td>enligt \u00f6verenskommelse<\/td><\/tr><tr><td>BEST\u00c4LLNINGSUTST\u00c4LLNINGAR<\/td><td><\/td><td><\/td><td><\/td><td><\/td><td><\/td><td><\/td><td>enligt \u00f6verenskommelse<\/td><\/tr><tr><td>FJ\u00c4RRL\u00c5N AV ARKIVMATERIAL<\/td><td><\/td><td><\/td><td><\/td><td><\/td><td><\/td><td><\/td><td>25,00 \u20ac + postkostnader<\/td><\/tr><tr><td>INFORMATIONSS\u00d6KNINGAR<\/td><td><\/td><td><\/td><td><\/td><td><\/td><td><\/td><td><\/td><td>59,00 \u20ac \/ timme<\/td><\/tr><tr><td>F\u00d6REL\u00c4SNINGARNA<\/td><td><\/td><td><\/td><td><\/td><td><\/td><td><\/td><td><\/td><td>95,00 \u2013 200,00 \u20ac \/ timme<\/td><\/tr><\/tbody><\/table><\/figure>\n\n\n                <\/main>\n            <\/div>\n        <\/div>\n    <\/div>\n<\/section>\n\n\n<section class=\"block block-content-wrapper container-fluid theme-blue\">\n    <div class=\"container\">\n        <div class=\"row\">\n            <div class=\"col-12 col-lg-8 offset-lg-2 col-hd-6 offset-hd-3\">\n                <main class=\"entry-content\">\n                    \n\n<h4 class=\"wp-block-heading\"><strong>DIGITALISK BILDFIL<\/strong><\/h4>\n\n\n\n<p>Priserna inkluderar leverans per e-post (300 dpi)<\/p>\n\n\n\n<figure class=\"wp-block-table is-style-regular\"><table><tbody><tr><td>A4\/A3<\/td><td><\/td><td>15,00 \u20ac<\/td><\/tr><tr><td>A2-A1<\/td><td><\/td><td>30,00 \u20ac<\/td><\/tr><tr><td>ST\u00d6RRE FORMAT, DEBITERING \/ p\u00e5b\u00f6rjad timme&nbsp;<br><br><br><\/td><td><\/td><td>59,00 \u20ac<br><br><br><\/td><\/tr><tr><td><strong>BRUKSAVGIFTER F\u00d6R FOTOGRAFIER<\/strong><\/td><td><\/td><td><\/td><\/tr><tr><td>PRISGRUPP 1<br><br>Trycksak \/ elektronisk publikation<br><br>Tio bilder eller fler<\/td><td><br><\/td><td><br><br>50,00 \u20ac<br><br>40,00 \u20ac<\/td><\/tr><tr><td>PRISGRUPP 2<br><br>Bruksavgift f\u00f6r kultur- och undervisningsinstitutioner, organisationer och f\u00f6reningar.<br><br>Tio bilder eller fler<\/td><td><\/td><td>19,00 \u20ac<br><br>15,00 \u20ac<\/td><\/tr><tr><td>ANNONS, REKLAM OCH \u00d6VRIGA BRUKS\u00c4NDAM\u00c5L<\/td><td><\/td><td>enligt \u00f6verenskommelse<\/td><\/tr><\/tbody><\/table><\/figure>\n\n\n\n<p><\/p>\n\n\n\n<p><\/p>\n\n\n\n\n<div class=\"accordion\">\n    <button class=\"toggle ingress\">\n        FOTOGRAFIER \u2013 LEVERANS- OCH ANV\u00c4NDNINGSVILLKOR    <\/button>\n    <div class=\"collapse\">\n        <div class=\"collapse-content\">\n            <p>1)\u00a0 \u00a0Leverans<\/p>\n<p>Fotografier levereras via e-post som jpg-filer i A4-storlek (300 dpi-resolution).<\/p>\n<p>2)\u00a0 \u00a0 Eng\u00e5ngsr\u00e4ttighet<\/p>\n<p>Idrottsmuseet beviljar eng\u00e5ngsr\u00e4tt till fotografierna f\u00f6r \u00e4ndam\u00e5l som \u00f6verenskommits p\u00e5 f\u00f6rhand. F\u00f6r anv\u00e4ndningsr\u00e4tten debiteras en ers\u00e4ttning enligt g\u00e4llande prislista. Den beviljade eng\u00e5ngsr\u00e4tten inneb\u00e4r inte ensamr\u00e4tt, och den kan inte s\u00e4ljas eller vidarebefordras till tredje part. Upphovsr\u00e4tten \u00f6verf\u00f6rs inte till den som k\u00f6per anv\u00e4ndningsr\u00e4tt till fotografiet.<\/p>\n<p>3)\u00a0 \u00a0Debitering<\/p>\n<p>Best\u00e4llning av bilden \u00e4r samtidigt debiteringsgrund.<\/p>\n<p>4)\u00a0 Kundens ansvar och f\u00f6rpliktelser<\/p>\n<p>a)\u00a0 Kunden ansvarar f\u00f6r lagligheten r\u00f6rande bildernas anv\u00e4ndningssamband och f\u00f6r anskaffande av tillst\u00e5nd och samtycke till publicering av bilderna, samt att f\u00f6lja vedertagen praxis och god sed g\u00e4llande publicering av bilderna. Likas\u00e5 ansvarar kunden f\u00f6r anskaffande av tillst\u00e5nd r\u00f6rande personer, verk och varum\u00e4rken som f\u00f6rekommer p\u00e5 bilden.<br \/>\nb) F\u00f6r beviljande av anv\u00e4ndningsr\u00e4tt b\u00f6r kunden uppge bildens anv\u00e4ndningss\u00e4tt, publikation, reklammedel samt slutanv\u00e4ndare.<br \/>\nc) \u00c5ter- eller till\u00e4ggsanv\u00e4ndning b\u00f6r meddelas Idrottsmuseet p\u00e5 f\u00f6rhand.<\/p>\n<p>5)\u00a0 \u00a0Anvisningar och begr\u00e4nsningar r\u00f6rande publicering av bilden<\/p>\n<p>a) Anv\u00e4ndningen b\u00f6r alltid \u00f6verenskommas p\u00e5 f\u00f6rhand.<br \/>\nb) Vid publicering av bilder b\u00f6r fotografens namn och\/eller Idrottsmuseets namn uppges som bildk\u00e4lla.<br \/>\nc) Bilder f\u00e5r inte redigeras utan tillst\u00e5nd.<br \/>\nd)Bildens maximala publiceringsstorlek p\u00e5 webbsidor \u00e4r 900\u00d71200 pixel.<\/p>\n<p>6) Anm\u00e4rkningar<\/p>\n<p>a) Anm\u00e4rkningar r\u00f6rande best\u00e4llningen b\u00f6r g\u00f6ras genast d\u00e5 bilderna mottagits.<br \/>\nb) Digitala bildfiler b\u00f6r f\u00f6rst\u00f6ras omedelbart efter anv\u00e4ndande och f\u00e5r inte arkiveras.<\/p>\n        <\/div>\n    <\/div>\n<\/div>\n\n\n                <\/main>\n            <\/div>\n        <\/div>\n    <\/div>\n<\/section>","protected":false},"excerpt":{"rendered":"","protected":false},"author":15,"featured_media":0,"parent":0,"menu_order":0,"comment_status":"closed","ping_status":"closed","template":"","meta":{"_acf_changed":false,"_relevanssi_hide_post":"","_relevanssi_hide_content":"","_relevanssi_pin_for_all":"","_relevanssi_pin_keywords":"","_relevanssi_unpin_keywords":"","_relevanssi_related_keywords":"","_relevanssi_related_include_ids":"","_relevanssi_related_exclude_ids":"","_relevanssi_related_no_append":"","_relevanssi_related_not_related":"","_relevanssi_related_posts":"","_relevanssi_noindex_reason":"","footnotes":""},"class_list":["post-863","page","type-page","status-publish","hentry"],"acf":[],"yoast_head":"<!-- This site is optimized with the Yoast SEO plugin v27.1.1 - https:\/\/yoast.com\/product\/yoast-seo-wordpress\/ -->\n<title>Prislista - Tahto<\/title>\n<meta name=\"robots\" content=\"noindex, follow, max-snippet:-1, max-image-preview:large, max-video-preview:-1\" \/>\n<meta property=\"og:locale\" content=\"sv_SE\" \/>\n<meta property=\"og:type\" content=\"article\" \/>\n<meta property=\"og:title\" content=\"Prislista - Tahto\" \/>\n<meta property=\"og:url\" content=\"https:\/\/tahto.lndo.site\/sv\/hinnasto\/\" \/>\n<meta property=\"og:site_name\" content=\"Tahto\" \/>\n<meta property=\"article:modified_time\" content=\"2023-12-22T08:42:43+00:00\" \/>\n<meta name=\"twitter:card\" content=\"summary_large_image\" \/>\n<meta name=\"twitter:label1\" content=\"Ber\u00e4knad l\u00e4stid\" \/>\n\t<meta name=\"twitter:data1\" content=\"1 minut\" \/>\n<script type=\"application\/ld+json\" class=\"yoast-schema-graph\">{\"@context\":\"https:\/\/schema.org\",\"@graph\":[{\"@type\":\"WebPage\",\"@id\":\"https:\/\/tahto.lndo.site\/sv\/hinnasto\/\",\"url\":\"https:\/\/tahto.lndo.site\/sv\/hinnasto\/\",\"name\":\"Prislista - Tahto\",\"isPartOf\":{\"@id\":\"https:\/\/tahtocom-staging.test.cchosting.fi\/#website\"},\"datePublished\":\"2022-05-17T08:49:45+00:00\",\"dateModified\":\"2023-12-22T08:42:43+00:00\",\"breadcrumb\":{\"@id\":\"https:\/\/tahto.lndo.site\/sv\/hinnasto\/#breadcrumb\"},\"inLanguage\":\"sv-SE\",\"potentialAction\":[{\"@type\":\"ReadAction\",\"target\":[\"https:\/\/tahto.lndo.site\/sv\/hinnasto\/\"]}]},{\"@type\":\"BreadcrumbList\",\"@id\":\"https:\/\/tahto.lndo.site\/sv\/hinnasto\/#breadcrumb\",\"itemListElement\":[{\"@type\":\"ListItem\",\"position\":1,\"name\":\"Etusivu\",\"item\":\"https:\/\/tahtocom-staging.test.cchosting.fi\/sv\/\"},{\"@type\":\"ListItem\",\"position\":2,\"name\":\"Prislista\"}]},{\"@type\":\"WebSite\",\"@id\":\"https:\/\/tahtocom-staging.test.cchosting.fi\/#website\",\"url\":\"https:\/\/tahtocom-staging.test.cchosting.fi\/\",\"name\":\"Tahto\",\"description\":\"Uusi urheilumuseo\",\"publisher\":{\"@id\":\"https:\/\/tahtocom-staging.test.cchosting.fi\/#organization\"},\"potentialAction\":[{\"@type\":\"SearchAction\",\"target\":{\"@type\":\"EntryPoint\",\"urlTemplate\":\"https:\/\/tahtocom-staging.test.cchosting.fi\/?s={search_term_string}\"},\"query-input\":{\"@type\":\"PropertyValueSpecification\",\"valueRequired\":true,\"valueName\":\"search_term_string\"}}],\"inLanguage\":\"sv-SE\"},{\"@type\":\"Organization\",\"@id\":\"https:\/\/tahtocom-staging.test.cchosting.fi\/#organization\",\"name\":\"Tahto\",\"url\":\"https:\/\/tahtocom-staging.test.cchosting.fi\/\",\"logo\":{\"@type\":\"ImageObject\",\"inLanguage\":\"sv-SE\",\"@id\":\"https:\/\/tahtocom-staging.test.cchosting.fi\/#\/schema\/logo\/image\/\",\"url\":\"https:\/\/tahtocom-staging.test.cchosting.fi\/wp-content\/uploads\/2022\/05\/cropped-Favicon-Tahto-1.png\",\"contentUrl\":\"https:\/\/tahtocom-staging.test.cchosting.fi\/wp-content\/uploads\/2022\/05\/cropped-Favicon-Tahto-1.png\",\"width\":240,\"height\":240,\"caption\":\"Tahto\"},\"image\":{\"@id\":\"https:\/\/tahtocom-staging.test.cchosting.fi\/#\/schema\/logo\/image\/\"}}]}<\/script>\n<!-- \/ Yoast SEO plugin. -->","yoast_head_json":{"title":"Prislista - Tahto","robots":{"index":"noindex","follow":"follow","max-snippet":"max-snippet:-1","max-image-preview":"max-image-preview:large","max-video-preview":"max-video-preview:-1"},"og_locale":"sv_SE","og_type":"article","og_title":"Prislista - Tahto","og_url":"https:\/\/tahto.lndo.site\/sv\/hinnasto\/","og_site_name":"Tahto","article_modified_time":"2023-12-22T08:42:43+00:00","twitter_card":"summary_large_image","twitter_misc":{"Ber\u00e4knad l\u00e4stid":"1 minut"},"schema":{"@context":"https:\/\/schema.org","@graph":[{"@type":"WebPage","@id":"https:\/\/tahto.lndo.site\/sv\/hinnasto\/","url":"https:\/\/tahto.lndo.site\/sv\/hinnasto\/","name":"Prislista - Tahto","isPartOf":{"@id":"https:\/\/tahtocom-staging.test.cchosting.fi\/#website"},"datePublished":"2022-05-17T08:49:45+00:00","dateModified":"2023-12-22T08:42:43+00:00","breadcrumb":{"@id":"https:\/\/tahto.lndo.site\/sv\/hinnasto\/#breadcrumb"},"inLanguage":"sv-SE","potentialAction":[{"@type":"ReadAction","target":["https:\/\/tahto.lndo.site\/sv\/hinnasto\/"]}]},{"@type":"BreadcrumbList","@id":"https:\/\/tahto.lndo.site\/sv\/hinnasto\/#breadcrumb","itemListElement":[{"@type":"ListItem","position":1,"name":"Etusivu","item":"https:\/\/tahtocom-staging.test.cchosting.fi\/sv\/"},{"@type":"ListItem","position":2,"name":"Prislista"}]},{"@type":"WebSite","@id":"https:\/\/tahtocom-staging.test.cchosting.fi\/#website","url":"https:\/\/tahtocom-staging.test.cchosting.fi\/","name":"Tahto","description":"Uusi urheilumuseo","publisher":{"@id":"https:\/\/tahtocom-staging.test.cchosting.fi\/#organization"},"potentialAction":[{"@type":"SearchAction","target":{"@type":"EntryPoint","urlTemplate":"https:\/\/tahtocom-staging.test.cchosting.fi\/?s={search_term_string}"},"query-input":{"@type":"PropertyValueSpecification","valueRequired":true,"valueName":"search_term_string"}}],"inLanguage":"sv-SE"},{"@type":"Organization","@id":"https:\/\/tahtocom-staging.test.cchosting.fi\/#organization","name":"Tahto","url":"https:\/\/tahtocom-staging.test.cchosting.fi\/","logo":{"@type":"ImageObject","inLanguage":"sv-SE","@id":"https:\/\/tahtocom-staging.test.cchosting.fi\/#\/schema\/logo\/image\/","url":"https:\/\/tahtocom-staging.test.cchosting.fi\/wp-content\/uploads\/2022\/05\/cropped-Favicon-Tahto-1.png","contentUrl":"https:\/\/tahtocom-staging.test.cchosting.fi\/wp-content\/uploads\/2022\/05\/cropped-Favicon-Tahto-1.png","width":240,"height":240,"caption":"Tahto"},"image":{"@id":"https:\/\/tahtocom-staging.test.cchosting.fi\/#\/schema\/logo\/image\/"}}]}},"_links":{"self":[{"href":"https:\/\/tahtocom-staging.test.cchosting.fi\/sv\/wp-json\/wp\/v2\/pages\/863","targetHints":{"allow":["GET"]}}],"collection":[{"href":"https:\/\/tahtocom-staging.test.cchosting.fi\/sv\/wp-json\/wp\/v2\/pages"}],"about":[{"href":"https:\/\/tahtocom-staging.test.cchosting.fi\/sv\/wp-json\/wp\/v2\/types\/page"}],"author":[{"embeddable":true,"href":"https:\/\/tahtocom-staging.test.cchosting.fi\/sv\/wp-json\/wp\/v2\/users\/15"}],"replies":[{"embeddable":true,"href":"https:\/\/tahtocom-staging.test.cchosting.fi\/sv\/wp-json\/wp\/v2\/comments?post=863"}],"version-history":[{"count":13,"href":"https:\/\/tahtocom-staging.test.cchosting.fi\/sv\/wp-json\/wp\/v2\/pages\/863\/revisions"}],"predecessor-version":[{"id":8567,"href":"https:\/\/tahtocom-staging.test.cchosting.fi\/sv\/wp-json\/wp\/v2\/pages\/863\/revisions\/8567"}],"wp:attachment":[{"href":"https:\/\/tahtocom-staging.test.cchosting.fi\/sv\/wp-json\/wp\/v2\/media?parent=863"}],"curies":[{"name":"wp","href":"https:\/\/api.w.org\/{rel}","templated":true}]}}