{"id":800,"date":"2022-05-24T15:42:36","date_gmt":"2022-05-24T12:42:36","guid":{"rendered":"https:\/\/tahtocom-staging.test.cchosting.fi\/?page_id=800"},"modified":"2023-06-27T17:00:22","modified_gmt":"2023-06-27T14:00:22","slug":"donera-till-oss","status":"publish","type":"page","link":"https:\/\/tahtocom-staging.test.cchosting.fi\/sv\/donera-till-oss\/","title":{"rendered":"Donera till oss"},"content":{"rendered":"\n<section\n    class=\"block block-hero container-fluid theme-gray \">\n    <div class=\"container\">\n        <div class=\"row block-hero-row\">\n            <div class=\"col-12 col-lg-6 text-content\">\n                <main class=\"entry-content\">\n                    \n\n<h3 class=\"wp-block-heading\">DONERA TILL OSS<\/h3>\n\n\n\n<p>Vi tar emot f\u00f6rem\u00e5l, fotografier och dokument som anknyter sig till den finl\u00e4ndska motionens och idrottens historia och nutid.<br><br>V\u00e5r uppgift \u00e4r att bevara den finl\u00e4ndska motionens och idrottens nationalsamling. Till v\u00e5ra samlingar kan anslutas material, som \u00e4r idrottshistoriskt enast\u00e5ende, eller s\u00e5dant som \u00e4r representativt f\u00f6r n\u00e5gon s\u00e4rskild gren eller n\u00e5got fenomen. Vi insamlar aktivt \u00e4ven s\u00e5dant material, som anknyter till dagens idrottsfenomen. M\u00e5ls\u00e4ttningen \u00e4r, att v\u00e5r samling \u00e5terspeglar den finl\u00e4ndska idrottens m\u00e5ngfald och idrottens betydelse f\u00f6r finl\u00e4ndarna.<br><br>Om du vill donera ditt material till oss, kontakta personalen i v\u00e5r samlingstj\u00e4nst och ber\u00e4tta mera detaljerat om det material du besitter. Relevanta uppgifter \u00e4r materialets inneh\u00e5ll, m\u00e4ngd, skick och \u00e5lder samt uppgifter som ber\u00f6r ort och anv\u00e4ndaren. Vi tar ocks\u00e5 g\u00e4rna emot fotografier av materialet.<br><br>Donationserbjudandet antecknas och minst tv\u00e5 personer besluter om godk\u00e4nnandet. Om materialet tas emot, g\u00f6rs det upp ett skriftligt avtal med donatorn.<br><br>TILL\u00c4GGSINFORMATION:<br>tahto(at)tahtocom-staging.test.cchosting.fi<br>tel. (09) 434 2250<\/p>\n\n\n                <\/main>\n            <\/div>\n                    <\/div>\n    <\/div>\n<\/section>\n\n\n<section class=\"block block-content-wrapper container-fluid theme-blue\">\n    <div class=\"container\">\n        <div class=\"row\">\n            <div class=\"col-12 col-lg-8 offset-lg-2 col-hd-6 offset-hd-3\">\n                <main class=\"entry-content\">\n                    \n\n<h5 class=\"wp-block-heading\"><strong>GRENF\u00d6RBUNDEN, F\u00d6RENINGARNA OCH \u00d6VRIGA IDROTTSORGANISATIONER<\/strong><\/h5>\n\n\n\n<p>Vi bevarar grenf\u00f6rbundens, idrottsf\u00f6reningarnas och \u00f6vriga idrottsorganisationers material, s\u00e5som protokoll, verksamhetsber\u00e4ttelser och korrespondens. Vi tar ocks\u00e5 emot matchprotokoll fr\u00e5n de h\u00f6gre serieniv\u00e5erna samt f\u00f6rem\u00e5l och fotografier som \u00e4r centrala f\u00f6r den finl\u00e4ndska idrotten.<\/p>\n\n\n\n<h5 class=\"wp-block-heading\"><strong>PERSONER<\/strong><\/h5>\n\n\n\n<p>Man kan donera till oss dokument och fotografier, som tillh\u00f6rt personer med betydande inflytande p\u00e5 den finl\u00e4ndska idrotten, s\u00e5som exempelvis idrottsledare och tr\u00e4nare. Av idrottare p\u00e5 internationell niv\u00e5 tar vi emot t\u00e4vlingsredskap, pris, utrustning, idrottskl\u00e4der, fotografier och dokument, s\u00e5som tr\u00e4ningsdagb\u00f6cker och -program, viktig e-post, korrespondens och reseber\u00e4ttelser.<\/p>\n\n\n\n<h5 class=\"wp-block-heading\"><strong>I ANSKAFFNING JUST NU<\/strong><\/h5>\n\n\n\n<p>Just nu insamlar vi s\u00e4rskilt s\u00e5dana f\u00f6rem\u00e5l, dokument och fotografier, som anknyter till fenomen inom den finl\u00e4ndska motionens och idrottens n\u00e4rhistoria.<\/p>\n\n\n                <\/main>\n            <\/div>\n        <\/div>\n    <\/div>\n<\/section>","protected":false},"excerpt":{"rendered":"","protected":false},"author":15,"featured_media":0,"parent":0,"menu_order":0,"comment_status":"closed","ping_status":"closed","template":"","meta":{"_acf_changed":false,"_relevanssi_hide_post":"","_relevanssi_hide_content":"","_relevanssi_pin_for_all":"","_relevanssi_pin_keywords":"","_relevanssi_unpin_keywords":"","_relevanssi_related_keywords":"","_relevanssi_related_include_ids":"","_relevanssi_related_exclude_ids":"","_relevanssi_related_no_append":"","_relevanssi_related_not_related":"","_relevanssi_related_posts":"","_relevanssi_noindex_reason":"","footnotes":""},"class_list":["post-800","page","type-page","status-publish","hentry"],"acf":[],"yoast_head":"<!-- This site is optimized with the Yoast SEO plugin v27.1.1 - https:\/\/yoast.com\/product\/yoast-seo-wordpress\/ -->\n<title>Donera till oss - Tahto<\/title>\n<meta name=\"robots\" content=\"noindex, follow, max-snippet:-1, max-image-preview:large, max-video-preview:-1\" \/>\n<meta property=\"og:locale\" content=\"sv_SE\" \/>\n<meta property=\"og:type\" content=\"article\" \/>\n<meta property=\"og:title\" content=\"Donera till oss - Tahto\" \/>\n<meta property=\"og:url\" content=\"https:\/\/tahto.lndo.site\/sv\/donera-till-oss\/\" \/>\n<meta property=\"og:site_name\" content=\"Tahto\" \/>\n<meta property=\"article:modified_time\" content=\"2023-06-27T14:00:22+00:00\" \/>\n<meta name=\"twitter:card\" content=\"summary_large_image\" \/>\n<meta name=\"twitter:label1\" content=\"Ber\u00e4knad l\u00e4stid\" \/>\n\t<meta name=\"twitter:data1\" content=\"2 minuter\" \/>\n<script type=\"application\/ld+json\" class=\"yoast-schema-graph\">{\"@context\":\"https:\/\/schema.org\",\"@graph\":[{\"@type\":\"WebPage\",\"@id\":\"https:\/\/tahto.lndo.site\/sv\/donera-till-oss\/\",\"url\":\"https:\/\/tahto.lndo.site\/sv\/donera-till-oss\/\",\"name\":\"Donera till oss - Tahto\",\"isPartOf\":{\"@id\":\"https:\/\/tahtocom-staging.test.cchosting.fi\/#website\"},\"datePublished\":\"2022-05-24T12:42:36+00:00\",\"dateModified\":\"2023-06-27T14:00:22+00:00\",\"breadcrumb\":{\"@id\":\"https:\/\/tahto.lndo.site\/sv\/donera-till-oss\/#breadcrumb\"},\"inLanguage\":\"sv-SE\",\"potentialAction\":[{\"@type\":\"ReadAction\",\"target\":[\"https:\/\/tahto.lndo.site\/sv\/donera-till-oss\/\"]}]},{\"@type\":\"BreadcrumbList\",\"@id\":\"https:\/\/tahto.lndo.site\/sv\/donera-till-oss\/#breadcrumb\",\"itemListElement\":[{\"@type\":\"ListItem\",\"position\":1,\"name\":\"Etusivu\",\"item\":\"https:\/\/tahtocom-staging.test.cchosting.fi\/sv\/\"},{\"@type\":\"ListItem\",\"position\":2,\"name\":\"Donera till oss\"}]},{\"@type\":\"WebSite\",\"@id\":\"https:\/\/tahtocom-staging.test.cchosting.fi\/#website\",\"url\":\"https:\/\/tahtocom-staging.test.cchosting.fi\/\",\"name\":\"Tahto\",\"description\":\"Uusi urheilumuseo\",\"publisher\":{\"@id\":\"https:\/\/tahtocom-staging.test.cchosting.fi\/#organization\"},\"potentialAction\":[{\"@type\":\"SearchAction\",\"target\":{\"@type\":\"EntryPoint\",\"urlTemplate\":\"https:\/\/tahtocom-staging.test.cchosting.fi\/?s={search_term_string}\"},\"query-input\":{\"@type\":\"PropertyValueSpecification\",\"valueRequired\":true,\"valueName\":\"search_term_string\"}}],\"inLanguage\":\"sv-SE\"},{\"@type\":\"Organization\",\"@id\":\"https:\/\/tahtocom-staging.test.cchosting.fi\/#organization\",\"name\":\"Tahto\",\"url\":\"https:\/\/tahtocom-staging.test.cchosting.fi\/\",\"logo\":{\"@type\":\"ImageObject\",\"inLanguage\":\"sv-SE\",\"@id\":\"https:\/\/tahtocom-staging.test.cchosting.fi\/#\/schema\/logo\/image\/\",\"url\":\"https:\/\/tahtocom-staging.test.cchosting.fi\/wp-content\/uploads\/2022\/05\/cropped-Favicon-Tahto-1.png\",\"contentUrl\":\"https:\/\/tahtocom-staging.test.cchosting.fi\/wp-content\/uploads\/2022\/05\/cropped-Favicon-Tahto-1.png\",\"width\":240,\"height\":240,\"caption\":\"Tahto\"},\"image\":{\"@id\":\"https:\/\/tahtocom-staging.test.cchosting.fi\/#\/schema\/logo\/image\/\"}}]}<\/script>\n<!-- \/ Yoast SEO plugin. -->","yoast_head_json":{"title":"Donera till oss - Tahto","robots":{"index":"noindex","follow":"follow","max-snippet":"max-snippet:-1","max-image-preview":"max-image-preview:large","max-video-preview":"max-video-preview:-1"},"og_locale":"sv_SE","og_type":"article","og_title":"Donera till oss - Tahto","og_url":"https:\/\/tahto.lndo.site\/sv\/donera-till-oss\/","og_site_name":"Tahto","article_modified_time":"2023-06-27T14:00:22+00:00","twitter_card":"summary_large_image","twitter_misc":{"Ber\u00e4knad l\u00e4stid":"2 minuter"},"schema":{"@context":"https:\/\/schema.org","@graph":[{"@type":"WebPage","@id":"https:\/\/tahto.lndo.site\/sv\/donera-till-oss\/","url":"https:\/\/tahto.lndo.site\/sv\/donera-till-oss\/","name":"Donera till oss - Tahto","isPartOf":{"@id":"https:\/\/tahtocom-staging.test.cchosting.fi\/#website"},"datePublished":"2022-05-24T12:42:36+00:00","dateModified":"2023-06-27T14:00:22+00:00","breadcrumb":{"@id":"https:\/\/tahto.lndo.site\/sv\/donera-till-oss\/#breadcrumb"},"inLanguage":"sv-SE","potentialAction":[{"@type":"ReadAction","target":["https:\/\/tahto.lndo.site\/sv\/donera-till-oss\/"]}]},{"@type":"BreadcrumbList","@id":"https:\/\/tahto.lndo.site\/sv\/donera-till-oss\/#breadcrumb","itemListElement":[{"@type":"ListItem","position":1,"name":"Etusivu","item":"https:\/\/tahtocom-staging.test.cchosting.fi\/sv\/"},{"@type":"ListItem","position":2,"name":"Donera till oss"}]},{"@type":"WebSite","@id":"https:\/\/tahtocom-staging.test.cchosting.fi\/#website","url":"https:\/\/tahtocom-staging.test.cchosting.fi\/","name":"Tahto","description":"Uusi urheilumuseo","publisher":{"@id":"https:\/\/tahtocom-staging.test.cchosting.fi\/#organization"},"potentialAction":[{"@type":"SearchAction","target":{"@type":"EntryPoint","urlTemplate":"https:\/\/tahtocom-staging.test.cchosting.fi\/?s={search_term_string}"},"query-input":{"@type":"PropertyValueSpecification","valueRequired":true,"valueName":"search_term_string"}}],"inLanguage":"sv-SE"},{"@type":"Organization","@id":"https:\/\/tahtocom-staging.test.cchosting.fi\/#organization","name":"Tahto","url":"https:\/\/tahtocom-staging.test.cchosting.fi\/","logo":{"@type":"ImageObject","inLanguage":"sv-SE","@id":"https:\/\/tahtocom-staging.test.cchosting.fi\/#\/schema\/logo\/image\/","url":"https:\/\/tahtocom-staging.test.cchosting.fi\/wp-content\/uploads\/2022\/05\/cropped-Favicon-Tahto-1.png","contentUrl":"https:\/\/tahtocom-staging.test.cchosting.fi\/wp-content\/uploads\/2022\/05\/cropped-Favicon-Tahto-1.png","width":240,"height":240,"caption":"Tahto"},"image":{"@id":"https:\/\/tahtocom-staging.test.cchosting.fi\/#\/schema\/logo\/image\/"}}]}},"_links":{"self":[{"href":"https:\/\/tahtocom-staging.test.cchosting.fi\/sv\/wp-json\/wp\/v2\/pages\/800","targetHints":{"allow":["GET"]}}],"collection":[{"href":"https:\/\/tahtocom-staging.test.cchosting.fi\/sv\/wp-json\/wp\/v2\/pages"}],"about":[{"href":"https:\/\/tahtocom-staging.test.cchosting.fi\/sv\/wp-json\/wp\/v2\/types\/page"}],"author":[{"embeddable":true,"href":"https:\/\/tahtocom-staging.test.cchosting.fi\/sv\/wp-json\/wp\/v2\/users\/15"}],"replies":[{"embeddable":true,"href":"https:\/\/tahtocom-staging.test.cchosting.fi\/sv\/wp-json\/wp\/v2\/comments?post=800"}],"version-history":[{"count":12,"href":"https:\/\/tahtocom-staging.test.cchosting.fi\/sv\/wp-json\/wp\/v2\/pages\/800\/revisions"}],"predecessor-version":[{"id":7561,"href":"https:\/\/tahtocom-staging.test.cchosting.fi\/sv\/wp-json\/wp\/v2\/pages\/800\/revisions\/7561"}],"wp:attachment":[{"href":"https:\/\/tahtocom-staging.test.cchosting.fi\/sv\/wp-json\/wp\/v2\/media?parent=800"}],"curies":[{"name":"wp","href":"https:\/\/api.w.org\/{rel}","templated":true}]}}