{"id":793,"date":"2022-05-16T15:19:04","date_gmt":"2022-05-16T12:19:04","guid":{"rendered":"https:\/\/tahtocom-staging.test.cchosting.fi\/?page_id=793"},"modified":"2024-04-11T13:12:45","modified_gmt":"2024-04-11T10:12:45","slug":"dokument","status":"publish","type":"page","link":"https:\/\/tahtocom-staging.test.cchosting.fi\/sv\/samlingar\/dokument\/","title":{"rendered":"Dokument"},"content":{"rendered":"\n<section class=\"block block-content-wrapper container-fluid theme-orange\">\n    <div class=\"container\">\n        <div class=\"row\">\n            <div class=\"col-12 col-lg-8 offset-lg-2 col-hd-6 offset-hd-3\">\n                <main class=\"entry-content\">\n                    \n\n<h1 class=\"wp-block-heading\"><strong>DOKUMENT<\/strong><\/h1>\n\n\n\n<p>Dokument b\u00e4r vidare information om det f\u00f6rg\u00e5ngna. I v\u00e5rt arkiv f\u00e5r du bekanta dig med dokument fr\u00e5n de finl\u00e4ndska idrottsorganisationerna och f\u00f6reningarna samt samlingar som enskilda personer donerat till Idrottsarkiv.<\/p>\n\n\n\n<div class=\"wp-block-button\"><a class=\"wp-block-button__link has-white-color has-black-background-color has-text-color has-background has-link-color wp-element-button\" href=\"https:\/\/museo.disec.fi\/Yksa4\/public\/Urheilumuseo\/\">Dokumentss\u00f6kning<\/a><\/div>\n\n\n\n<p>(Endast p\u00e5 Finska och Engelska)<\/p>\n\n\n                <\/main>\n            <\/div>\n        <\/div>\n    <\/div>\n<\/section>\n\n\n<section class=\"block block-fifty-fifty container-fluid theme-blue\">\n    <div class=\"container\">\n        <div class=\"row flex-xl-row-reverse\">\n            <div class=\"col-12 col-xl-6 d-inline-flex flex-column left-column\">\n                \n\n<img decoding=\"async\" src=\"https:\/\/tahtocom-staging.test.cchosting.fi\/wp-content\/uploads\/2024\/04\/20181011_140718-scaled.jpg\" width=\"2560\" height=\"1920\" class=\"fifty-fifty-media\" alt=\"\" loading=\"lazy\">\n                \n                            <\/div>\n            <div class=\"col-12 col-xl-6\">\n                <div\n                    class=\"h-100 d-flex flex-column justify-content-start \">\n                    <div class=\"entry-content\">\n                        \n\n<h5 class=\"wp-block-heading\"><strong><br>Best\u00e4lla och granska dokument<\/strong><\/h5>\n\n\n\n<p>En del av materialet \u00e4r digitaliserat. Referensuppgifter om samtliga material samt digitaliserade material kan studeras i dokumentss\u00f6kning.<\/p>\n\n\n\n<p>Ungef\u00e4r h\u00e4lften av arkivet finns i v\u00e5ra lokaler p\u00e5 Olympiastadion. \u00d6vrigt material m\u00e5ste alltid best\u00e4llas i f\u00f6rv\u00e4g p\u00e5 f\u00f6rhand p\u00e5 e-post eller telefon. Vi levererar material en g\u00e5ng i veckan. <\/p>\n\n\n\n<h6 class=\"wp-block-heading\"><strong>Till\u00e4ggsinformation<\/strong><\/h6>\n\n\n\n<p>Ossi Viita<br>samlingschef<br>ossi.viita(at)tahtocom-staging.test.cchosting.fi<br>tel.\u00a0044 712 9345<br><br>Teemu Vuorenp\u00e4\u00e4<br>specialist<br>teemu.vuorenpaa(at)tahtocom-staging.test.cchosting.fi<br>tel. 044 719 3643<\/p>\n\n\n                    <\/div>\n                <\/div>\n            <\/div>\n        <\/div>\n    <\/div>\n<\/section>","protected":false},"excerpt":{"rendered":"","protected":false},"author":15,"featured_media":9648,"parent":927,"menu_order":1,"comment_status":"closed","ping_status":"closed","template":"","meta":{"_acf_changed":false,"_relevanssi_hide_post":"","_relevanssi_hide_content":"","_relevanssi_pin_for_all":"","_relevanssi_pin_keywords":"","_relevanssi_unpin_keywords":"","_relevanssi_related_keywords":"","_relevanssi_related_include_ids":"","_relevanssi_related_exclude_ids":"","_relevanssi_related_no_append":"","_relevanssi_related_not_related":"","_relevanssi_related_posts":"","_relevanssi_noindex_reason":"","footnotes":""},"class_list":["post-793","page","type-page","status-publish","has-post-thumbnail","hentry"],"acf":[],"yoast_head":"<!-- This site is optimized with the Yoast SEO plugin v27.1.1 - https:\/\/yoast.com\/product\/yoast-seo-wordpress\/ -->\n<title>Dokument - Tahto<\/title>\n<meta name=\"robots\" content=\"noindex, follow, max-snippet:-1, max-image-preview:large, max-video-preview:-1\" \/>\n<meta property=\"og:locale\" content=\"sv_SE\" \/>\n<meta property=\"og:type\" content=\"article\" \/>\n<meta property=\"og:title\" content=\"Dokument - Tahto\" \/>\n<meta property=\"og:url\" content=\"https:\/\/tahtocom-staging.test.cchosting.fi\/sv\/samlingar\/dokument\/\" \/>\n<meta property=\"og:site_name\" content=\"Tahto\" \/>\n<meta property=\"article:modified_time\" content=\"2024-04-11T10:12:45+00:00\" \/>\n<meta property=\"og:image\" content=\"https:\/\/tahtocom-staging.test.cchosting.fi\/wp-content\/uploads\/2024\/04\/matkustajalistaa-jos-taittoon-tarvitaan-scaled.jpg\" \/>\n\t<meta property=\"og:image:width\" content=\"2560\" \/>\n\t<meta property=\"og:image:height\" content=\"2427\" \/>\n\t<meta property=\"og:image:type\" content=\"image\/jpeg\" \/>\n<meta name=\"twitter:card\" content=\"summary_large_image\" \/>\n<meta name=\"twitter:label1\" content=\"Ber\u00e4knad l\u00e4stid\" \/>\n\t<meta name=\"twitter:data1\" content=\"2 minuter\" \/>\n<script type=\"application\/ld+json\" class=\"yoast-schema-graph\">{\"@context\":\"https:\/\/schema.org\",\"@graph\":[{\"@type\":\"WebPage\",\"@id\":\"https:\/\/tahtocom-staging.test.cchosting.fi\/sv\/samlingar\/dokument\/\",\"url\":\"https:\/\/tahtocom-staging.test.cchosting.fi\/sv\/samlingar\/dokument\/\",\"name\":\"Dokument - Tahto\",\"isPartOf\":{\"@id\":\"https:\/\/tahtocom-staging.test.cchosting.fi\/#website\"},\"primaryImageOfPage\":{\"@id\":\"https:\/\/tahtocom-staging.test.cchosting.fi\/sv\/samlingar\/dokument\/#primaryimage\"},\"image\":{\"@id\":\"https:\/\/tahtocom-staging.test.cchosting.fi\/sv\/samlingar\/dokument\/#primaryimage\"},\"thumbnailUrl\":\"https:\/\/tahtocom-staging.test.cchosting.fi\/wp-content\/uploads\/2024\/04\/matkustajalistaa-jos-taittoon-tarvitaan-scaled.jpg\",\"datePublished\":\"2022-05-16T12:19:04+00:00\",\"dateModified\":\"2024-04-11T10:12:45+00:00\",\"breadcrumb\":{\"@id\":\"https:\/\/tahtocom-staging.test.cchosting.fi\/sv\/samlingar\/dokument\/#breadcrumb\"},\"inLanguage\":\"sv-SE\",\"potentialAction\":[{\"@type\":\"ReadAction\",\"target\":[\"https:\/\/tahtocom-staging.test.cchosting.fi\/sv\/samlingar\/dokument\/\"]}]},{\"@type\":\"ImageObject\",\"inLanguage\":\"sv-SE\",\"@id\":\"https:\/\/tahtocom-staging.test.cchosting.fi\/sv\/samlingar\/dokument\/#primaryimage\",\"url\":\"https:\/\/tahtocom-staging.test.cchosting.fi\/wp-content\/uploads\/2024\/04\/matkustajalistaa-jos-taittoon-tarvitaan-scaled.jpg\",\"contentUrl\":\"https:\/\/tahtocom-staging.test.cchosting.fi\/wp-content\/uploads\/2024\/04\/matkustajalistaa-jos-taittoon-tarvitaan-scaled.jpg\",\"width\":2560,\"height\":2427,\"caption\":\"Prinsessa Margarethan matkustajalistaa varustettuna Suomen olympiakomitean sihteerin W\u00e4in\u00f6 Solstrandin merkinn\u00f6in. TAHDON arkisto.\"},{\"@type\":\"BreadcrumbList\",\"@id\":\"https:\/\/tahtocom-staging.test.cchosting.fi\/sv\/samlingar\/dokument\/#breadcrumb\",\"itemListElement\":[{\"@type\":\"ListItem\",\"position\":1,\"name\":\"Etusivu\",\"item\":\"https:\/\/tahtocom-staging.test.cchosting.fi\/sv\/\"},{\"@type\":\"ListItem\",\"position\":2,\"name\":\"Samlingar\",\"item\":\"https:\/\/tahtocom-staging.test.cchosting.fi\/sv\/samlingar\/\"},{\"@type\":\"ListItem\",\"position\":3,\"name\":\"Dokument\"}]},{\"@type\":\"WebSite\",\"@id\":\"https:\/\/tahtocom-staging.test.cchosting.fi\/#website\",\"url\":\"https:\/\/tahtocom-staging.test.cchosting.fi\/\",\"name\":\"Tahto\",\"description\":\"Uusi urheilumuseo\",\"publisher\":{\"@id\":\"https:\/\/tahtocom-staging.test.cchosting.fi\/#organization\"},\"potentialAction\":[{\"@type\":\"SearchAction\",\"target\":{\"@type\":\"EntryPoint\",\"urlTemplate\":\"https:\/\/tahtocom-staging.test.cchosting.fi\/?s={search_term_string}\"},\"query-input\":{\"@type\":\"PropertyValueSpecification\",\"valueRequired\":true,\"valueName\":\"search_term_string\"}}],\"inLanguage\":\"sv-SE\"},{\"@type\":\"Organization\",\"@id\":\"https:\/\/tahtocom-staging.test.cchosting.fi\/#organization\",\"name\":\"Tahto\",\"url\":\"https:\/\/tahtocom-staging.test.cchosting.fi\/\",\"logo\":{\"@type\":\"ImageObject\",\"inLanguage\":\"sv-SE\",\"@id\":\"https:\/\/tahtocom-staging.test.cchosting.fi\/#\/schema\/logo\/image\/\",\"url\":\"https:\/\/tahtocom-staging.test.cchosting.fi\/wp-content\/uploads\/2022\/05\/cropped-Favicon-Tahto-1.png\",\"contentUrl\":\"https:\/\/tahtocom-staging.test.cchosting.fi\/wp-content\/uploads\/2022\/05\/cropped-Favicon-Tahto-1.png\",\"width\":240,\"height\":240,\"caption\":\"Tahto\"},\"image\":{\"@id\":\"https:\/\/tahtocom-staging.test.cchosting.fi\/#\/schema\/logo\/image\/\"}}]}<\/script>\n<!-- \/ Yoast SEO plugin. -->","yoast_head_json":{"title":"Dokument - Tahto","robots":{"index":"noindex","follow":"follow","max-snippet":"max-snippet:-1","max-image-preview":"max-image-preview:large","max-video-preview":"max-video-preview:-1"},"og_locale":"sv_SE","og_type":"article","og_title":"Dokument - Tahto","og_url":"https:\/\/tahtocom-staging.test.cchosting.fi\/sv\/samlingar\/dokument\/","og_site_name":"Tahto","article_modified_time":"2024-04-11T10:12:45+00:00","og_image":[{"width":2560,"height":2427,"url":"https:\/\/tahtocom-staging.test.cchosting.fi\/wp-content\/uploads\/2024\/04\/matkustajalistaa-jos-taittoon-tarvitaan-scaled.jpg","type":"image\/jpeg"}],"twitter_card":"summary_large_image","twitter_misc":{"Ber\u00e4knad l\u00e4stid":"2 minuter"},"schema":{"@context":"https:\/\/schema.org","@graph":[{"@type":"WebPage","@id":"https:\/\/tahtocom-staging.test.cchosting.fi\/sv\/samlingar\/dokument\/","url":"https:\/\/tahtocom-staging.test.cchosting.fi\/sv\/samlingar\/dokument\/","name":"Dokument - Tahto","isPartOf":{"@id":"https:\/\/tahtocom-staging.test.cchosting.fi\/#website"},"primaryImageOfPage":{"@id":"https:\/\/tahtocom-staging.test.cchosting.fi\/sv\/samlingar\/dokument\/#primaryimage"},"image":{"@id":"https:\/\/tahtocom-staging.test.cchosting.fi\/sv\/samlingar\/dokument\/#primaryimage"},"thumbnailUrl":"https:\/\/tahtocom-staging.test.cchosting.fi\/wp-content\/uploads\/2024\/04\/matkustajalistaa-jos-taittoon-tarvitaan-scaled.jpg","datePublished":"2022-05-16T12:19:04+00:00","dateModified":"2024-04-11T10:12:45+00:00","breadcrumb":{"@id":"https:\/\/tahtocom-staging.test.cchosting.fi\/sv\/samlingar\/dokument\/#breadcrumb"},"inLanguage":"sv-SE","potentialAction":[{"@type":"ReadAction","target":["https:\/\/tahtocom-staging.test.cchosting.fi\/sv\/samlingar\/dokument\/"]}]},{"@type":"ImageObject","inLanguage":"sv-SE","@id":"https:\/\/tahtocom-staging.test.cchosting.fi\/sv\/samlingar\/dokument\/#primaryimage","url":"https:\/\/tahtocom-staging.test.cchosting.fi\/wp-content\/uploads\/2024\/04\/matkustajalistaa-jos-taittoon-tarvitaan-scaled.jpg","contentUrl":"https:\/\/tahtocom-staging.test.cchosting.fi\/wp-content\/uploads\/2024\/04\/matkustajalistaa-jos-taittoon-tarvitaan-scaled.jpg","width":2560,"height":2427,"caption":"Prinsessa Margarethan matkustajalistaa varustettuna Suomen olympiakomitean sihteerin W\u00e4in\u00f6 Solstrandin merkinn\u00f6in. TAHDON arkisto."},{"@type":"BreadcrumbList","@id":"https:\/\/tahtocom-staging.test.cchosting.fi\/sv\/samlingar\/dokument\/#breadcrumb","itemListElement":[{"@type":"ListItem","position":1,"name":"Etusivu","item":"https:\/\/tahtocom-staging.test.cchosting.fi\/sv\/"},{"@type":"ListItem","position":2,"name":"Samlingar","item":"https:\/\/tahtocom-staging.test.cchosting.fi\/sv\/samlingar\/"},{"@type":"ListItem","position":3,"name":"Dokument"}]},{"@type":"WebSite","@id":"https:\/\/tahtocom-staging.test.cchosting.fi\/#website","url":"https:\/\/tahtocom-staging.test.cchosting.fi\/","name":"Tahto","description":"Uusi urheilumuseo","publisher":{"@id":"https:\/\/tahtocom-staging.test.cchosting.fi\/#organization"},"potentialAction":[{"@type":"SearchAction","target":{"@type":"EntryPoint","urlTemplate":"https:\/\/tahtocom-staging.test.cchosting.fi\/?s={search_term_string}"},"query-input":{"@type":"PropertyValueSpecification","valueRequired":true,"valueName":"search_term_string"}}],"inLanguage":"sv-SE"},{"@type":"Organization","@id":"https:\/\/tahtocom-staging.test.cchosting.fi\/#organization","name":"Tahto","url":"https:\/\/tahtocom-staging.test.cchosting.fi\/","logo":{"@type":"ImageObject","inLanguage":"sv-SE","@id":"https:\/\/tahtocom-staging.test.cchosting.fi\/#\/schema\/logo\/image\/","url":"https:\/\/tahtocom-staging.test.cchosting.fi\/wp-content\/uploads\/2022\/05\/cropped-Favicon-Tahto-1.png","contentUrl":"https:\/\/tahtocom-staging.test.cchosting.fi\/wp-content\/uploads\/2022\/05\/cropped-Favicon-Tahto-1.png","width":240,"height":240,"caption":"Tahto"},"image":{"@id":"https:\/\/tahtocom-staging.test.cchosting.fi\/#\/schema\/logo\/image\/"}}]}},"_links":{"self":[{"href":"https:\/\/tahtocom-staging.test.cchosting.fi\/sv\/wp-json\/wp\/v2\/pages\/793","targetHints":{"allow":["GET"]}}],"collection":[{"href":"https:\/\/tahtocom-staging.test.cchosting.fi\/sv\/wp-json\/wp\/v2\/pages"}],"about":[{"href":"https:\/\/tahtocom-staging.test.cchosting.fi\/sv\/wp-json\/wp\/v2\/types\/page"}],"author":[{"embeddable":true,"href":"https:\/\/tahtocom-staging.test.cchosting.fi\/sv\/wp-json\/wp\/v2\/users\/15"}],"replies":[{"embeddable":true,"href":"https:\/\/tahtocom-staging.test.cchosting.fi\/sv\/wp-json\/wp\/v2\/comments?post=793"}],"version-history":[{"count":12,"href":"https:\/\/tahtocom-staging.test.cchosting.fi\/sv\/wp-json\/wp\/v2\/pages\/793\/revisions"}],"predecessor-version":[{"id":9851,"href":"https:\/\/tahtocom-staging.test.cchosting.fi\/sv\/wp-json\/wp\/v2\/pages\/793\/revisions\/9851"}],"up":[{"embeddable":true,"href":"https:\/\/tahtocom-staging.test.cchosting.fi\/sv\/wp-json\/wp\/v2\/pages\/927"}],"wp:featuredmedia":[{"embeddable":true,"href":"https:\/\/tahtocom-staging.test.cchosting.fi\/sv\/wp-json\/wp\/v2\/media\/9648"}],"wp:attachment":[{"href":"https:\/\/tahtocom-staging.test.cchosting.fi\/sv\/wp-json\/wp\/v2\/media?parent=793"}],"curies":[{"name":"wp","href":"https:\/\/api.w.org\/{rel}","templated":true}]}}