{"id":4286,"date":"2022-06-21T10:18:05","date_gmt":"2022-06-21T07:18:05","guid":{"rendered":"https:\/\/tahtocom-staging.test.cchosting.fi\/tahdosta\/"},"modified":"2022-07-01T07:53:51","modified_gmt":"2022-07-01T04:53:51","slug":"tahdosta","status":"publish","type":"page","link":"https:\/\/tahtocom-staging.test.cchosting.fi\/sv\/tahdosta\/","title":{"rendered":"Om Tahto??"},"content":{"rendered":"\n<section class=\"block block-content-wrapper container-fluid theme-white\">\n    <div class=\"container\">\n        <div class=\"row\">\n            <div class=\"col-12 col-lg-8 offset-lg-2 col-hd-6 offset-hd-3\">\n                <main class=\"entry-content\">\n                    \n\n<h3 class=\"wp-block-heading\">TAHTO<\/h3>\n\n\n\n<p>Urheilun ja liikunnan kulttuurikeskus TAHDON ydin on suomalaisen urheilun ja liikunnan suuri kertomus. T\u00e4m\u00e4 kertomus s\u00e4ilyy jatkuvasti t\u00e4ydentyv\u00e4ss\u00e4, monipuolisessa ja laajassa urheilu ja liikuntakulttuurin kansalliskokoelmassa. Tahto on maailmanlaajuisesti ainutlaatuinen kokonaisuus.<\/p>\n\n\n\n<p>Tahdossa toimii yksi maailman laajimmista urheilu- ja liikunta-alan kirjastoista.<\/p>\n\n\n\n<p>Tahdossa toimiva Urheilumuseo on valtakunnallinen vastuumuseo ja alansa ainoa yleismuseo Suomessa. Urheiluarkisto toimii valtakunnallisena p\u00e4\u00e4tearkistona.<\/p>\n\n\n\n<blockquote class=\"wp-block-quote is-layout-flow wp-block-quote-is-layout-flow\"><p>35 500 esinett\u00e4<br>2 000 m arkistoja<br>30 000 kirjaa<br>500 000 valokuvaa<br>tuhansia lehtivuosikertoja<\/p><\/blockquote>\n\n\n\n<h3 class=\"wp-block-heading\">MISSIO<\/h3>\n\n\n\n<p>Avaamme rohkeasti uusia n\u00e4k\u00f6kulmia urheilun menneisyyteen, nykyisyyteen ja tulevaisuuteen. El\u00e4v\u00f6it\u00e4mme palveluillamme suomalaista kulttuuria.<\/p>\n\n\n\n<h3 class=\"wp-block-heading\">VISIO<\/h3>\n\n\n\n<p>TAHTO on aktiivinen, rohkea ja tunnettu kulttuurialan uudistaja vuonna 2025. Olemme vahva vaikuttaja urheilukulttuurin, arvostuksen sek\u00e4 urheilubr\u00e4ndin kasvussa. Palvelumme kiinnostavat ja puhuttelevat yleis\u00f6\u00e4 syv\u00e4n asiakasymm\u00e4rryksen ansiosta. Matalan kynnyksen kohteena tavoittelemme 100 000 k\u00e4vij\u00e4n vuositasoa. Toimintamme mahdollistaa jatkuvan investoinnin ja resursoinnin uuteen. T\u00e4m\u00e4 vahvistaa asemaamme valtakunnallisena vastuumuseona.<\/p>\n\n\n\n<h3 class=\"wp-block-heading\">Suomen Urheilumuseos\u00e4\u00e4ti\u00f6<\/h3>\n\n\n\n<p>Urheilun ja liikunnan kulttuurikeskus TAHTOA hallinnoi 2.3.1938 perustettu Suomen Urheilumuseos\u00e4\u00e4ti\u00f6, jonka tarkoituksena on urheilu- ja liikuntakulttuuriin liittyv\u00e4n aineiston tallentaminen, tutkimus ja n\u00e4ytteille asettaminen.<\/p>\n\n\n\n<p>Suomen Urheilumuseos\u00e4\u00e4ti\u00f6 saa toimintaansa avustusta opetus- ja kulttuuriministeri\u00f6lt\u00e4.<\/p>\n\n\n\n<figure class=\"wp-block-image aligncenter size-large\"><img loading=\"lazy\" decoding=\"async\" width=\"1024\" height=\"596\" src=\"https:\/\/tahtocom-staging.test.cchosting.fi\/wp-content\/uploads\/2022\/06\/RGB_Tahto_logot_vari_pysty_4-1-1024x596.png\" alt=\"\" class=\"wp-image-2227\" srcset=\"https:\/\/tahtocom-staging.test.cchosting.fi\/wp-content\/uploads\/2022\/06\/RGB_Tahto_logot_vari_pysty_4-1-1024x596.png 1024w, https:\/\/tahtocom-staging.test.cchosting.fi\/wp-content\/uploads\/2022\/06\/RGB_Tahto_logot_vari_pysty_4-1-300x175.png 300w, https:\/\/tahtocom-staging.test.cchosting.fi\/wp-content\/uploads\/2022\/06\/RGB_Tahto_logot_vari_pysty_4-1-768x447.png 768w, https:\/\/tahtocom-staging.test.cchosting.fi\/wp-content\/uploads\/2022\/06\/RGB_Tahto_logot_vari_pysty_4-1-1536x894.png 1536w, https:\/\/tahtocom-staging.test.cchosting.fi\/wp-content\/uploads\/2022\/06\/RGB_Tahto_logot_vari_pysty_4-1-2048x1192.png 2048w, https:\/\/tahtocom-staging.test.cchosting.fi\/wp-content\/uploads\/2022\/06\/RGB_Tahto_logot_vari_pysty_4-1-1920x1118.png 1920w, https:\/\/tahtocom-staging.test.cchosting.fi\/wp-content\/uploads\/2022\/06\/RGB_Tahto_logot_vari_pysty_4-1-560x326.png 560w\" sizes=\"auto, (max-width: 575px) 100vw, (max-width: 767px) 510px, (max-width: 991px) 290px, (max-width: 1199px) 530px, 840px\" \/><\/figure>\n\n\n                <\/main>\n            <\/div>\n        <\/div>\n    <\/div>\n<\/section>","protected":false},"excerpt":{"rendered":"","protected":false},"author":14,"featured_media":0,"parent":0,"menu_order":0,"comment_status":"closed","ping_status":"closed","template":"","meta":{"_acf_changed":false,"_relevanssi_hide_post":"","_relevanssi_hide_content":"","_relevanssi_pin_for_all":"","_relevanssi_pin_keywords":"","_relevanssi_unpin_keywords":"","_relevanssi_related_keywords":"","_relevanssi_related_include_ids":"","_relevanssi_related_exclude_ids":"","_relevanssi_related_no_append":"","_relevanssi_related_not_related":"","_relevanssi_related_posts":"","_relevanssi_noindex_reason":"","footnotes":""},"class_list":["post-4286","page","type-page","status-publish","hentry"],"acf":[],"yoast_head":"<!-- This site is optimized with the Yoast SEO plugin v27.1.1 - https:\/\/yoast.com\/product\/yoast-seo-wordpress\/ -->\n<title>Om Tahto?? - Tahto<\/title>\n<meta name=\"robots\" content=\"noindex, follow, max-snippet:-1, max-image-preview:large, max-video-preview:-1\" \/>\n<meta property=\"og:locale\" content=\"sv_SE\" \/>\n<meta property=\"og:type\" content=\"article\" \/>\n<meta property=\"og:title\" content=\"Om Tahto?? - Tahto\" \/>\n<meta property=\"og:url\" content=\"https:\/\/tahto.lndo.site\/sv\/tahdosta\/\" \/>\n<meta property=\"og:site_name\" content=\"Tahto\" \/>\n<meta property=\"article:modified_time\" content=\"2022-07-01T04:53:51+00:00\" \/>\n<meta property=\"og:image\" content=\"https:\/\/tahto.lndo.site\/wp-content\/uploads\/2022\/06\/RGB_Tahto_logot_vari_pysty_4-1-1024x596.png\" \/>\n<meta name=\"twitter:card\" content=\"summary_large_image\" \/>\n<meta name=\"twitter:label1\" content=\"Ber\u00e4knad l\u00e4stid\" \/>\n\t<meta name=\"twitter:data1\" content=\"2 minuter\" \/>\n<script type=\"application\/ld+json\" class=\"yoast-schema-graph\">{\"@context\":\"https:\/\/schema.org\",\"@graph\":[{\"@type\":\"WebPage\",\"@id\":\"https:\/\/tahto.lndo.site\/sv\/tahdosta\/\",\"url\":\"https:\/\/tahto.lndo.site\/sv\/tahdosta\/\",\"name\":\"Om Tahto?? - Tahto\",\"isPartOf\":{\"@id\":\"https:\/\/tahtocom-staging.test.cchosting.fi\/#website\"},\"primaryImageOfPage\":{\"@id\":\"https:\/\/tahto.lndo.site\/sv\/tahdosta\/#primaryimage\"},\"image\":{\"@id\":\"https:\/\/tahto.lndo.site\/sv\/tahdosta\/#primaryimage\"},\"thumbnailUrl\":\"https:\/\/tahtocom-staging.test.cchosting.fi\/wp-content\/uploads\/2022\/06\/RGB_Tahto_logot_vari_pysty_4-1-1024x596.png\",\"datePublished\":\"2022-06-21T07:18:05+00:00\",\"dateModified\":\"2022-07-01T04:53:51+00:00\",\"breadcrumb\":{\"@id\":\"https:\/\/tahto.lndo.site\/sv\/tahdosta\/#breadcrumb\"},\"inLanguage\":\"sv-SE\",\"potentialAction\":[{\"@type\":\"ReadAction\",\"target\":[\"https:\/\/tahto.lndo.site\/sv\/tahdosta\/\"]}]},{\"@type\":\"ImageObject\",\"inLanguage\":\"sv-SE\",\"@id\":\"https:\/\/tahto.lndo.site\/sv\/tahdosta\/#primaryimage\",\"url\":\"https:\/\/tahtocom-staging.test.cchosting.fi\/wp-content\/uploads\/2022\/06\/RGB_Tahto_logot_vari_pysty_4-1-1024x596.png\",\"contentUrl\":\"https:\/\/tahtocom-staging.test.cchosting.fi\/wp-content\/uploads\/2022\/06\/RGB_Tahto_logot_vari_pysty_4-1-1024x596.png\"},{\"@type\":\"BreadcrumbList\",\"@id\":\"https:\/\/tahto.lndo.site\/sv\/tahdosta\/#breadcrumb\",\"itemListElement\":[{\"@type\":\"ListItem\",\"position\":1,\"name\":\"Etusivu\",\"item\":\"https:\/\/tahtocom-staging.test.cchosting.fi\/sv\/\"},{\"@type\":\"ListItem\",\"position\":2,\"name\":\"Om Tahto??\"}]},{\"@type\":\"WebSite\",\"@id\":\"https:\/\/tahtocom-staging.test.cchosting.fi\/#website\",\"url\":\"https:\/\/tahtocom-staging.test.cchosting.fi\/\",\"name\":\"Tahto\",\"description\":\"Uusi urheilumuseo\",\"publisher\":{\"@id\":\"https:\/\/tahtocom-staging.test.cchosting.fi\/#organization\"},\"potentialAction\":[{\"@type\":\"SearchAction\",\"target\":{\"@type\":\"EntryPoint\",\"urlTemplate\":\"https:\/\/tahtocom-staging.test.cchosting.fi\/?s={search_term_string}\"},\"query-input\":{\"@type\":\"PropertyValueSpecification\",\"valueRequired\":true,\"valueName\":\"search_term_string\"}}],\"inLanguage\":\"sv-SE\"},{\"@type\":\"Organization\",\"@id\":\"https:\/\/tahtocom-staging.test.cchosting.fi\/#organization\",\"name\":\"Tahto\",\"url\":\"https:\/\/tahtocom-staging.test.cchosting.fi\/\",\"logo\":{\"@type\":\"ImageObject\",\"inLanguage\":\"sv-SE\",\"@id\":\"https:\/\/tahtocom-staging.test.cchosting.fi\/#\/schema\/logo\/image\/\",\"url\":\"https:\/\/tahtocom-staging.test.cchosting.fi\/wp-content\/uploads\/2022\/05\/cropped-Favicon-Tahto-1.png\",\"contentUrl\":\"https:\/\/tahtocom-staging.test.cchosting.fi\/wp-content\/uploads\/2022\/05\/cropped-Favicon-Tahto-1.png\",\"width\":240,\"height\":240,\"caption\":\"Tahto\"},\"image\":{\"@id\":\"https:\/\/tahtocom-staging.test.cchosting.fi\/#\/schema\/logo\/image\/\"}}]}<\/script>\n<!-- \/ Yoast SEO plugin. -->","yoast_head_json":{"title":"Om Tahto?? - Tahto","robots":{"index":"noindex","follow":"follow","max-snippet":"max-snippet:-1","max-image-preview":"max-image-preview:large","max-video-preview":"max-video-preview:-1"},"og_locale":"sv_SE","og_type":"article","og_title":"Om Tahto?? - Tahto","og_url":"https:\/\/tahto.lndo.site\/sv\/tahdosta\/","og_site_name":"Tahto","article_modified_time":"2022-07-01T04:53:51+00:00","og_image":[{"url":"https:\/\/tahto.lndo.site\/wp-content\/uploads\/2022\/06\/RGB_Tahto_logot_vari_pysty_4-1-1024x596.png","type":"","width":"","height":""}],"twitter_card":"summary_large_image","twitter_misc":{"Ber\u00e4knad l\u00e4stid":"2 minuter"},"schema":{"@context":"https:\/\/schema.org","@graph":[{"@type":"WebPage","@id":"https:\/\/tahto.lndo.site\/sv\/tahdosta\/","url":"https:\/\/tahto.lndo.site\/sv\/tahdosta\/","name":"Om Tahto?? - Tahto","isPartOf":{"@id":"https:\/\/tahtocom-staging.test.cchosting.fi\/#website"},"primaryImageOfPage":{"@id":"https:\/\/tahto.lndo.site\/sv\/tahdosta\/#primaryimage"},"image":{"@id":"https:\/\/tahto.lndo.site\/sv\/tahdosta\/#primaryimage"},"thumbnailUrl":"https:\/\/tahtocom-staging.test.cchosting.fi\/wp-content\/uploads\/2022\/06\/RGB_Tahto_logot_vari_pysty_4-1-1024x596.png","datePublished":"2022-06-21T07:18:05+00:00","dateModified":"2022-07-01T04:53:51+00:00","breadcrumb":{"@id":"https:\/\/tahto.lndo.site\/sv\/tahdosta\/#breadcrumb"},"inLanguage":"sv-SE","potentialAction":[{"@type":"ReadAction","target":["https:\/\/tahto.lndo.site\/sv\/tahdosta\/"]}]},{"@type":"ImageObject","inLanguage":"sv-SE","@id":"https:\/\/tahto.lndo.site\/sv\/tahdosta\/#primaryimage","url":"https:\/\/tahtocom-staging.test.cchosting.fi\/wp-content\/uploads\/2022\/06\/RGB_Tahto_logot_vari_pysty_4-1-1024x596.png","contentUrl":"https:\/\/tahtocom-staging.test.cchosting.fi\/wp-content\/uploads\/2022\/06\/RGB_Tahto_logot_vari_pysty_4-1-1024x596.png"},{"@type":"BreadcrumbList","@id":"https:\/\/tahto.lndo.site\/sv\/tahdosta\/#breadcrumb","itemListElement":[{"@type":"ListItem","position":1,"name":"Etusivu","item":"https:\/\/tahtocom-staging.test.cchosting.fi\/sv\/"},{"@type":"ListItem","position":2,"name":"Om Tahto??"}]},{"@type":"WebSite","@id":"https:\/\/tahtocom-staging.test.cchosting.fi\/#website","url":"https:\/\/tahtocom-staging.test.cchosting.fi\/","name":"Tahto","description":"Uusi urheilumuseo","publisher":{"@id":"https:\/\/tahtocom-staging.test.cchosting.fi\/#organization"},"potentialAction":[{"@type":"SearchAction","target":{"@type":"EntryPoint","urlTemplate":"https:\/\/tahtocom-staging.test.cchosting.fi\/?s={search_term_string}"},"query-input":{"@type":"PropertyValueSpecification","valueRequired":true,"valueName":"search_term_string"}}],"inLanguage":"sv-SE"},{"@type":"Organization","@id":"https:\/\/tahtocom-staging.test.cchosting.fi\/#organization","name":"Tahto","url":"https:\/\/tahtocom-staging.test.cchosting.fi\/","logo":{"@type":"ImageObject","inLanguage":"sv-SE","@id":"https:\/\/tahtocom-staging.test.cchosting.fi\/#\/schema\/logo\/image\/","url":"https:\/\/tahtocom-staging.test.cchosting.fi\/wp-content\/uploads\/2022\/05\/cropped-Favicon-Tahto-1.png","contentUrl":"https:\/\/tahtocom-staging.test.cchosting.fi\/wp-content\/uploads\/2022\/05\/cropped-Favicon-Tahto-1.png","width":240,"height":240,"caption":"Tahto"},"image":{"@id":"https:\/\/tahtocom-staging.test.cchosting.fi\/#\/schema\/logo\/image\/"}}]}},"_links":{"self":[{"href":"https:\/\/tahtocom-staging.test.cchosting.fi\/sv\/wp-json\/wp\/v2\/pages\/4286","targetHints":{"allow":["GET"]}}],"collection":[{"href":"https:\/\/tahtocom-staging.test.cchosting.fi\/sv\/wp-json\/wp\/v2\/pages"}],"about":[{"href":"https:\/\/tahtocom-staging.test.cchosting.fi\/sv\/wp-json\/wp\/v2\/types\/page"}],"author":[{"embeddable":true,"href":"https:\/\/tahtocom-staging.test.cchosting.fi\/sv\/wp-json\/wp\/v2\/users\/14"}],"replies":[{"embeddable":true,"href":"https:\/\/tahtocom-staging.test.cchosting.fi\/sv\/wp-json\/wp\/v2\/comments?post=4286"}],"version-history":[{"count":1,"href":"https:\/\/tahtocom-staging.test.cchosting.fi\/sv\/wp-json\/wp\/v2\/pages\/4286\/revisions"}],"predecessor-version":[{"id":4288,"href":"https:\/\/tahtocom-staging.test.cchosting.fi\/sv\/wp-json\/wp\/v2\/pages\/4286\/revisions\/4288"}],"wp:attachment":[{"href":"https:\/\/tahtocom-staging.test.cchosting.fi\/sv\/wp-json\/wp\/v2\/media?parent=4286"}],"curies":[{"name":"wp","href":"https:\/\/api.w.org\/{rel}","templated":true}]}}