{"id":4198,"date":"2022-06-30T11:13:14","date_gmt":"2022-06-30T08:13:14","guid":{"rendered":"https:\/\/tahtocom-staging.test.cchosting.fi\/saavutettavuus\/"},"modified":"2024-02-08T14:29:39","modified_gmt":"2024-02-08T12:29:39","slug":"tillganglighet","status":"publish","type":"page","link":"https:\/\/tahtocom-staging.test.cchosting.fi\/sv\/tillganglighet\/","title":{"rendered":"Tillg\u00e4nglighet och tj\u00e4nster"},"content":{"rendered":"\n<section class=\"block block-content-wrapper container-fluid theme-white\">\n    <div class=\"container\">\n        <div class=\"row\">\n            <div class=\"col-12 col-lg-8 offset-lg-2 col-hd-6 offset-hd-3\">\n                <main class=\"entry-content\">\n                    \n\n<h2 class=\"wp-block-heading\">Tillg\u00e4nglighet och tj\u00e4nster<\/h2>\n\n\n\n<p><\/p>\n\n\n\n<p><img loading=\"lazy\" decoding=\"async\" width=\"100\" height=\"100\" class=\"wp-image-4171\" style=\"width: 100px;\" src=\"https:\/\/tahtocom-staging.test.cchosting.fi\/wp-content\/uploads\/2022\/06\/isa_pieni.jpg\" alt=\"\"><\/p>\n\n\n\n<p>Ing\u00e5ng till TAHTO samt TAHTOs utrymmen \u00e4r obehindrade.<\/p>\n\n\n\n<p><img loading=\"lazy\" decoding=\"async\" width=\"100\" height=\"93\" class=\"wp-image-4165\" style=\"width: 100px;\" src=\"https:\/\/tahtocom-staging.test.cchosting.fi\/wp-content\/uploads\/2022\/06\/esteeton_pysakointi_pieni.jpg\" alt=\"\"><\/p>\n\n\n\n<p>P\u00e5 TAHTOs v\u00e4stra sida finns parkeringsplatser reserverade f\u00f6r dem som innehar parkeringstillst\u00e5nd f\u00f6r r\u00f6relsehindrade.<\/p>\n\n\n\n<p><img loading=\"lazy\" decoding=\"async\" width=\"100\" height=\"93\" class=\"wp-image-4178\" style=\"width: 100px;\" src=\"https:\/\/tahtocom-staging.test.cchosting.fi\/wp-content\/uploads\/2022\/06\/avustavat_koirat_pieni.jpg\" alt=\"\"><\/p>\n\n\n\n<p>Guide- och assistenshundar \u00e4r v\u00e4lkomna i TAHTO.<\/p>\n\n\n\n<p><img loading=\"lazy\" decoding=\"async\" width=\"100\" height=\"94\" class=\"wp-image-4137\" style=\"width: 100px;\" src=\"https:\/\/tahtocom-staging.test.cchosting.fi\/wp-content\/uploads\/2022\/06\/saavutettavuus_invawc.jpg\" alt=\"\"><\/p>\n\n\n\n<p>I v\u00e5ra utrymmen finns obehindrad toalett. Den befinner sig till h\u00f6ger efter ing\u00e5ngen.<\/p>\n\n\n\n<p><img loading=\"lazy\" decoding=\"async\" width=\"100\" height=\"92\" class=\"wp-image-4358\" style=\"width: 100px;\" src=\"https:\/\/tahtocom-staging.test.cchosting.fi\/wp-content\/uploads\/2022\/07\/wc.jpg\" alt=\"\"><\/p>\n\n\n\n<p>Toaletter f\u00f6r kvinnor och m\u00e4n samt k\u00f6nsneutrala toaletter finns till h\u00f6ger efter ing\u00e5ngen.<\/p>\n\n\n\n<p><img loading=\"lazy\" decoding=\"async\" width=\"100\" height=\"100\" class=\"wp-image-4334\" style=\"width: 100px;\" src=\"https:\/\/tahtocom-staging.test.cchosting.fi\/wp-content\/uploads\/2022\/07\/Lastenhoitohuone2.jpg\" alt=\"\" srcset=\"https:\/\/tahtocom-staging.test.cchosting.fi\/wp-content\/uploads\/2022\/07\/Lastenhoitohuone2.jpg 400w, https:\/\/tahtocom-staging.test.cchosting.fi\/wp-content\/uploads\/2022\/07\/Lastenhoitohuone2-300x300.jpg 300w, https:\/\/tahtocom-staging.test.cchosting.fi\/wp-content\/uploads\/2022\/07\/Lastenhoitohuone2-150x150.jpg 150w\" sizes=\"auto, 100px\" \/><\/p>\n\n\n\n<p>I obehindrade WC:n finns ett sk\u00f6tselbord.<\/p>\n\n\n\n<p><img loading=\"lazy\" decoding=\"async\" width=\"100\" height=\"94\" class=\"wp-image-4131\" style=\"width: 100px;\" src=\"https:\/\/tahtocom-staging.test.cchosting.fi\/wp-content\/uploads\/2022\/06\/saavutettavuus_naulakko.jpg\" alt=\"\"> <img loading=\"lazy\" decoding=\"async\" width=\"94\" height=\"94\" class=\"wp-image-4352\" style=\"width: 94px;\" src=\"https:\/\/tahtocom-staging.test.cchosting.fi\/wp-content\/uploads\/2022\/07\/Sailytyslokerot.jpg\" alt=\"\" srcset=\"https:\/\/tahtocom-staging.test.cchosting.fi\/wp-content\/uploads\/2022\/07\/Sailytyslokerot.jpg 400w, https:\/\/tahtocom-staging.test.cchosting.fi\/wp-content\/uploads\/2022\/07\/Sailytyslokerot-300x300.jpg 300w, https:\/\/tahtocom-staging.test.cchosting.fi\/wp-content\/uploads\/2022\/07\/Sailytyslokerot-150x150.jpg 150w\" sizes=\"auto, 94px\" \/><\/p>\n\n\n\n<p>Garderoben och l\u00e5sf\u00f6rsedda f\u00f6rvaringsfack finns i v\u00e4nster efter ing\u00e5ngen.<\/p>\n\n\n\n<p><img loading=\"lazy\" decoding=\"async\" width=\"100\" height=\"93\" class=\"wp-image-4366\" style=\"width: 100px;\" src=\"https:\/\/tahtocom-staging.test.cchosting.fi\/wp-content\/uploads\/2022\/07\/kirjakauppa.jpg\" alt=\"\"><\/p>\n\n\n\n<p>Butiken TAHTO Shop finns i n\u00e4rheten av biljettkassan. Butiken s\u00e4ljer olika present, kl\u00e4der, b\u00f6cker och souvenirer.<\/p>\n\n\n\n<p><img loading=\"lazy\" decoding=\"async\" width=\"100\" height=\"90\" class=\"wp-image-4186\" style=\"width: 100px;\" src=\"https:\/\/tahtocom-staging.test.cchosting.fi\/wp-content\/uploads\/2022\/06\/kahvila_pieni.jpg\" alt=\"\"><\/p>\n\n\n\n<p>Den n\u00e4rmaste restaurangen \u00e4r <a href=\"https:\/\/www.stadion.fi\/sv\/besok-stadion\/bistro-stadion\">Bistro Stadion<\/a> i Olympiastadion.<\/p>\n\n\n\n<p><img loading=\"lazy\" decoding=\"async\" width=\"100\" height=\"92\" class=\"wp-image-4369\" style=\"width: 100px;\" src=\"https:\/\/tahtocom-staging.test.cchosting.fi\/wp-content\/uploads\/2022\/07\/opastus.jpg\" alt=\"\"><\/p>\n\n\n\n<p>Vi erbjuder guidningar p\u00e5 finska, svenska och engelska. <a href=\"https:\/\/tahtocom-staging.test.cchosting.fi\/sv\/guidningar-for-grupper\/\">L\u00e4s mer och boka guidningen h\u00e4r.<\/a><\/p>\n\n\n\n<h6 class=\"wp-block-heading\">Mer information om tillg\u00e4nglighet och tj\u00e4nster<\/h6>\n\n\n\n<p>tahto@tahtocom-staging.test.cchosting.fi<br><\/p>\n\n\n                <\/main>\n            <\/div>\n        <\/div>\n    <\/div>\n<\/section>","protected":false},"excerpt":{"rendered":"","protected":false},"author":11,"featured_media":0,"parent":0,"menu_order":0,"comment_status":"closed","ping_status":"closed","template":"","meta":{"_acf_changed":false,"_relevanssi_hide_post":"","_relevanssi_hide_content":"","_relevanssi_pin_for_all":"","_relevanssi_pin_keywords":"","_relevanssi_unpin_keywords":"","_relevanssi_related_keywords":"","_relevanssi_related_include_ids":"","_relevanssi_related_exclude_ids":"","_relevanssi_related_no_append":"","_relevanssi_related_not_related":"","_relevanssi_related_posts":"","_relevanssi_noindex_reason":"","footnotes":""},"class_list":["post-4198","page","type-page","status-publish","hentry"],"acf":[],"yoast_head":"<!-- This site is optimized with the Yoast SEO plugin v27.1.1 - https:\/\/yoast.com\/product\/yoast-seo-wordpress\/ -->\n<title>Tillg\u00e4nglighet och tj\u00e4nster - Tahto<\/title>\n<meta name=\"robots\" content=\"noindex, follow, max-snippet:-1, max-image-preview:large, max-video-preview:-1\" \/>\n<meta property=\"og:locale\" content=\"sv_SE\" \/>\n<meta property=\"og:type\" content=\"article\" \/>\n<meta property=\"og:title\" content=\"Tillg\u00e4nglighet och tj\u00e4nster - Tahto\" \/>\n<meta property=\"og:url\" content=\"https:\/\/tahto.lndo.site\/sv\/tillganglighet\/\" \/>\n<meta property=\"og:site_name\" content=\"Tahto\" \/>\n<meta property=\"article:modified_time\" content=\"2024-02-08T12:29:39+00:00\" \/>\n<meta property=\"og:image\" content=\"https:\/\/tahto.lndo.site\/wp-content\/uploads\/2022\/06\/isa_pieni.jpg\" \/>\n<meta name=\"twitter:card\" content=\"summary_large_image\" \/>\n<meta name=\"twitter:label1\" content=\"Ber\u00e4knad l\u00e4stid\" \/>\n\t<meta name=\"twitter:data1\" content=\"6 minuter\" \/>\n<script type=\"application\/ld+json\" class=\"yoast-schema-graph\">{\"@context\":\"https:\/\/schema.org\",\"@graph\":[{\"@type\":\"WebPage\",\"@id\":\"https:\/\/tahto.lndo.site\/sv\/tillganglighet\/\",\"url\":\"https:\/\/tahto.lndo.site\/sv\/tillganglighet\/\",\"name\":\"Tillg\u00e4nglighet och tj\u00e4nster - Tahto\",\"isPartOf\":{\"@id\":\"https:\/\/tahtocom-staging.test.cchosting.fi\/#website\"},\"primaryImageOfPage\":{\"@id\":\"https:\/\/tahto.lndo.site\/sv\/tillganglighet\/#primaryimage\"},\"image\":{\"@id\":\"https:\/\/tahto.lndo.site\/sv\/tillganglighet\/#primaryimage\"},\"thumbnailUrl\":\"https:\/\/tahtocom-staging.test.cchosting.fi\/wp-content\/uploads\/2022\/06\/isa_pieni.jpg\",\"datePublished\":\"2022-06-30T08:13:14+00:00\",\"dateModified\":\"2024-02-08T12:29:39+00:00\",\"breadcrumb\":{\"@id\":\"https:\/\/tahto.lndo.site\/sv\/tillganglighet\/#breadcrumb\"},\"inLanguage\":\"sv-SE\",\"potentialAction\":[{\"@type\":\"ReadAction\",\"target\":[\"https:\/\/tahto.lndo.site\/sv\/tillganglighet\/\"]}]},{\"@type\":\"ImageObject\",\"inLanguage\":\"sv-SE\",\"@id\":\"https:\/\/tahto.lndo.site\/sv\/tillganglighet\/#primaryimage\",\"url\":\"https:\/\/tahtocom-staging.test.cchosting.fi\/wp-content\/uploads\/2022\/06\/isa_pieni.jpg\",\"contentUrl\":\"https:\/\/tahtocom-staging.test.cchosting.fi\/wp-content\/uploads\/2022\/06\/isa_pieni.jpg\"},{\"@type\":\"BreadcrumbList\",\"@id\":\"https:\/\/tahto.lndo.site\/sv\/tillganglighet\/#breadcrumb\",\"itemListElement\":[{\"@type\":\"ListItem\",\"position\":1,\"name\":\"Etusivu\",\"item\":\"https:\/\/tahtocom-staging.test.cchosting.fi\/sv\/\"},{\"@type\":\"ListItem\",\"position\":2,\"name\":\"Tillg\u00e4nglighet och tj\u00e4nster\"}]},{\"@type\":\"WebSite\",\"@id\":\"https:\/\/tahtocom-staging.test.cchosting.fi\/#website\",\"url\":\"https:\/\/tahtocom-staging.test.cchosting.fi\/\",\"name\":\"Tahto\",\"description\":\"Uusi urheilumuseo\",\"publisher\":{\"@id\":\"https:\/\/tahtocom-staging.test.cchosting.fi\/#organization\"},\"potentialAction\":[{\"@type\":\"SearchAction\",\"target\":{\"@type\":\"EntryPoint\",\"urlTemplate\":\"https:\/\/tahtocom-staging.test.cchosting.fi\/?s={search_term_string}\"},\"query-input\":{\"@type\":\"PropertyValueSpecification\",\"valueRequired\":true,\"valueName\":\"search_term_string\"}}],\"inLanguage\":\"sv-SE\"},{\"@type\":\"Organization\",\"@id\":\"https:\/\/tahtocom-staging.test.cchosting.fi\/#organization\",\"name\":\"Tahto\",\"url\":\"https:\/\/tahtocom-staging.test.cchosting.fi\/\",\"logo\":{\"@type\":\"ImageObject\",\"inLanguage\":\"sv-SE\",\"@id\":\"https:\/\/tahtocom-staging.test.cchosting.fi\/#\/schema\/logo\/image\/\",\"url\":\"https:\/\/tahtocom-staging.test.cchosting.fi\/wp-content\/uploads\/2022\/05\/cropped-Favicon-Tahto-1.png\",\"contentUrl\":\"https:\/\/tahtocom-staging.test.cchosting.fi\/wp-content\/uploads\/2022\/05\/cropped-Favicon-Tahto-1.png\",\"width\":240,\"height\":240,\"caption\":\"Tahto\"},\"image\":{\"@id\":\"https:\/\/tahtocom-staging.test.cchosting.fi\/#\/schema\/logo\/image\/\"}}]}<\/script>\n<!-- \/ Yoast SEO plugin. -->","yoast_head_json":{"title":"Tillg\u00e4nglighet och tj\u00e4nster - Tahto","robots":{"index":"noindex","follow":"follow","max-snippet":"max-snippet:-1","max-image-preview":"max-image-preview:large","max-video-preview":"max-video-preview:-1"},"og_locale":"sv_SE","og_type":"article","og_title":"Tillg\u00e4nglighet och tj\u00e4nster - Tahto","og_url":"https:\/\/tahto.lndo.site\/sv\/tillganglighet\/","og_site_name":"Tahto","article_modified_time":"2024-02-08T12:29:39+00:00","og_image":[{"url":"https:\/\/tahto.lndo.site\/wp-content\/uploads\/2022\/06\/isa_pieni.jpg","type":"","width":"","height":""}],"twitter_card":"summary_large_image","twitter_misc":{"Ber\u00e4knad l\u00e4stid":"6 minuter"},"schema":{"@context":"https:\/\/schema.org","@graph":[{"@type":"WebPage","@id":"https:\/\/tahto.lndo.site\/sv\/tillganglighet\/","url":"https:\/\/tahto.lndo.site\/sv\/tillganglighet\/","name":"Tillg\u00e4nglighet och tj\u00e4nster - Tahto","isPartOf":{"@id":"https:\/\/tahtocom-staging.test.cchosting.fi\/#website"},"primaryImageOfPage":{"@id":"https:\/\/tahto.lndo.site\/sv\/tillganglighet\/#primaryimage"},"image":{"@id":"https:\/\/tahto.lndo.site\/sv\/tillganglighet\/#primaryimage"},"thumbnailUrl":"https:\/\/tahtocom-staging.test.cchosting.fi\/wp-content\/uploads\/2022\/06\/isa_pieni.jpg","datePublished":"2022-06-30T08:13:14+00:00","dateModified":"2024-02-08T12:29:39+00:00","breadcrumb":{"@id":"https:\/\/tahto.lndo.site\/sv\/tillganglighet\/#breadcrumb"},"inLanguage":"sv-SE","potentialAction":[{"@type":"ReadAction","target":["https:\/\/tahto.lndo.site\/sv\/tillganglighet\/"]}]},{"@type":"ImageObject","inLanguage":"sv-SE","@id":"https:\/\/tahto.lndo.site\/sv\/tillganglighet\/#primaryimage","url":"https:\/\/tahtocom-staging.test.cchosting.fi\/wp-content\/uploads\/2022\/06\/isa_pieni.jpg","contentUrl":"https:\/\/tahtocom-staging.test.cchosting.fi\/wp-content\/uploads\/2022\/06\/isa_pieni.jpg"},{"@type":"BreadcrumbList","@id":"https:\/\/tahto.lndo.site\/sv\/tillganglighet\/#breadcrumb","itemListElement":[{"@type":"ListItem","position":1,"name":"Etusivu","item":"https:\/\/tahtocom-staging.test.cchosting.fi\/sv\/"},{"@type":"ListItem","position":2,"name":"Tillg\u00e4nglighet och tj\u00e4nster"}]},{"@type":"WebSite","@id":"https:\/\/tahtocom-staging.test.cchosting.fi\/#website","url":"https:\/\/tahtocom-staging.test.cchosting.fi\/","name":"Tahto","description":"Uusi urheilumuseo","publisher":{"@id":"https:\/\/tahtocom-staging.test.cchosting.fi\/#organization"},"potentialAction":[{"@type":"SearchAction","target":{"@type":"EntryPoint","urlTemplate":"https:\/\/tahtocom-staging.test.cchosting.fi\/?s={search_term_string}"},"query-input":{"@type":"PropertyValueSpecification","valueRequired":true,"valueName":"search_term_string"}}],"inLanguage":"sv-SE"},{"@type":"Organization","@id":"https:\/\/tahtocom-staging.test.cchosting.fi\/#organization","name":"Tahto","url":"https:\/\/tahtocom-staging.test.cchosting.fi\/","logo":{"@type":"ImageObject","inLanguage":"sv-SE","@id":"https:\/\/tahtocom-staging.test.cchosting.fi\/#\/schema\/logo\/image\/","url":"https:\/\/tahtocom-staging.test.cchosting.fi\/wp-content\/uploads\/2022\/05\/cropped-Favicon-Tahto-1.png","contentUrl":"https:\/\/tahtocom-staging.test.cchosting.fi\/wp-content\/uploads\/2022\/05\/cropped-Favicon-Tahto-1.png","width":240,"height":240,"caption":"Tahto"},"image":{"@id":"https:\/\/tahtocom-staging.test.cchosting.fi\/#\/schema\/logo\/image\/"}}]}},"_links":{"self":[{"href":"https:\/\/tahtocom-staging.test.cchosting.fi\/sv\/wp-json\/wp\/v2\/pages\/4198","targetHints":{"allow":["GET"]}}],"collection":[{"href":"https:\/\/tahtocom-staging.test.cchosting.fi\/sv\/wp-json\/wp\/v2\/pages"}],"about":[{"href":"https:\/\/tahtocom-staging.test.cchosting.fi\/sv\/wp-json\/wp\/v2\/types\/page"}],"author":[{"embeddable":true,"href":"https:\/\/tahtocom-staging.test.cchosting.fi\/sv\/wp-json\/wp\/v2\/users\/11"}],"replies":[{"embeddable":true,"href":"https:\/\/tahtocom-staging.test.cchosting.fi\/sv\/wp-json\/wp\/v2\/comments?post=4198"}],"version-history":[{"count":5,"href":"https:\/\/tahtocom-staging.test.cchosting.fi\/sv\/wp-json\/wp\/v2\/pages\/4198\/revisions"}],"predecessor-version":[{"id":9284,"href":"https:\/\/tahtocom-staging.test.cchosting.fi\/sv\/wp-json\/wp\/v2\/pages\/4198\/revisions\/9284"}],"wp:attachment":[{"href":"https:\/\/tahtocom-staging.test.cchosting.fi\/sv\/wp-json\/wp\/v2\/media?parent=4198"}],"curies":[{"name":"wp","href":"https:\/\/api.w.org\/{rel}","templated":true}]}}