{"id":3734,"date":"2022-06-20T10:45:25","date_gmt":"2022-06-20T07:45:25","guid":{"rendered":"https:\/\/tahtocom-staging.test.cchosting.fi\/?page_id=3734"},"modified":"2024-02-07T10:25:01","modified_gmt":"2024-02-07T08:25:01","slug":"guidade-rundturer","status":"publish","type":"page","link":"https:\/\/tahtocom-staging.test.cchosting.fi\/sv\/guidade-rundturer\/","title":{"rendered":"Guidade rundturer"},"content":{"rendered":"\n<section class=\"block block-content-wrapper container-fluid theme-white\">\n    <div class=\"container\">\n        <div class=\"row\">\n            <div class=\"col-12 col-lg-8 offset-lg-2 col-hd-6 offset-hd-3\">\n                <main class=\"entry-content\">\n                    \n\n<h6 class=\"wp-block-heading\">Guidade rundturer 2024<\/h6>\n\n\n\n<p>Bekanta dig med Idrottsmuseums nya huvudutst\u00e4llning under ledning av en guide! P\u00e5 turen kan du \u00e5teruppleva k\u00e4nslor som har v\u00e4ckts av sport, h\u00f6ra sp\u00e4nnande historier om v\u00e5ra idrottshj\u00e4ltar och se m\u00e5nga av museums skatter, till exempel Ville Ritolas medaljer, facklan fr\u00e5n OS i Helsingfors 1952 och Matti Nyk\u00e4nens f\u00f6rsta egna hoppskidor. &nbsp;<\/p>\n\n\n\n<p>Turen ing\u00e5r i priset av intr\u00e4desbiljetten och varar cirka 30 minuter. F\u00f6ranm\u00e4lan \u00e4r inte n\u00f6dv\u00e4ndig.<\/p>\n\n\n\n<p><strong>Boka en guidning f\u00f6r din grupp.<\/strong><\/p>\n\n\n\n<div class=\"wp-block-buttons is-vertical is-layout-flex wp-container-core-buttons-is-layout-68afab4e wp-block-buttons-is-layout-flex\">\n<div class=\"wp-block-button\"><a class=\"wp-block-button__link has-black-color has-blue-background-color has-text-color has-background wp-element-button\" href=\"https:\/\/tahtocom-staging.test.cchosting.fi\/sv\/guidningar-for-grupper\/\">Guidningar f\u00f6r grupper<\/a><\/div>\n<\/div>\n\n\n                <\/main>\n            <\/div>\n        <\/div>\n    <\/div>\n<\/section>","protected":false},"excerpt":{"rendered":"","protected":false},"author":9,"featured_media":9174,"parent":0,"menu_order":0,"comment_status":"closed","ping_status":"closed","template":"","meta":{"_acf_changed":false,"_relevanssi_hide_post":"","_relevanssi_hide_content":"","_relevanssi_pin_for_all":"","_relevanssi_pin_keywords":"","_relevanssi_unpin_keywords":"","_relevanssi_related_keywords":"","_relevanssi_related_include_ids":"","_relevanssi_related_exclude_ids":"","_relevanssi_related_no_append":"","_relevanssi_related_not_related":"","_relevanssi_related_posts":"","_relevanssi_noindex_reason":"","footnotes":""},"class_list":["post-3734","page","type-page","status-publish","has-post-thumbnail","hentry"],"acf":[],"yoast_head":"<!-- This site is optimized with the Yoast SEO plugin v27.1.1 - https:\/\/yoast.com\/product\/yoast-seo-wordpress\/ -->\n<title>Guidade rundturer - Tahto<\/title>\n<meta name=\"description\" content=\"Boka en guidning f\u00f6r din grup! Bekanta dig med Idrottsmuseums nya huvudutst\u00e4llning under ledning av en guide.\" \/>\n<meta name=\"robots\" content=\"noindex, follow, max-snippet:-1, max-image-preview:large, max-video-preview:-1\" \/>\n<meta property=\"og:locale\" content=\"sv_SE\" \/>\n<meta property=\"og:type\" content=\"article\" \/>\n<meta property=\"og:title\" content=\"Guidade rundturer - Tahto\" \/>\n<meta property=\"og:description\" content=\"Boka en guidning f\u00f6r din grup! Bekanta dig med Idrottsmuseums nya huvudutst\u00e4llning under ledning av en guide.\" \/>\n<meta property=\"og:url\" content=\"https:\/\/tahto.lndo.site\/sv\/guidade-rundturer\/\" \/>\n<meta property=\"og:site_name\" content=\"Tahto\" \/>\n<meta property=\"article:modified_time\" content=\"2024-02-07T08:25:01+00:00\" \/>\n<meta property=\"og:image\" content=\"https:\/\/tahto.lndo.site\/wp-content\/uploads\/2024\/02\/Tahto_Opaskuvat_006-scaled.jpg\" \/>\n\t<meta property=\"og:image:width\" content=\"2560\" \/>\n\t<meta property=\"og:image:height\" content=\"1706\" \/>\n\t<meta property=\"og:image:type\" content=\"image\/jpeg\" \/>\n<meta name=\"twitter:card\" content=\"summary_large_image\" \/>\n<meta name=\"twitter:label1\" content=\"Ber\u00e4knad l\u00e4stid\" \/>\n\t<meta name=\"twitter:data1\" content=\"2 minuter\" \/>\n<script type=\"application\/ld+json\" class=\"yoast-schema-graph\">{\"@context\":\"https:\/\/schema.org\",\"@graph\":[{\"@type\":\"WebPage\",\"@id\":\"https:\/\/tahto.lndo.site\/sv\/guidade-rundturer\/\",\"url\":\"https:\/\/tahto.lndo.site\/sv\/guidade-rundturer\/\",\"name\":\"Guidade rundturer - Tahto\",\"isPartOf\":{\"@id\":\"https:\/\/tahtocom-staging.test.cchosting.fi\/#website\"},\"primaryImageOfPage\":{\"@id\":\"https:\/\/tahto.lndo.site\/sv\/guidade-rundturer\/#primaryimage\"},\"image\":{\"@id\":\"https:\/\/tahto.lndo.site\/sv\/guidade-rundturer\/#primaryimage\"},\"thumbnailUrl\":\"https:\/\/tahtocom-staging.test.cchosting.fi\/wp-content\/uploads\/2024\/02\/Tahto_Opaskuvat_006-scaled.jpg\",\"datePublished\":\"2022-06-20T07:45:25+00:00\",\"dateModified\":\"2024-02-07T08:25:01+00:00\",\"description\":\"Boka en guidning f\u00f6r din grup! Bekanta dig med Idrottsmuseums nya huvudutst\u00e4llning under ledning av en guide.\",\"breadcrumb\":{\"@id\":\"https:\/\/tahto.lndo.site\/sv\/guidade-rundturer\/#breadcrumb\"},\"inLanguage\":\"sv-SE\",\"potentialAction\":[{\"@type\":\"ReadAction\",\"target\":[\"https:\/\/tahto.lndo.site\/sv\/guidade-rundturer\/\"]}]},{\"@type\":\"ImageObject\",\"inLanguage\":\"sv-SE\",\"@id\":\"https:\/\/tahto.lndo.site\/sv\/guidade-rundturer\/#primaryimage\",\"url\":\"https:\/\/tahtocom-staging.test.cchosting.fi\/wp-content\/uploads\/2024\/02\/Tahto_Opaskuvat_006-scaled.jpg\",\"contentUrl\":\"https:\/\/tahtocom-staging.test.cchosting.fi\/wp-content\/uploads\/2024\/02\/Tahto_Opaskuvat_006-scaled.jpg\",\"width\":2560,\"height\":1706,\"caption\":\"Opastuksella saat enemm\u00e4n irti TAHDON n\u00e4yttelyist\u00e4.\"},{\"@type\":\"BreadcrumbList\",\"@id\":\"https:\/\/tahto.lndo.site\/sv\/guidade-rundturer\/#breadcrumb\",\"itemListElement\":[{\"@type\":\"ListItem\",\"position\":1,\"name\":\"Etusivu\",\"item\":\"https:\/\/tahtocom-staging.test.cchosting.fi\/sv\/\"},{\"@type\":\"ListItem\",\"position\":2,\"name\":\"Guidade rundturer\"}]},{\"@type\":\"WebSite\",\"@id\":\"https:\/\/tahtocom-staging.test.cchosting.fi\/#website\",\"url\":\"https:\/\/tahtocom-staging.test.cchosting.fi\/\",\"name\":\"Tahto\",\"description\":\"Uusi urheilumuseo\",\"publisher\":{\"@id\":\"https:\/\/tahtocom-staging.test.cchosting.fi\/#organization\"},\"potentialAction\":[{\"@type\":\"SearchAction\",\"target\":{\"@type\":\"EntryPoint\",\"urlTemplate\":\"https:\/\/tahtocom-staging.test.cchosting.fi\/?s={search_term_string}\"},\"query-input\":{\"@type\":\"PropertyValueSpecification\",\"valueRequired\":true,\"valueName\":\"search_term_string\"}}],\"inLanguage\":\"sv-SE\"},{\"@type\":\"Organization\",\"@id\":\"https:\/\/tahtocom-staging.test.cchosting.fi\/#organization\",\"name\":\"Tahto\",\"url\":\"https:\/\/tahtocom-staging.test.cchosting.fi\/\",\"logo\":{\"@type\":\"ImageObject\",\"inLanguage\":\"sv-SE\",\"@id\":\"https:\/\/tahtocom-staging.test.cchosting.fi\/#\/schema\/logo\/image\/\",\"url\":\"https:\/\/tahtocom-staging.test.cchosting.fi\/wp-content\/uploads\/2022\/05\/cropped-Favicon-Tahto-1.png\",\"contentUrl\":\"https:\/\/tahtocom-staging.test.cchosting.fi\/wp-content\/uploads\/2022\/05\/cropped-Favicon-Tahto-1.png\",\"width\":240,\"height\":240,\"caption\":\"Tahto\"},\"image\":{\"@id\":\"https:\/\/tahtocom-staging.test.cchosting.fi\/#\/schema\/logo\/image\/\"}}]}<\/script>\n<!-- \/ Yoast SEO plugin. -->","yoast_head_json":{"title":"Guidade rundturer - Tahto","description":"Boka en guidning f\u00f6r din grup! Bekanta dig med Idrottsmuseums nya huvudutst\u00e4llning under ledning av en guide.","robots":{"index":"noindex","follow":"follow","max-snippet":"max-snippet:-1","max-image-preview":"max-image-preview:large","max-video-preview":"max-video-preview:-1"},"og_locale":"sv_SE","og_type":"article","og_title":"Guidade rundturer - Tahto","og_description":"Boka en guidning f\u00f6r din grup! Bekanta dig med Idrottsmuseums nya huvudutst\u00e4llning under ledning av en guide.","og_url":"https:\/\/tahto.lndo.site\/sv\/guidade-rundturer\/","og_site_name":"Tahto","article_modified_time":"2024-02-07T08:25:01+00:00","og_image":[{"width":2560,"height":1706,"url":"https:\/\/tahto.lndo.site\/wp-content\/uploads\/2024\/02\/Tahto_Opaskuvat_006-scaled.jpg","type":"image\/jpeg"}],"twitter_card":"summary_large_image","twitter_misc":{"Ber\u00e4knad l\u00e4stid":"2 minuter"},"schema":{"@context":"https:\/\/schema.org","@graph":[{"@type":"WebPage","@id":"https:\/\/tahto.lndo.site\/sv\/guidade-rundturer\/","url":"https:\/\/tahto.lndo.site\/sv\/guidade-rundturer\/","name":"Guidade rundturer - Tahto","isPartOf":{"@id":"https:\/\/tahtocom-staging.test.cchosting.fi\/#website"},"primaryImageOfPage":{"@id":"https:\/\/tahto.lndo.site\/sv\/guidade-rundturer\/#primaryimage"},"image":{"@id":"https:\/\/tahto.lndo.site\/sv\/guidade-rundturer\/#primaryimage"},"thumbnailUrl":"https:\/\/tahtocom-staging.test.cchosting.fi\/wp-content\/uploads\/2024\/02\/Tahto_Opaskuvat_006-scaled.jpg","datePublished":"2022-06-20T07:45:25+00:00","dateModified":"2024-02-07T08:25:01+00:00","description":"Boka en guidning f\u00f6r din grup! Bekanta dig med Idrottsmuseums nya huvudutst\u00e4llning under ledning av en guide.","breadcrumb":{"@id":"https:\/\/tahto.lndo.site\/sv\/guidade-rundturer\/#breadcrumb"},"inLanguage":"sv-SE","potentialAction":[{"@type":"ReadAction","target":["https:\/\/tahto.lndo.site\/sv\/guidade-rundturer\/"]}]},{"@type":"ImageObject","inLanguage":"sv-SE","@id":"https:\/\/tahto.lndo.site\/sv\/guidade-rundturer\/#primaryimage","url":"https:\/\/tahtocom-staging.test.cchosting.fi\/wp-content\/uploads\/2024\/02\/Tahto_Opaskuvat_006-scaled.jpg","contentUrl":"https:\/\/tahtocom-staging.test.cchosting.fi\/wp-content\/uploads\/2024\/02\/Tahto_Opaskuvat_006-scaled.jpg","width":2560,"height":1706,"caption":"Opastuksella saat enemm\u00e4n irti TAHDON n\u00e4yttelyist\u00e4."},{"@type":"BreadcrumbList","@id":"https:\/\/tahto.lndo.site\/sv\/guidade-rundturer\/#breadcrumb","itemListElement":[{"@type":"ListItem","position":1,"name":"Etusivu","item":"https:\/\/tahtocom-staging.test.cchosting.fi\/sv\/"},{"@type":"ListItem","position":2,"name":"Guidade rundturer"}]},{"@type":"WebSite","@id":"https:\/\/tahtocom-staging.test.cchosting.fi\/#website","url":"https:\/\/tahtocom-staging.test.cchosting.fi\/","name":"Tahto","description":"Uusi urheilumuseo","publisher":{"@id":"https:\/\/tahtocom-staging.test.cchosting.fi\/#organization"},"potentialAction":[{"@type":"SearchAction","target":{"@type":"EntryPoint","urlTemplate":"https:\/\/tahtocom-staging.test.cchosting.fi\/?s={search_term_string}"},"query-input":{"@type":"PropertyValueSpecification","valueRequired":true,"valueName":"search_term_string"}}],"inLanguage":"sv-SE"},{"@type":"Organization","@id":"https:\/\/tahtocom-staging.test.cchosting.fi\/#organization","name":"Tahto","url":"https:\/\/tahtocom-staging.test.cchosting.fi\/","logo":{"@type":"ImageObject","inLanguage":"sv-SE","@id":"https:\/\/tahtocom-staging.test.cchosting.fi\/#\/schema\/logo\/image\/","url":"https:\/\/tahtocom-staging.test.cchosting.fi\/wp-content\/uploads\/2022\/05\/cropped-Favicon-Tahto-1.png","contentUrl":"https:\/\/tahtocom-staging.test.cchosting.fi\/wp-content\/uploads\/2022\/05\/cropped-Favicon-Tahto-1.png","width":240,"height":240,"caption":"Tahto"},"image":{"@id":"https:\/\/tahtocom-staging.test.cchosting.fi\/#\/schema\/logo\/image\/"}}]}},"_links":{"self":[{"href":"https:\/\/tahtocom-staging.test.cchosting.fi\/sv\/wp-json\/wp\/v2\/pages\/3734","targetHints":{"allow":["GET"]}}],"collection":[{"href":"https:\/\/tahtocom-staging.test.cchosting.fi\/sv\/wp-json\/wp\/v2\/pages"}],"about":[{"href":"https:\/\/tahtocom-staging.test.cchosting.fi\/sv\/wp-json\/wp\/v2\/types\/page"}],"author":[{"embeddable":true,"href":"https:\/\/tahtocom-staging.test.cchosting.fi\/sv\/wp-json\/wp\/v2\/users\/9"}],"replies":[{"embeddable":true,"href":"https:\/\/tahtocom-staging.test.cchosting.fi\/sv\/wp-json\/wp\/v2\/comments?post=3734"}],"version-history":[{"count":15,"href":"https:\/\/tahtocom-staging.test.cchosting.fi\/sv\/wp-json\/wp\/v2\/pages\/3734\/revisions"}],"predecessor-version":[{"id":9235,"href":"https:\/\/tahtocom-staging.test.cchosting.fi\/sv\/wp-json\/wp\/v2\/pages\/3734\/revisions\/9235"}],"wp:featuredmedia":[{"embeddable":true,"href":"https:\/\/tahtocom-staging.test.cchosting.fi\/sv\/wp-json\/wp\/v2\/media\/9174"}],"wp:attachment":[{"href":"https:\/\/tahtocom-staging.test.cchosting.fi\/sv\/wp-json\/wp\/v2\/media?parent=3734"}],"curies":[{"name":"wp","href":"https:\/\/api.w.org\/{rel}","templated":true}]}}