{"id":3709,"date":"2022-04-26T15:44:46","date_gmt":"2022-04-26T12:44:46","guid":{"rendered":"https:\/\/tahtocom-staging.test.cchosting.fi\/bistro-stadion\/"},"modified":"2022-06-23T10:06:18","modified_gmt":"2022-06-23T07:06:18","slug":"bistro-stadion","status":"publish","type":"page","link":"https:\/\/tahtocom-staging.test.cchosting.fi\/sv\/bistro-stadion\/","title":{"rendered":"Bistro stadion"},"content":{"rendered":"\n<section class=\"block block-content-wrapper container-fluid theme-white\">\n    <div class=\"container\">\n        <div class=\"row\">\n            <div class=\"col-12 col-lg-8 offset-lg-2 col-hd-6 offset-hd-3\">\n                <main class=\"entry-content\">\n                    \n\n<p><\/p>\n\n\n\n<figure class=\"wp-block-image size-large\"><img loading=\"lazy\" decoding=\"async\" width=\"1024\" height=\"683\" src=\"https:\/\/tahtocom-staging.test.cchosting.fi\/wp-content\/uploads\/2022\/06\/Bistro-Stadion-6-NETTIKUVA-1024x683.jpg\" alt=\"\" class=\"wp-image-3225\" srcset=\"https:\/\/tahtocom-staging.test.cchosting.fi\/wp-content\/uploads\/2022\/06\/Bistro-Stadion-6-NETTIKUVA-1024x683.jpg 1024w, https:\/\/tahtocom-staging.test.cchosting.fi\/wp-content\/uploads\/2022\/06\/Bistro-Stadion-6-NETTIKUVA-300x200.jpg 300w, https:\/\/tahtocom-staging.test.cchosting.fi\/wp-content\/uploads\/2022\/06\/Bistro-Stadion-6-NETTIKUVA-768x512.jpg 768w, https:\/\/tahtocom-staging.test.cchosting.fi\/wp-content\/uploads\/2022\/06\/Bistro-Stadion-6-NETTIKUVA-1536x1024.jpg 1536w, https:\/\/tahtocom-staging.test.cchosting.fi\/wp-content\/uploads\/2022\/06\/Bistro-Stadion-6-NETTIKUVA-1920x1280.jpg 1920w, https:\/\/tahtocom-staging.test.cchosting.fi\/wp-content\/uploads\/2022\/06\/Bistro-Stadion-6-NETTIKUVA-560x373.jpg 560w, https:\/\/tahtocom-staging.test.cchosting.fi\/wp-content\/uploads\/2022\/06\/Bistro-Stadion-6-NETTIKUVA.jpg 2048w\" sizes=\"auto, (max-width: 575px) 100vw, (max-width: 767px) 510px, (max-width: 991px) 290px, (max-width: 1199px) 530px, 840px\" \/><figcaption>Bistro Stadion. Bild: Wellu H\u00e4m\u00e4l\u00e4inen.<\/figcaption><\/figure>\n\n\n\n<h5 class=\"wp-block-heading\">Bistro stadion<\/h5>\n\n\n\n<p>Bistro Stadium \u00e4r hj\u00e4rtat av den nya dj\u00e4rva Olympiastadion. Det pulserar mitt i en varm, avslappnad, rak funkarkitektur och erbjuder smakupplevelser f\u00f6r en m\u00e4ngd m\u00f6ten och m\u00f6ten.<\/p>\n\n\n\n<p>Bistro Stadion matfilosofi bygger p\u00e5 nordiska smak, kompletterat med internationell mat. Kom och \u00e4ta lunch, s\u00e4tt dig ner f\u00f6r en kopp kaffe en dag eller k\u00f6p ett mellanm\u00e5l \u2013 Bistro Stadion ger dig energi mitt p\u00e5 dagen!<\/p>\n\n\n\n<p>Bistro \u00e4r \u00f6ppet:<br>m\u00e5n-fre  11-19<br>L\u00f6r  11-14.<br>P\u00e5 s\u00f6ndag Bistro Stadion \u00e4r st\u00e4ngt.<\/p>\n\n\n\n<p><a href=\"https:\/\/www.stadion.fi\/sv\/node\/370\" target=\"_blank\" rel=\"noreferrer noopener\">Avvikande \u00f6ppettider<\/a><\/p>\n\n\n\n<h5 class=\"wp-block-heading\">Kontaktinformation<\/h5>\n\n\n\n<p>ravintolamyynti.stadion@compass-group-fs.com,<\/p>\n\n\n\n<p>tel. 010 729 6710.<\/p>\n\n\n                <\/main>\n            <\/div>\n        <\/div>\n    <\/div>\n<\/section>\n\n\n<section class=\"block block-two-innerblocks container-fluid theme-white\">\n    <div class=\"container\">\n        <div class=\"row block-two-innerblocks-row\">\n            \n\n<div class=\"block-innerblocks-container col-12 col-lg-6\">\n    <div class=\"block-innerblocks-container-inner\">\n        <main class=\"entry-content\">\n            \n        <\/main>\n    <\/div>\n<\/div>\n\n\n<div class=\"block-innerblocks-container col-12 col-lg-6\">\n    <div class=\"block-innerblocks-container-inner\">\n        <main class=\"entry-content\">\n            \n        <\/main>\n    <\/div>\n<\/div>\n\n        <\/div>\n    <\/div>\n<\/section>","protected":false},"excerpt":{"rendered":"","protected":false},"author":1,"featured_media":191,"parent":0,"menu_order":0,"comment_status":"closed","ping_status":"closed","template":"","meta":{"_acf_changed":false,"_relevanssi_hide_post":"","_relevanssi_hide_content":"","_relevanssi_pin_for_all":"","_relevanssi_pin_keywords":"","_relevanssi_unpin_keywords":"","_relevanssi_related_keywords":"","_relevanssi_related_include_ids":"","_relevanssi_related_exclude_ids":"","_relevanssi_related_no_append":"","_relevanssi_related_not_related":"","_relevanssi_related_posts":"","_relevanssi_noindex_reason":"","footnotes":""},"class_list":["post-3709","page","type-page","status-publish","has-post-thumbnail","hentry"],"acf":[],"yoast_head":"<!-- This site is optimized with the Yoast SEO plugin v27.1.1 - https:\/\/yoast.com\/product\/yoast-seo-wordpress\/ -->\n<title>Bistro stadion - Tahto<\/title>\n<meta name=\"robots\" content=\"noindex, follow, max-snippet:-1, max-image-preview:large, max-video-preview:-1\" \/>\n<meta property=\"og:locale\" content=\"sv_SE\" \/>\n<meta property=\"og:type\" content=\"article\" \/>\n<meta property=\"og:title\" content=\"Bistro stadion - Tahto\" \/>\n<meta property=\"og:url\" content=\"https:\/\/tahto.lndo.site\/sv\/bistro-stadion\/\" \/>\n<meta property=\"og:site_name\" content=\"Tahto\" \/>\n<meta property=\"article:modified_time\" content=\"2022-06-23T07:06:18+00:00\" \/>\n<meta property=\"og:image\" content=\"https:\/\/tahto.lndo.site\/wp-content\/uploads\/2022\/04\/na\u0308yttely_urheilumuseo-copy.jpg\" \/>\n\t<meta property=\"og:image:width\" content=\"1440\" \/>\n\t<meta property=\"og:image:height\" content=\"900\" \/>\n\t<meta property=\"og:image:type\" content=\"image\/jpeg\" \/>\n<meta name=\"twitter:card\" content=\"summary_large_image\" \/>\n<meta name=\"twitter:label1\" content=\"Ber\u00e4knad l\u00e4stid\" \/>\n\t<meta name=\"twitter:data1\" content=\"1 minut\" \/>\n<script type=\"application\/ld+json\" class=\"yoast-schema-graph\">{\"@context\":\"https:\/\/schema.org\",\"@graph\":[{\"@type\":\"WebPage\",\"@id\":\"https:\/\/tahto.lndo.site\/sv\/bistro-stadion\/\",\"url\":\"https:\/\/tahto.lndo.site\/sv\/bistro-stadion\/\",\"name\":\"Bistro stadion - Tahto\",\"isPartOf\":{\"@id\":\"https:\/\/tahtocom-staging.test.cchosting.fi\/#website\"},\"primaryImageOfPage\":{\"@id\":\"https:\/\/tahto.lndo.site\/sv\/bistro-stadion\/#primaryimage\"},\"image\":{\"@id\":\"https:\/\/tahto.lndo.site\/sv\/bistro-stadion\/#primaryimage\"},\"thumbnailUrl\":\"https:\/\/tahtocom-staging.test.cchosting.fi\/wp-content\/uploads\/2022\/04\/na\u0308yttely_urheilumuseo-copy.jpg\",\"datePublished\":\"2022-04-26T12:44:46+00:00\",\"dateModified\":\"2022-06-23T07:06:18+00:00\",\"breadcrumb\":{\"@id\":\"https:\/\/tahto.lndo.site\/sv\/bistro-stadion\/#breadcrumb\"},\"inLanguage\":\"sv-SE\",\"potentialAction\":[{\"@type\":\"ReadAction\",\"target\":[\"https:\/\/tahto.lndo.site\/sv\/bistro-stadion\/\"]}]},{\"@type\":\"ImageObject\",\"inLanguage\":\"sv-SE\",\"@id\":\"https:\/\/tahto.lndo.site\/sv\/bistro-stadion\/#primaryimage\",\"url\":\"https:\/\/tahtocom-staging.test.cchosting.fi\/wp-content\/uploads\/2022\/04\/na\u0308yttely_urheilumuseo-copy.jpg\",\"contentUrl\":\"https:\/\/tahtocom-staging.test.cchosting.fi\/wp-content\/uploads\/2022\/04\/na\u0308yttely_urheilumuseo-copy.jpg\",\"width\":1440,\"height\":900},{\"@type\":\"BreadcrumbList\",\"@id\":\"https:\/\/tahto.lndo.site\/sv\/bistro-stadion\/#breadcrumb\",\"itemListElement\":[{\"@type\":\"ListItem\",\"position\":1,\"name\":\"Etusivu\",\"item\":\"https:\/\/tahtocom-staging.test.cchosting.fi\/sv\/\"},{\"@type\":\"ListItem\",\"position\":2,\"name\":\"Bistro stadion\"}]},{\"@type\":\"WebSite\",\"@id\":\"https:\/\/tahtocom-staging.test.cchosting.fi\/#website\",\"url\":\"https:\/\/tahtocom-staging.test.cchosting.fi\/\",\"name\":\"Tahto\",\"description\":\"Uusi urheilumuseo\",\"publisher\":{\"@id\":\"https:\/\/tahtocom-staging.test.cchosting.fi\/#organization\"},\"potentialAction\":[{\"@type\":\"SearchAction\",\"target\":{\"@type\":\"EntryPoint\",\"urlTemplate\":\"https:\/\/tahtocom-staging.test.cchosting.fi\/?s={search_term_string}\"},\"query-input\":{\"@type\":\"PropertyValueSpecification\",\"valueRequired\":true,\"valueName\":\"search_term_string\"}}],\"inLanguage\":\"sv-SE\"},{\"@type\":\"Organization\",\"@id\":\"https:\/\/tahtocom-staging.test.cchosting.fi\/#organization\",\"name\":\"Tahto\",\"url\":\"https:\/\/tahtocom-staging.test.cchosting.fi\/\",\"logo\":{\"@type\":\"ImageObject\",\"inLanguage\":\"sv-SE\",\"@id\":\"https:\/\/tahtocom-staging.test.cchosting.fi\/#\/schema\/logo\/image\/\",\"url\":\"https:\/\/tahtocom-staging.test.cchosting.fi\/wp-content\/uploads\/2022\/05\/cropped-Favicon-Tahto-1.png\",\"contentUrl\":\"https:\/\/tahtocom-staging.test.cchosting.fi\/wp-content\/uploads\/2022\/05\/cropped-Favicon-Tahto-1.png\",\"width\":240,\"height\":240,\"caption\":\"Tahto\"},\"image\":{\"@id\":\"https:\/\/tahtocom-staging.test.cchosting.fi\/#\/schema\/logo\/image\/\"}}]}<\/script>\n<!-- \/ Yoast SEO plugin. -->","yoast_head_json":{"title":"Bistro stadion - Tahto","robots":{"index":"noindex","follow":"follow","max-snippet":"max-snippet:-1","max-image-preview":"max-image-preview:large","max-video-preview":"max-video-preview:-1"},"og_locale":"sv_SE","og_type":"article","og_title":"Bistro stadion - Tahto","og_url":"https:\/\/tahto.lndo.site\/sv\/bistro-stadion\/","og_site_name":"Tahto","article_modified_time":"2022-06-23T07:06:18+00:00","og_image":[{"width":1440,"height":900,"url":"https:\/\/tahto.lndo.site\/wp-content\/uploads\/2022\/04\/na\u0308yttely_urheilumuseo-copy.jpg","type":"image\/jpeg"}],"twitter_card":"summary_large_image","twitter_misc":{"Ber\u00e4knad l\u00e4stid":"1 minut"},"schema":{"@context":"https:\/\/schema.org","@graph":[{"@type":"WebPage","@id":"https:\/\/tahto.lndo.site\/sv\/bistro-stadion\/","url":"https:\/\/tahto.lndo.site\/sv\/bistro-stadion\/","name":"Bistro stadion - Tahto","isPartOf":{"@id":"https:\/\/tahtocom-staging.test.cchosting.fi\/#website"},"primaryImageOfPage":{"@id":"https:\/\/tahto.lndo.site\/sv\/bistro-stadion\/#primaryimage"},"image":{"@id":"https:\/\/tahto.lndo.site\/sv\/bistro-stadion\/#primaryimage"},"thumbnailUrl":"https:\/\/tahtocom-staging.test.cchosting.fi\/wp-content\/uploads\/2022\/04\/na\u0308yttely_urheilumuseo-copy.jpg","datePublished":"2022-04-26T12:44:46+00:00","dateModified":"2022-06-23T07:06:18+00:00","breadcrumb":{"@id":"https:\/\/tahto.lndo.site\/sv\/bistro-stadion\/#breadcrumb"},"inLanguage":"sv-SE","potentialAction":[{"@type":"ReadAction","target":["https:\/\/tahto.lndo.site\/sv\/bistro-stadion\/"]}]},{"@type":"ImageObject","inLanguage":"sv-SE","@id":"https:\/\/tahto.lndo.site\/sv\/bistro-stadion\/#primaryimage","url":"https:\/\/tahtocom-staging.test.cchosting.fi\/wp-content\/uploads\/2022\/04\/na\u0308yttely_urheilumuseo-copy.jpg","contentUrl":"https:\/\/tahtocom-staging.test.cchosting.fi\/wp-content\/uploads\/2022\/04\/na\u0308yttely_urheilumuseo-copy.jpg","width":1440,"height":900},{"@type":"BreadcrumbList","@id":"https:\/\/tahto.lndo.site\/sv\/bistro-stadion\/#breadcrumb","itemListElement":[{"@type":"ListItem","position":1,"name":"Etusivu","item":"https:\/\/tahtocom-staging.test.cchosting.fi\/sv\/"},{"@type":"ListItem","position":2,"name":"Bistro stadion"}]},{"@type":"WebSite","@id":"https:\/\/tahtocom-staging.test.cchosting.fi\/#website","url":"https:\/\/tahtocom-staging.test.cchosting.fi\/","name":"Tahto","description":"Uusi urheilumuseo","publisher":{"@id":"https:\/\/tahtocom-staging.test.cchosting.fi\/#organization"},"potentialAction":[{"@type":"SearchAction","target":{"@type":"EntryPoint","urlTemplate":"https:\/\/tahtocom-staging.test.cchosting.fi\/?s={search_term_string}"},"query-input":{"@type":"PropertyValueSpecification","valueRequired":true,"valueName":"search_term_string"}}],"inLanguage":"sv-SE"},{"@type":"Organization","@id":"https:\/\/tahtocom-staging.test.cchosting.fi\/#organization","name":"Tahto","url":"https:\/\/tahtocom-staging.test.cchosting.fi\/","logo":{"@type":"ImageObject","inLanguage":"sv-SE","@id":"https:\/\/tahtocom-staging.test.cchosting.fi\/#\/schema\/logo\/image\/","url":"https:\/\/tahtocom-staging.test.cchosting.fi\/wp-content\/uploads\/2022\/05\/cropped-Favicon-Tahto-1.png","contentUrl":"https:\/\/tahtocom-staging.test.cchosting.fi\/wp-content\/uploads\/2022\/05\/cropped-Favicon-Tahto-1.png","width":240,"height":240,"caption":"Tahto"},"image":{"@id":"https:\/\/tahtocom-staging.test.cchosting.fi\/#\/schema\/logo\/image\/"}}]}},"_links":{"self":[{"href":"https:\/\/tahtocom-staging.test.cchosting.fi\/sv\/wp-json\/wp\/v2\/pages\/3709","targetHints":{"allow":["GET"]}}],"collection":[{"href":"https:\/\/tahtocom-staging.test.cchosting.fi\/sv\/wp-json\/wp\/v2\/pages"}],"about":[{"href":"https:\/\/tahtocom-staging.test.cchosting.fi\/sv\/wp-json\/wp\/v2\/types\/page"}],"author":[{"embeddable":true,"href":"https:\/\/tahtocom-staging.test.cchosting.fi\/sv\/wp-json\/wp\/v2\/users\/1"}],"replies":[{"embeddable":true,"href":"https:\/\/tahtocom-staging.test.cchosting.fi\/sv\/wp-json\/wp\/v2\/comments?post=3709"}],"version-history":[{"count":2,"href":"https:\/\/tahtocom-staging.test.cchosting.fi\/sv\/wp-json\/wp\/v2\/pages\/3709\/revisions"}],"predecessor-version":[{"id":3716,"href":"https:\/\/tahtocom-staging.test.cchosting.fi\/sv\/wp-json\/wp\/v2\/pages\/3709\/revisions\/3716"}],"wp:featuredmedia":[{"embeddable":true,"href":"https:\/\/tahtocom-staging.test.cchosting.fi\/sv\/wp-json\/wp\/v2\/media\/191"}],"wp:attachment":[{"href":"https:\/\/tahtocom-staging.test.cchosting.fi\/sv\/wp-json\/wp\/v2\/media?parent=3709"}],"curies":[{"name":"wp","href":"https:\/\/api.w.org\/{rel}","templated":true}]}}