{"id":3147,"date":"2022-04-26T15:44:22","date_gmt":"2022-04-26T12:44:22","guid":{"rendered":"https:\/\/tahtocom-staging.test.cchosting.fi\/tilavuokraus\/"},"modified":"2023-03-01T09:36:58","modified_gmt":"2023-03-01T07:36:58","slug":"tilavuokraus","status":"publish","type":"page","link":"https:\/\/tahtocom-staging.test.cchosting.fi\/sv\/tilavuokraus\/","title":{"rendered":"Utrymmesuthyrning"},"content":{"rendered":"\n<section\n    class=\"block block-hero container-fluid theme-blue block-hero-mobile-no-bottom-padding\">\n    <div class=\"container\">\n        <div class=\"row block-hero-row\">\n            <div class=\"col-12 col-lg-6 text-content\">\n                <main class=\"entry-content\">\n                    \n\n<h1 class=\"wp-block-heading\">ANNORLUNDA M\u00d6TESDAG I TAHTO<\/h1>\n\n\n\n<p>Idrotts- och motionskulturcentret Tahtos faciliteter erbjuder ett intressant alternativ f\u00f6r att arrangera m\u00f6ten eller en kv\u00e4llsfest f\u00f6r f\u00f6retaget. B\u00e5de m\u00f6tes- och utst\u00e4llningsutrymmen kan hyras och de l\u00e4mpar sig \u00e4ven f\u00f6r r\u00f6relsehindrade.<\/p>\n\n\n                <\/main>\n            <\/div>\n                        <div class=\"col-12 col-lg-6 image-spacer\">\n                <div class=\"hero-image full-width-md-down\" role=\"presentation\"\n                    style=\"background-image: url('https:\/\/tahtocom-staging.test.cchosting.fi\/wp-content\/themes\/urheilumuseo\/dist\/images\/hero-theme-blue.svg')\">\n                <\/div>\n            <\/div>\n                    <\/div>\n    <\/div>\n<\/section>\n\n\n<section\n    class=\"block block-hero container-fluid theme-white \">\n    <div class=\"container\">\n        <div class=\"row block-hero-row\">\n            <div class=\"col-12 col-lg-6 text-content\">\n                <main class=\"entry-content\">\n                    \n\n<h2 class=\"wp-block-heading\">Sylvi Saimo Hall<\/h2>\n\n\n\n<p>M\u00f6teslokalen rymmer h\u00f6gst 50 personer med kostnadsfri tillg\u00e5ng till modern AV-teknik (98&#8243; tums skr\u00e4m HDMI, Displayport) och Wi-Fi. <br><br>Lokalen l\u00e4mpar sig ocks\u00e5 f\u00f6r mindre fester samt kund- och informationsevenemang.<br><br>Evenemanget kan upplivas med en guidad tur i museet eller ett bes\u00f6k i Olympiastadions torn.<br>&nbsp;<br>Serveringen i v\u00e5ra utrymmen kan anordnas enligt \u00f6nskem\u00e5l och sk\u00f6ts med ensamr\u00e4tt av Compass Group, <a href=\"https:\/\/www.stadion.fi\/sv\/node\/370\">Bistro Stadion<\/a>.<br><br><\/p>\n\n\n                <\/main>\n            <\/div>\n                    <\/div>\n    <\/div>\n<\/section>\n\n\n<section class=\"block block-two-images container-fluid theme-black\">\n    <div class=\"container\">\n        <div class=\"row\">\n                        <div class=\"col-12 col-lg-6 d-flex justify-content-lg-center align-items-lg-center\">\n                <img decoding=\"async\" src=\"https:\/\/tahtocom-staging.test.cchosting.fi\/wp-content\/uploads\/2022\/06\/50A7063-852x852.jpg\" width=\"852\" height=\"852\" alt=\"\" loading=\"lazy\">            <\/div>\n                        <div class=\"col-12 col-lg-6 d-flex justify-content-lg-center align-items-lg-center\">\n                <img decoding=\"async\" src=\"https:\/\/tahtocom-staging.test.cchosting.fi\/wp-content\/uploads\/2022\/06\/4-852x852.jpg\" width=\"852\" height=\"852\" alt=\"\" loading=\"lazy\">            <\/div>\n                    <\/div>\n    <\/div>\n<\/section>\n\n\n<section class=\"block block-content-wrapper container-fluid theme-white\">\n    <div class=\"container\">\n        <div class=\"row\">\n            <div class=\"col-12 col-lg-8 offset-lg-2 col-hd-6 offset-hd-3\">\n                <main class=\"entry-content\">\n                    \n<section class=\"block-gallery full-width\">\n    <div class=\"container\">\n        <div class=\"row justify-content-center\">\n            <div class=\"col-11 col-xl-6\">\n                <div class=\"slider-wrapper\">\n                    <div class=\"slider\" data-button-close=\"Sulje kuvatarkennus\">\n                                                <div>\n                            <a class=\"image-wrapper\" href=\"https:\/\/tahtocom-staging.test.cchosting.fi\/wp-content\/uploads\/2022\/05\/Nayttely_pieni.jpg\"\n                                aria-label=\"Avaa kuvatarkennus\">\n                                <div class=\"image-container\" style=\"background-image: url('https:\/\/tahtocom-staging.test.cchosting.fi\/wp-content\/uploads\/2022\/05\/Nayttely_pieni.jpg')\"><\/div>\n                            <\/a>\n                                                    <\/div>\n                                                <div>\n                            <a class=\"image-wrapper\" href=\"https:\/\/tahtocom-staging.test.cchosting.fi\/wp-content\/uploads\/2022\/05\/50A7063.jpg\"\n                                aria-label=\"Avaa kuvatarkennus\">\n                                <div class=\"image-container\" style=\"background-image: url('https:\/\/tahtocom-staging.test.cchosting.fi\/wp-content\/uploads\/2022\/05\/50A7063.jpg')\"><\/div>\n                            <\/a>\n                                                        <p class=\"caption\">Sylvi Saimo Hall<\/p>\n                                                    <\/div>\n                                                <div>\n                            <a class=\"image-wrapper\" href=\"https:\/\/tahtocom-staging.test.cchosting.fi\/wp-content\/uploads\/2022\/06\/hKI-1952_VAAKA-scaled.jpg\"\n                                aria-label=\"Avaa kuvatarkennus\">\n                                <div class=\"image-container\" style=\"background-image: url('https:\/\/tahtocom-staging.test.cchosting.fi\/wp-content\/uploads\/2022\/06\/hKI-1952_VAAKA-scaled.jpg')\"><\/div>\n                            <\/a>\n                                                    <\/div>\n                                                <div>\n                            <a class=\"image-wrapper\" href=\"https:\/\/tahtocom-staging.test.cchosting.fi\/wp-content\/uploads\/2022\/06\/Asiakastilaisus-Urheilumuseolla.jpg\"\n                                aria-label=\"Avaa kuvatarkennus\">\n                                <div class=\"image-container\" style=\"background-image: url('https:\/\/tahtocom-staging.test.cchosting.fi\/wp-content\/uploads\/2022\/06\/Asiakastilaisus-Urheilumuseolla.jpg')\"><\/div>\n                            <\/a>\n                                                    <\/div>\n                                                <div>\n                            <a class=\"image-wrapper\" href=\"https:\/\/tahtocom-staging.test.cchosting.fi\/wp-content\/uploads\/2022\/06\/Olympiastadion_stadion_aamiainen_vaaka_H-scaled.jpg\"\n                                aria-label=\"Avaa kuvatarkennus\">\n                                <div class=\"image-container\" style=\"background-image: url('https:\/\/tahtocom-staging.test.cchosting.fi\/wp-content\/uploads\/2022\/06\/Olympiastadion_stadion_aamiainen_vaaka_H-scaled.jpg')\"><\/div>\n                            <\/a>\n                                                        <p class=\"caption\">Compass Group, bild: Laura Riihel\u00e4.<\/p>\n                                                    <\/div>\n                                                <div>\n                            <a class=\"image-wrapper\" href=\"https:\/\/tahtocom-staging.test.cchosting.fi\/wp-content\/uploads\/2022\/06\/Metsahallitus_Urheilumuseo_Keksi_MikaelAhlfors-4822-scaled.jpg\"\n                                aria-label=\"Avaa kuvatarkennus\">\n                                <div class=\"image-container\" style=\"background-image: url('https:\/\/tahtocom-staging.test.cchosting.fi\/wp-content\/uploads\/2022\/06\/Metsahallitus_Urheilumuseo_Keksi_MikaelAhlfors-4822-scaled.jpg')\"><\/div>\n                            <\/a>\n                                                        <p class=\"caption\">Forststyrelsen \/ Bild: Mikael Ahlfors \/ TAHTO.<\/p>\n                                                    <\/div>\n                                            <\/div>\n\n                    <button class=\"prev\" aria-label=\"Edellinen\"><\/button>\n                    <button class=\"next\" aria-label=\"Seuraava\"><\/button>\n                <\/div>\n                <div class=\"slider-nav\">\n                                        <div class=\"nav-button-wrapper\">\n                        <button class=\"nav-button\">\n                            <div class=\"image-wrapper\">\n                                <div class=\"image-container\" style=\"background-image: url('https:\/\/tahtocom-staging.test.cchosting.fi\/wp-content\/uploads\/2022\/05\/Nayttely_pieni.jpg')\">\n                                <\/div>\n                            <\/div>\n                        <\/button>\n                    <\/div>\n                                        <div class=\"nav-button-wrapper\">\n                        <button class=\"nav-button\">\n                            <div class=\"image-wrapper\">\n                                <div class=\"image-container\" style=\"background-image: url('https:\/\/tahtocom-staging.test.cchosting.fi\/wp-content\/uploads\/2022\/05\/50A7063.jpg')\">\n                                <\/div>\n                            <\/div>\n                        <\/button>\n                    <\/div>\n                                        <div class=\"nav-button-wrapper\">\n                        <button class=\"nav-button\">\n                            <div class=\"image-wrapper\">\n                                <div class=\"image-container\" style=\"background-image: url('https:\/\/tahtocom-staging.test.cchosting.fi\/wp-content\/uploads\/2022\/06\/hKI-1952_VAAKA-scaled.jpg')\">\n                                <\/div>\n                            <\/div>\n                        <\/button>\n                    <\/div>\n                                        <div class=\"nav-button-wrapper\">\n                        <button class=\"nav-button\">\n                            <div class=\"image-wrapper\">\n                                <div class=\"image-container\" style=\"background-image: url('https:\/\/tahtocom-staging.test.cchosting.fi\/wp-content\/uploads\/2022\/06\/Asiakastilaisus-Urheilumuseolla.jpg')\">\n                                <\/div>\n                            <\/div>\n                        <\/button>\n                    <\/div>\n                                        <div class=\"nav-button-wrapper\">\n                        <button class=\"nav-button\">\n                            <div class=\"image-wrapper\">\n                                <div class=\"image-container\" style=\"background-image: url('https:\/\/tahtocom-staging.test.cchosting.fi\/wp-content\/uploads\/2022\/06\/Olympiastadion_stadion_aamiainen_vaaka_H-scaled.jpg')\">\n                                <\/div>\n                            <\/div>\n                        <\/button>\n                    <\/div>\n                                        <div class=\"nav-button-wrapper\">\n                        <button class=\"nav-button\">\n                            <div class=\"image-wrapper\">\n                                <div class=\"image-container\" style=\"background-image: url('https:\/\/tahtocom-staging.test.cchosting.fi\/wp-content\/uploads\/2022\/06\/Metsahallitus_Urheilumuseo_Keksi_MikaelAhlfors-4822-scaled.jpg')\">\n                                <\/div>\n                            <\/div>\n                        <\/button>\n                    <\/div>\n                                    <\/div>\n            <\/div>\n        <\/div>\n    <\/div>\n<\/section>\n\n\n                <\/main>\n            <\/div>\n        <\/div>\n    <\/div>\n<\/section>\n\n\n<section\n    class=\"block block-hero container-fluid theme-orange block-hero-mobile-no-bottom-padding\">\n    <div class=\"container\">\n        <div class=\"row block-hero-row\">\n            <div class=\"col-12 col-lg-6 text-content\">\n                <main class=\"entry-content\">\n                    \n\n<h2 class=\"wp-block-heading\">Utst\u00e4llingsutrymmet<\/h2>\n\n\n\n<p>Utst\u00e4llningsutrymmet kan hyras utanf\u00f6r museets \u00f6ppeth\u00e5llningstider. Det ryms t.o.m. 250\u2013350 personer i museet och utrymmena l\u00e4mpar sig utm\u00e4rkt f\u00f6r f\u00f6retagets informations- och marknadsf\u00f6ringsevenemang, personaldagar eller privata fester.<br>&nbsp;<br>Tag kontakt och kom och bekanta dig med v\u00e5ra utrymmen!<br><\/p>\n\n\n                <\/main>\n            <\/div>\n                        <div class=\"col-12 col-lg-6 image-spacer\">\n                <div class=\"hero-image full-width-md-down\" role=\"presentation\"\n                    style=\"background-image: url('https:\/\/tahtocom-staging.test.cchosting.fi\/wp-content\/themes\/urheilumuseo\/dist\/images\/hero-theme-orange.svg')\">\n                <\/div>\n            <\/div>\n                    <\/div>\n    <\/div>\n<\/section>\n\n\n\n\n\n<section class=\"block block-content-wrapper container-fluid theme-white\">\n    <div class=\"container\">\n        <div class=\"row\">\n            <div class=\"col-12 col-lg-8 offset-lg-2 col-hd-6 offset-hd-3\">\n                <main class=\"entry-content\">\n                    \n\n<h2 class=\"has-text-align-left wp-block-heading\"><strong>Priser<\/strong><\/h2>\n\n\n\n<h4 class=\"wp-block-heading\">Rymdtj\u00e4nster<\/h4>\n\n\n\n<figure class=\"wp-block-table\"><table><tbody><tr><td>SYLVI SAIMO HALL<br> Vardagar 8\u201318<\/td><td>93,00 \u20ac\/timme<\/td><\/tr><tr><td>Vardagar 18\u201323<\/td><td>124,00 \u20ac\/timme<\/td><\/tr><tr><td>UTST\u00c4LLNINGSUTRYMMET<br>Vardagar 18\u201323<\/td><td> priser fr\u00e5n 2820,00 \u20ac<\/td><\/tr><tr><td>ARBETSKRAFTSKOSTNADER <\/td><td>60,00\u2013120,00 \u20ac\/timme<\/td><\/tr><\/tbody><\/table><\/figure>\n\n\n\n<p><\/p>\n\n\n\n<p><\/p>\n\n\n\n<p><strong>F\u00d6RS\u00c4LJNING OCH RESERVATIONER:<\/strong><br>Pia Arvo<br>+358 40 532 1688<br>pia.arvo(at)tahtocom-staging.test.cchosting.fi<\/p>\n\n\n                <\/main>\n            <\/div>\n        <\/div>\n    <\/div>\n<\/section>","protected":false},"excerpt":{"rendered":"","protected":false},"author":11,"featured_media":9183,"parent":0,"menu_order":0,"comment_status":"closed","ping_status":"closed","template":"","meta":{"_acf_changed":false,"_relevanssi_hide_post":"","_relevanssi_hide_content":"","_relevanssi_pin_for_all":"","_relevanssi_pin_keywords":"","_relevanssi_unpin_keywords":"","_relevanssi_related_keywords":"","_relevanssi_related_include_ids":"","_relevanssi_related_exclude_ids":"","_relevanssi_related_no_append":"","_relevanssi_related_not_related":"","_relevanssi_related_posts":"","_relevanssi_noindex_reason":"","footnotes":""},"class_list":["post-3147","page","type-page","status-publish","has-post-thumbnail","hentry"],"acf":[],"yoast_head":"<!-- This site is optimized with the Yoast SEO plugin v27.1.1 - https:\/\/yoast.com\/product\/yoast-seo-wordpress\/ -->\n<title>Utrymmesuthyrning - Tahto<\/title>\n<meta name=\"robots\" content=\"noindex, follow, max-snippet:-1, max-image-preview:large, max-video-preview:-1\" \/>\n<meta property=\"og:locale\" content=\"sv_SE\" \/>\n<meta property=\"og:type\" content=\"article\" \/>\n<meta property=\"og:title\" content=\"Utrymmesuthyrning - Tahto\" \/>\n<meta property=\"og:url\" content=\"https:\/\/tahto.lndo.site\/sv\/tilavuokraus\/\" \/>\n<meta property=\"og:site_name\" content=\"Tahto\" \/>\n<meta property=\"article:modified_time\" content=\"2023-03-01T07:36:58+00:00\" \/>\n<meta property=\"og:image\" content=\"https:\/\/tahto.lndo.site\/wp-content\/uploads\/2022\/06\/4.jpg\" \/>\n\t<meta property=\"og:image:width\" content=\"1024\" \/>\n\t<meta property=\"og:image:height\" content=\"1024\" \/>\n\t<meta property=\"og:image:type\" content=\"image\/jpeg\" \/>\n<meta name=\"twitter:card\" content=\"summary_large_image\" \/>\n<meta name=\"twitter:label1\" content=\"Ber\u00e4knad l\u00e4stid\" \/>\n\t<meta name=\"twitter:data1\" content=\"2 minuter\" \/>\n<script type=\"application\/ld+json\" class=\"yoast-schema-graph\">{\"@context\":\"https:\/\/schema.org\",\"@graph\":[{\"@type\":\"WebPage\",\"@id\":\"https:\/\/tahto.lndo.site\/sv\/tilavuokraus\/\",\"url\":\"https:\/\/tahto.lndo.site\/sv\/tilavuokraus\/\",\"name\":\"Utrymmesuthyrning - Tahto\",\"isPartOf\":{\"@id\":\"https:\/\/tahtocom-staging.test.cchosting.fi\/#website\"},\"primaryImageOfPage\":{\"@id\":\"https:\/\/tahto.lndo.site\/sv\/tilavuokraus\/#primaryimage\"},\"image\":{\"@id\":\"https:\/\/tahto.lndo.site\/sv\/tilavuokraus\/#primaryimage\"},\"thumbnailUrl\":\"https:\/\/tahtocom-staging.test.cchosting.fi\/wp-content\/uploads\/2024\/02\/Kokoustila_uusi-ilme_koko_PA.jpg\",\"datePublished\":\"2022-04-26T12:44:22+00:00\",\"dateModified\":\"2023-03-01T07:36:58+00:00\",\"breadcrumb\":{\"@id\":\"https:\/\/tahto.lndo.site\/sv\/tilavuokraus\/#breadcrumb\"},\"inLanguage\":\"sv-SE\",\"potentialAction\":[{\"@type\":\"ReadAction\",\"target\":[\"https:\/\/tahto.lndo.site\/sv\/tilavuokraus\/\"]}]},{\"@type\":\"ImageObject\",\"inLanguage\":\"sv-SE\",\"@id\":\"https:\/\/tahto.lndo.site\/sv\/tilavuokraus\/#primaryimage\",\"url\":\"https:\/\/tahtocom-staging.test.cchosting.fi\/wp-content\/uploads\/2024\/02\/Kokoustila_uusi-ilme_koko_PA.jpg\",\"contentUrl\":\"https:\/\/tahtocom-staging.test.cchosting.fi\/wp-content\/uploads\/2024\/02\/Kokoustila_uusi-ilme_koko_PA.jpg\",\"width\":1044,\"height\":613},{\"@type\":\"BreadcrumbList\",\"@id\":\"https:\/\/tahto.lndo.site\/sv\/tilavuokraus\/#breadcrumb\",\"itemListElement\":[{\"@type\":\"ListItem\",\"position\":1,\"name\":\"Etusivu\",\"item\":\"https:\/\/tahtocom-staging.test.cchosting.fi\/sv\/\"},{\"@type\":\"ListItem\",\"position\":2,\"name\":\"Utrymmesuthyrning\"}]},{\"@type\":\"WebSite\",\"@id\":\"https:\/\/tahtocom-staging.test.cchosting.fi\/#website\",\"url\":\"https:\/\/tahtocom-staging.test.cchosting.fi\/\",\"name\":\"Tahto\",\"description\":\"Uusi urheilumuseo\",\"publisher\":{\"@id\":\"https:\/\/tahtocom-staging.test.cchosting.fi\/#organization\"},\"potentialAction\":[{\"@type\":\"SearchAction\",\"target\":{\"@type\":\"EntryPoint\",\"urlTemplate\":\"https:\/\/tahtocom-staging.test.cchosting.fi\/?s={search_term_string}\"},\"query-input\":{\"@type\":\"PropertyValueSpecification\",\"valueRequired\":true,\"valueName\":\"search_term_string\"}}],\"inLanguage\":\"sv-SE\"},{\"@type\":\"Organization\",\"@id\":\"https:\/\/tahtocom-staging.test.cchosting.fi\/#organization\",\"name\":\"Tahto\",\"url\":\"https:\/\/tahtocom-staging.test.cchosting.fi\/\",\"logo\":{\"@type\":\"ImageObject\",\"inLanguage\":\"sv-SE\",\"@id\":\"https:\/\/tahtocom-staging.test.cchosting.fi\/#\/schema\/logo\/image\/\",\"url\":\"https:\/\/tahtocom-staging.test.cchosting.fi\/wp-content\/uploads\/2022\/05\/cropped-Favicon-Tahto-1.png\",\"contentUrl\":\"https:\/\/tahtocom-staging.test.cchosting.fi\/wp-content\/uploads\/2022\/05\/cropped-Favicon-Tahto-1.png\",\"width\":240,\"height\":240,\"caption\":\"Tahto\"},\"image\":{\"@id\":\"https:\/\/tahtocom-staging.test.cchosting.fi\/#\/schema\/logo\/image\/\"}}]}<\/script>\n<!-- \/ Yoast SEO plugin. -->","yoast_head_json":{"title":"Utrymmesuthyrning - Tahto","robots":{"index":"noindex","follow":"follow","max-snippet":"max-snippet:-1","max-image-preview":"max-image-preview:large","max-video-preview":"max-video-preview:-1"},"og_locale":"sv_SE","og_type":"article","og_title":"Utrymmesuthyrning - Tahto","og_url":"https:\/\/tahto.lndo.site\/sv\/tilavuokraus\/","og_site_name":"Tahto","article_modified_time":"2023-03-01T07:36:58+00:00","og_image":[{"width":1024,"height":1024,"url":"https:\/\/tahto.lndo.site\/wp-content\/uploads\/2022\/06\/4.jpg","type":"image\/jpeg"}],"twitter_card":"summary_large_image","twitter_misc":{"Ber\u00e4knad l\u00e4stid":"2 minuter"},"schema":{"@context":"https:\/\/schema.org","@graph":[{"@type":"WebPage","@id":"https:\/\/tahto.lndo.site\/sv\/tilavuokraus\/","url":"https:\/\/tahto.lndo.site\/sv\/tilavuokraus\/","name":"Utrymmesuthyrning - Tahto","isPartOf":{"@id":"https:\/\/tahtocom-staging.test.cchosting.fi\/#website"},"primaryImageOfPage":{"@id":"https:\/\/tahto.lndo.site\/sv\/tilavuokraus\/#primaryimage"},"image":{"@id":"https:\/\/tahto.lndo.site\/sv\/tilavuokraus\/#primaryimage"},"thumbnailUrl":"https:\/\/tahtocom-staging.test.cchosting.fi\/wp-content\/uploads\/2024\/02\/Kokoustila_uusi-ilme_koko_PA.jpg","datePublished":"2022-04-26T12:44:22+00:00","dateModified":"2023-03-01T07:36:58+00:00","breadcrumb":{"@id":"https:\/\/tahto.lndo.site\/sv\/tilavuokraus\/#breadcrumb"},"inLanguage":"sv-SE","potentialAction":[{"@type":"ReadAction","target":["https:\/\/tahto.lndo.site\/sv\/tilavuokraus\/"]}]},{"@type":"ImageObject","inLanguage":"sv-SE","@id":"https:\/\/tahto.lndo.site\/sv\/tilavuokraus\/#primaryimage","url":"https:\/\/tahtocom-staging.test.cchosting.fi\/wp-content\/uploads\/2024\/02\/Kokoustila_uusi-ilme_koko_PA.jpg","contentUrl":"https:\/\/tahtocom-staging.test.cchosting.fi\/wp-content\/uploads\/2024\/02\/Kokoustila_uusi-ilme_koko_PA.jpg","width":1044,"height":613},{"@type":"BreadcrumbList","@id":"https:\/\/tahto.lndo.site\/sv\/tilavuokraus\/#breadcrumb","itemListElement":[{"@type":"ListItem","position":1,"name":"Etusivu","item":"https:\/\/tahtocom-staging.test.cchosting.fi\/sv\/"},{"@type":"ListItem","position":2,"name":"Utrymmesuthyrning"}]},{"@type":"WebSite","@id":"https:\/\/tahtocom-staging.test.cchosting.fi\/#website","url":"https:\/\/tahtocom-staging.test.cchosting.fi\/","name":"Tahto","description":"Uusi urheilumuseo","publisher":{"@id":"https:\/\/tahtocom-staging.test.cchosting.fi\/#organization"},"potentialAction":[{"@type":"SearchAction","target":{"@type":"EntryPoint","urlTemplate":"https:\/\/tahtocom-staging.test.cchosting.fi\/?s={search_term_string}"},"query-input":{"@type":"PropertyValueSpecification","valueRequired":true,"valueName":"search_term_string"}}],"inLanguage":"sv-SE"},{"@type":"Organization","@id":"https:\/\/tahtocom-staging.test.cchosting.fi\/#organization","name":"Tahto","url":"https:\/\/tahtocom-staging.test.cchosting.fi\/","logo":{"@type":"ImageObject","inLanguage":"sv-SE","@id":"https:\/\/tahtocom-staging.test.cchosting.fi\/#\/schema\/logo\/image\/","url":"https:\/\/tahtocom-staging.test.cchosting.fi\/wp-content\/uploads\/2022\/05\/cropped-Favicon-Tahto-1.png","contentUrl":"https:\/\/tahtocom-staging.test.cchosting.fi\/wp-content\/uploads\/2022\/05\/cropped-Favicon-Tahto-1.png","width":240,"height":240,"caption":"Tahto"},"image":{"@id":"https:\/\/tahtocom-staging.test.cchosting.fi\/#\/schema\/logo\/image\/"}}]}},"_links":{"self":[{"href":"https:\/\/tahtocom-staging.test.cchosting.fi\/sv\/wp-json\/wp\/v2\/pages\/3147","targetHints":{"allow":["GET"]}}],"collection":[{"href":"https:\/\/tahtocom-staging.test.cchosting.fi\/sv\/wp-json\/wp\/v2\/pages"}],"about":[{"href":"https:\/\/tahtocom-staging.test.cchosting.fi\/sv\/wp-json\/wp\/v2\/types\/page"}],"author":[{"embeddable":true,"href":"https:\/\/tahtocom-staging.test.cchosting.fi\/sv\/wp-json\/wp\/v2\/users\/11"}],"replies":[{"embeddable":true,"href":"https:\/\/tahtocom-staging.test.cchosting.fi\/sv\/wp-json\/wp\/v2\/comments?post=3147"}],"version-history":[{"count":15,"href":"https:\/\/tahtocom-staging.test.cchosting.fi\/sv\/wp-json\/wp\/v2\/pages\/3147\/revisions"}],"predecessor-version":[{"id":6784,"href":"https:\/\/tahtocom-staging.test.cchosting.fi\/sv\/wp-json\/wp\/v2\/pages\/3147\/revisions\/6784"}],"wp:featuredmedia":[{"embeddable":true,"href":"https:\/\/tahtocom-staging.test.cchosting.fi\/sv\/wp-json\/wp\/v2\/media\/9183"}],"wp:attachment":[{"href":"https:\/\/tahtocom-staging.test.cchosting.fi\/sv\/wp-json\/wp\/v2\/media?parent=3147"}],"curies":[{"name":"wp","href":"https:\/\/api.w.org\/{rel}","templated":true}]}}