{"id":2985,"date":"2023-06-27T13:30:30","date_gmt":"2023-06-27T10:30:30","guid":{"rendered":"https:\/\/tahtocom-staging.test.cchosting.fi\/nayttelyt\/"},"modified":"2023-06-27T13:41:04","modified_gmt":"2023-06-27T10:41:04","slug":"utstallningar","status":"publish","type":"page","link":"https:\/\/tahtocom-staging.test.cchosting.fi\/sv\/utstallningar\/","title":{"rendered":"Utst\u00e4llningar"},"content":{"rendered":"\n<section\n    class=\"block block-hero container-fluid theme-orange block-hero-mobile-no-bottom-padding\">\n    <div class=\"container\">\n        <div class=\"row block-hero-row\">\n            <div class=\"col-12 col-lg-6 text-content\">\n                <main class=\"entry-content\">\n                    \n\n<h1 class=\"wp-block-heading\">Utst\u00e4llningar<\/h1>\n\n\n\n<p><strong>Ingenting tr\u00e4nger igenom det finl\u00e4ndska samh\u00e4llet liksom idrotten. Bekanta dig med idrottens ber\u00e4ttelser, som byggt upp nationen finland, i den fullst\u00e4ndigt f\u00f6rnyade permanenta utst\u00e4llningen!<\/strong><br><br><\/p>\n\n\n                <\/main>\n            <\/div>\n                        <div class=\"col-12 col-lg-6 image-spacer\">\n                <div class=\"hero-image full-width-md-down\" role=\"presentation\"\n                    style=\"background-image: url('https:\/\/tahtocom-staging.test.cchosting.fi\/wp-content\/themes\/urheilumuseo\/dist\/images\/hero-theme-orange.svg')\">\n                <\/div>\n            <\/div>\n                    <\/div>\n    <\/div>\n<\/section>\n\n<section class=\"block block-exhibition-liftup container-fluid theme-white\">\n    <div class=\"container\">\n        <div class=\"row content flex-xl-row\">\n            <div class=\"col-12 col-xl-6 d-flex\">\n                <img loading=\"lazy\" decoding=\"async\" width=\"8256\" height=\"3833\" src=\"https:\/\/tahtocom-staging.test.cchosting.fi\/wp-content\/uploads\/2022\/04\/DSC_8443.jpg\" class=\"attachment-full size-full wp-post-image\" alt=\"Sankarisali, Urheilumuseo\" srcset=\"https:\/\/tahtocom-staging.test.cchosting.fi\/wp-content\/uploads\/2022\/04\/DSC_8443.jpg 8256w, https:\/\/tahtocom-staging.test.cchosting.fi\/wp-content\/uploads\/2022\/04\/DSC_8443-300x139.jpg 300w, https:\/\/tahtocom-staging.test.cchosting.fi\/wp-content\/uploads\/2022\/04\/DSC_8443-1024x475.jpg 1024w, https:\/\/tahtocom-staging.test.cchosting.fi\/wp-content\/uploads\/2022\/04\/DSC_8443-768x357.jpg 768w, https:\/\/tahtocom-staging.test.cchosting.fi\/wp-content\/uploads\/2022\/04\/DSC_8443-560x260.jpg 560w\" sizes=\"auto, (max-width: 575px) 100vw, (max-width: 767px) 510px, (max-width: 991px) 290px, (max-width: 1199px) 530px, 840px\" \/>            <\/div>\n            <div class=\"col-12 col-xl-6 d-flex flex-column justify-content-end\">\n                <div class=\"indent-left\">\n                    <span class=\"uppercase\">Pysyv\u00e4 n\u00e4yttely<\/span>\n                    <h2 class=\"h3 title\">BER\u00c4TTELSEN OM VILJAN<\/h2>\n                                                            <div class=\"excerpt\">Ingenting genomsyrar det finska samh\u00e4llet lika mycket som sport. Utforska ber\u00e4ttelserna om sporten som har format Finland i den helt omarbetade utst\u00e4llningen!<\/div>\n                                        <a href=\"https:\/\/tahtocom-staging.test.cchosting.fi\/sv\/utstallnigen\/huvudutstallningen\/\"\n                        class=\"wp-block-button__link button-odd has-white-color has-black-background-color\">\n                        Tutustu n\u00e4yttelyyn                    <\/a>\n                <\/div>\n            <\/div>\n        <\/div>\n    <\/div>\n<\/section>\n\n\n\n<section class=\"block block-content-wrapper container-fluid theme-white\">\n    <div class=\"container\">\n        <div class=\"row\">\n            <div class=\"col-12 col-lg-8 offset-lg-2 col-hd-6 offset-hd-3\">\n                <main class=\"entry-content\">\n                    \n\n<div class=\"wp-block-button\"><a class=\"wp-block-button__link has-black-color has-blue-background-color has-text-color has-background wp-element-button\" href=\"https:\/\/my.matterport.com\/show\/?m=PjgUjNP4ze8\" target=\"_blank\" rel=\"noreferrer noopener\">Bes\u00f6k virtuellt<\/a><\/div>\n\n\n                <\/main>\n            <\/div>\n        <\/div>\n    <\/div>\n<\/section>\n\n\n<section class=\"block block-exhibition-highlight container-fluid theme-blue\">\n    <div class=\"container\">\n        <div class=\"row\">\n            <div class=\"col-12\">\n                <div class=\"d-flex flex-column content\">\n                                        <div class=\"d-flex justify-content-between align-items-end text-content\">\n                                                <h2 class=\"h3\">S\u00e4rskilda utst\u00e4llningar<\/h2>\n                                                \n                        <div class=\"arrows\">\n                            <button class=\"prev\">\n                                <img decoding=\"async\" src=\"https:\/\/tahtocom-staging.test.cchosting.fi\/wp-content\/themes\/urheilumuseo\/dist\/images\/arrow-hero.svg\" \/>\n                            <\/button>\n                            <button class=\"next\">\n                                <img decoding=\"async\" src=\"https:\/\/tahtocom-staging.test.cchosting.fi\/wp-content\/themes\/urheilumuseo\/dist\/images\/arrow-hero.svg\" \/>\n                            <\/button>\n                        <\/div>\n                    <\/div>\n                                        <div class=\"exhibition-list slider\">\n                                                \n<div>\n<a class=\"exhibition-card\" href=\"https:\/\/tahtocom-staging.test.cchosting.fi\/sv\/utstallnigen\/2022-det-som-goms-i-sno\/\"  style=\"background-image: url('https:\/\/tahtocom-staging.test.cchosting.fi\/wp-content\/uploads\/2022\/11\/DSC_2051-scaled.jpg');\"\n    >\n    <div class=\"overlay d-flex flex-column justify-content-end\">\n        <span class=\"timeframe\">Pysyv\u00e4 n\u00e4yttely<\/span>\n        <h3 class=\"title\">2022 Det som g\u00f6ms i sn\u00f6<\/h3>\n        <span class=\"link\">\n            <img decoding=\"async\" class=\"arrow\" src=\"https:\/\/tahtocom-staging.test.cchosting.fi\/wp-content\/themes\/urheilumuseo\/dist\/images\/arrow-right-pink.svg\" role=\"presentation\" \/>\n            <span class=\"link__inner\">Lue lis\u00e4\u00e4<\/span>\n        <\/span>\n    <\/div>\n<\/a>\n<\/div>                                            <\/div>\n\n                                    <\/div>\n            <\/div>\n        <\/div>\n    <\/div>\n<\/section>\n","protected":false},"excerpt":{"rendered":"","protected":false},"author":1,"featured_media":3357,"parent":0,"menu_order":0,"comment_status":"closed","ping_status":"closed","template":"","meta":{"_acf_changed":false,"_relevanssi_hide_post":"","_relevanssi_hide_content":"","_relevanssi_pin_for_all":"","_relevanssi_pin_keywords":"","_relevanssi_unpin_keywords":"","_relevanssi_related_keywords":"","_relevanssi_related_include_ids":"","_relevanssi_related_exclude_ids":"","_relevanssi_related_no_append":"","_relevanssi_related_not_related":"","_relevanssi_related_posts":"","_relevanssi_noindex_reason":"","footnotes":""},"class_list":["post-2985","page","type-page","status-publish","has-post-thumbnail","hentry"],"acf":[],"yoast_head":"<!-- This site is optimized with the Yoast SEO plugin v27.1.1 - https:\/\/yoast.com\/product\/yoast-seo-wordpress\/ -->\n<title>Utst\u00e4llningar - Tahto<\/title>\n<meta name=\"robots\" content=\"noindex, follow, max-snippet:-1, max-image-preview:large, max-video-preview:-1\" \/>\n<meta property=\"og:locale\" content=\"sv_SE\" \/>\n<meta property=\"og:type\" content=\"article\" \/>\n<meta property=\"og:title\" content=\"Utst\u00e4llningar - Tahto\" \/>\n<meta property=\"og:url\" content=\"https:\/\/tahto.lndo.site\/sv\/utstallningar\/\" \/>\n<meta property=\"og:site_name\" content=\"Tahto\" \/>\n<meta property=\"article:modified_time\" content=\"2023-06-27T10:41:04+00:00\" \/>\n<meta property=\"og:image\" content=\"https:\/\/tahto.lndo.site\/wp-content\/uploads\/2022\/06\/DSC_8653-1024x683-1.jpg\" \/>\n\t<meta property=\"og:image:width\" content=\"1024\" \/>\n\t<meta property=\"og:image:height\" content=\"683\" \/>\n\t<meta property=\"og:image:type\" content=\"image\/jpeg\" \/>\n<meta name=\"twitter:card\" content=\"summary_large_image\" \/>\n<meta name=\"twitter:label1\" content=\"Ber\u00e4knad l\u00e4stid\" \/>\n\t<meta name=\"twitter:data1\" content=\"1 minut\" \/>\n<script type=\"application\/ld+json\" class=\"yoast-schema-graph\">{\"@context\":\"https:\/\/schema.org\",\"@graph\":[{\"@type\":\"WebPage\",\"@id\":\"https:\/\/tahto.lndo.site\/sv\/utstallningar\/\",\"url\":\"https:\/\/tahto.lndo.site\/sv\/utstallningar\/\",\"name\":\"Utst\u00e4llningar - Tahto\",\"isPartOf\":{\"@id\":\"https:\/\/tahtocom-staging.test.cchosting.fi\/#website\"},\"primaryImageOfPage\":{\"@id\":\"https:\/\/tahto.lndo.site\/sv\/utstallningar\/#primaryimage\"},\"image\":{\"@id\":\"https:\/\/tahto.lndo.site\/sv\/utstallningar\/#primaryimage\"},\"thumbnailUrl\":\"https:\/\/tahtocom-staging.test.cchosting.fi\/wp-content\/uploads\/2022\/06\/DSC_8653-1024x683-1.jpg\",\"datePublished\":\"2023-06-27T10:30:30+00:00\",\"dateModified\":\"2023-06-27T10:41:04+00:00\",\"breadcrumb\":{\"@id\":\"https:\/\/tahto.lndo.site\/sv\/utstallningar\/#breadcrumb\"},\"inLanguage\":\"sv-SE\",\"potentialAction\":[{\"@type\":\"ReadAction\",\"target\":[\"https:\/\/tahto.lndo.site\/sv\/utstallningar\/\"]}]},{\"@type\":\"ImageObject\",\"inLanguage\":\"sv-SE\",\"@id\":\"https:\/\/tahto.lndo.site\/sv\/utstallningar\/#primaryimage\",\"url\":\"https:\/\/tahtocom-staging.test.cchosting.fi\/wp-content\/uploads\/2022\/06\/DSC_8653-1024x683-1.jpg\",\"contentUrl\":\"https:\/\/tahtocom-staging.test.cchosting.fi\/wp-content\/uploads\/2022\/06\/DSC_8653-1024x683-1.jpg\",\"width\":1024,\"height\":683},{\"@type\":\"BreadcrumbList\",\"@id\":\"https:\/\/tahto.lndo.site\/sv\/utstallningar\/#breadcrumb\",\"itemListElement\":[{\"@type\":\"ListItem\",\"position\":1,\"name\":\"Etusivu\",\"item\":\"https:\/\/tahtocom-staging.test.cchosting.fi\/sv\/\"},{\"@type\":\"ListItem\",\"position\":2,\"name\":\"Utst\u00e4llningar\"}]},{\"@type\":\"WebSite\",\"@id\":\"https:\/\/tahtocom-staging.test.cchosting.fi\/#website\",\"url\":\"https:\/\/tahtocom-staging.test.cchosting.fi\/\",\"name\":\"Tahto\",\"description\":\"Uusi urheilumuseo\",\"publisher\":{\"@id\":\"https:\/\/tahtocom-staging.test.cchosting.fi\/#organization\"},\"potentialAction\":[{\"@type\":\"SearchAction\",\"target\":{\"@type\":\"EntryPoint\",\"urlTemplate\":\"https:\/\/tahtocom-staging.test.cchosting.fi\/?s={search_term_string}\"},\"query-input\":{\"@type\":\"PropertyValueSpecification\",\"valueRequired\":true,\"valueName\":\"search_term_string\"}}],\"inLanguage\":\"sv-SE\"},{\"@type\":\"Organization\",\"@id\":\"https:\/\/tahtocom-staging.test.cchosting.fi\/#organization\",\"name\":\"Tahto\",\"url\":\"https:\/\/tahtocom-staging.test.cchosting.fi\/\",\"logo\":{\"@type\":\"ImageObject\",\"inLanguage\":\"sv-SE\",\"@id\":\"https:\/\/tahtocom-staging.test.cchosting.fi\/#\/schema\/logo\/image\/\",\"url\":\"https:\/\/tahtocom-staging.test.cchosting.fi\/wp-content\/uploads\/2022\/05\/cropped-Favicon-Tahto-1.png\",\"contentUrl\":\"https:\/\/tahtocom-staging.test.cchosting.fi\/wp-content\/uploads\/2022\/05\/cropped-Favicon-Tahto-1.png\",\"width\":240,\"height\":240,\"caption\":\"Tahto\"},\"image\":{\"@id\":\"https:\/\/tahtocom-staging.test.cchosting.fi\/#\/schema\/logo\/image\/\"}}]}<\/script>\n<!-- \/ Yoast SEO plugin. -->","yoast_head_json":{"title":"Utst\u00e4llningar - Tahto","robots":{"index":"noindex","follow":"follow","max-snippet":"max-snippet:-1","max-image-preview":"max-image-preview:large","max-video-preview":"max-video-preview:-1"},"og_locale":"sv_SE","og_type":"article","og_title":"Utst\u00e4llningar - Tahto","og_url":"https:\/\/tahto.lndo.site\/sv\/utstallningar\/","og_site_name":"Tahto","article_modified_time":"2023-06-27T10:41:04+00:00","og_image":[{"width":1024,"height":683,"url":"https:\/\/tahto.lndo.site\/wp-content\/uploads\/2022\/06\/DSC_8653-1024x683-1.jpg","type":"image\/jpeg"}],"twitter_card":"summary_large_image","twitter_misc":{"Ber\u00e4knad l\u00e4stid":"1 minut"},"schema":{"@context":"https:\/\/schema.org","@graph":[{"@type":"WebPage","@id":"https:\/\/tahto.lndo.site\/sv\/utstallningar\/","url":"https:\/\/tahto.lndo.site\/sv\/utstallningar\/","name":"Utst\u00e4llningar - Tahto","isPartOf":{"@id":"https:\/\/tahtocom-staging.test.cchosting.fi\/#website"},"primaryImageOfPage":{"@id":"https:\/\/tahto.lndo.site\/sv\/utstallningar\/#primaryimage"},"image":{"@id":"https:\/\/tahto.lndo.site\/sv\/utstallningar\/#primaryimage"},"thumbnailUrl":"https:\/\/tahtocom-staging.test.cchosting.fi\/wp-content\/uploads\/2022\/06\/DSC_8653-1024x683-1.jpg","datePublished":"2023-06-27T10:30:30+00:00","dateModified":"2023-06-27T10:41:04+00:00","breadcrumb":{"@id":"https:\/\/tahto.lndo.site\/sv\/utstallningar\/#breadcrumb"},"inLanguage":"sv-SE","potentialAction":[{"@type":"ReadAction","target":["https:\/\/tahto.lndo.site\/sv\/utstallningar\/"]}]},{"@type":"ImageObject","inLanguage":"sv-SE","@id":"https:\/\/tahto.lndo.site\/sv\/utstallningar\/#primaryimage","url":"https:\/\/tahtocom-staging.test.cchosting.fi\/wp-content\/uploads\/2022\/06\/DSC_8653-1024x683-1.jpg","contentUrl":"https:\/\/tahtocom-staging.test.cchosting.fi\/wp-content\/uploads\/2022\/06\/DSC_8653-1024x683-1.jpg","width":1024,"height":683},{"@type":"BreadcrumbList","@id":"https:\/\/tahto.lndo.site\/sv\/utstallningar\/#breadcrumb","itemListElement":[{"@type":"ListItem","position":1,"name":"Etusivu","item":"https:\/\/tahtocom-staging.test.cchosting.fi\/sv\/"},{"@type":"ListItem","position":2,"name":"Utst\u00e4llningar"}]},{"@type":"WebSite","@id":"https:\/\/tahtocom-staging.test.cchosting.fi\/#website","url":"https:\/\/tahtocom-staging.test.cchosting.fi\/","name":"Tahto","description":"Uusi urheilumuseo","publisher":{"@id":"https:\/\/tahtocom-staging.test.cchosting.fi\/#organization"},"potentialAction":[{"@type":"SearchAction","target":{"@type":"EntryPoint","urlTemplate":"https:\/\/tahtocom-staging.test.cchosting.fi\/?s={search_term_string}"},"query-input":{"@type":"PropertyValueSpecification","valueRequired":true,"valueName":"search_term_string"}}],"inLanguage":"sv-SE"},{"@type":"Organization","@id":"https:\/\/tahtocom-staging.test.cchosting.fi\/#organization","name":"Tahto","url":"https:\/\/tahtocom-staging.test.cchosting.fi\/","logo":{"@type":"ImageObject","inLanguage":"sv-SE","@id":"https:\/\/tahtocom-staging.test.cchosting.fi\/#\/schema\/logo\/image\/","url":"https:\/\/tahtocom-staging.test.cchosting.fi\/wp-content\/uploads\/2022\/05\/cropped-Favicon-Tahto-1.png","contentUrl":"https:\/\/tahtocom-staging.test.cchosting.fi\/wp-content\/uploads\/2022\/05\/cropped-Favicon-Tahto-1.png","width":240,"height":240,"caption":"Tahto"},"image":{"@id":"https:\/\/tahtocom-staging.test.cchosting.fi\/#\/schema\/logo\/image\/"}}]}},"_links":{"self":[{"href":"https:\/\/tahtocom-staging.test.cchosting.fi\/sv\/wp-json\/wp\/v2\/pages\/2985","targetHints":{"allow":["GET"]}}],"collection":[{"href":"https:\/\/tahtocom-staging.test.cchosting.fi\/sv\/wp-json\/wp\/v2\/pages"}],"about":[{"href":"https:\/\/tahtocom-staging.test.cchosting.fi\/sv\/wp-json\/wp\/v2\/types\/page"}],"author":[{"embeddable":true,"href":"https:\/\/tahtocom-staging.test.cchosting.fi\/sv\/wp-json\/wp\/v2\/users\/1"}],"replies":[{"embeddable":true,"href":"https:\/\/tahtocom-staging.test.cchosting.fi\/sv\/wp-json\/wp\/v2\/comments?post=2985"}],"version-history":[{"count":9,"href":"https:\/\/tahtocom-staging.test.cchosting.fi\/sv\/wp-json\/wp\/v2\/pages\/2985\/revisions"}],"predecessor-version":[{"id":7509,"href":"https:\/\/tahtocom-staging.test.cchosting.fi\/sv\/wp-json\/wp\/v2\/pages\/2985\/revisions\/7509"}],"wp:featuredmedia":[{"embeddable":true,"href":"https:\/\/tahtocom-staging.test.cchosting.fi\/sv\/wp-json\/wp\/v2\/media\/3357"}],"wp:attachment":[{"href":"https:\/\/tahtocom-staging.test.cchosting.fi\/sv\/wp-json\/wp\/v2\/media?parent=2985"}],"curies":[{"name":"wp","href":"https:\/\/api.w.org\/{rel}","templated":true}]}}