{"id":1845,"date":"2022-04-26T15:26:52","date_gmt":"2022-04-26T12:26:52","guid":{"rendered":"https:\/\/tahtocom-staging.test.cchosting.fi\/tule-meille\/"},"modified":"2024-02-08T09:19:14","modified_gmt":"2024-02-08T07:19:14","slug":"besok-oss","status":"publish","type":"page","link":"https:\/\/tahtocom-staging.test.cchosting.fi\/sv\/besok-oss\/","title":{"rendered":"Bes\u00f6k oss"},"content":{"rendered":"\n<section\n    class=\"block block-hero container-fluid theme-blue block-hero-mobile-no-bottom-padding\">\n    <div class=\"container\">\n        <div class=\"row block-hero-row\">\n            <div class=\"col-12 col-lg-6 text-content\">\n                <main class=\"entry-content\">\n                    \n\n<h1 class=\"wp-block-heading\">Bes\u00f6k oss<\/h1>\n\n\n\n<p><\/p>\n\n\n                <\/main>\n            <\/div>\n                        <div class=\"col-12 col-lg-6 image-spacer\">\n                <div class=\"hero-image full-width-md-down\" role=\"presentation\"\n                    style=\"background-image: url('https:\/\/tahtocom-staging.test.cchosting.fi\/wp-content\/themes\/urheilumuseo\/dist\/images\/hero-theme-blue.svg')\">\n                <\/div>\n            <\/div>\n                    <\/div>\n    <\/div>\n<\/section>\n\n\n<section class=\"block block-opening-hours container-fluid theme-white\">\n    <div class=\"container\">\n        <div class=\"row\">\n            <div class=\"col-12 col-lg-8 offset-lg-2 col-hd-6 offset-hd-3\">\n                                <h2 class=\"h3 title\">\u00d6ppettider<\/h2>\n                \n                <div class=\"opening-hours-container\">\n                    <div>\n        <h3 class=\"h5 subtitle\">N\u00e4yttelyt ovat avoinna: <\/h3>\n\n        <div class=\"row\">\n        <p class=\"col-6 ingress\">ma, ti ja pe<\/p>\n        <p class=\"col-6 ingress\">10-18<\/p>\n    <\/div>\n        <div class=\"row\">\n        <p class=\"col-6 ingress\">ke ja to<\/p>\n        <p class=\"col-6 ingress\">10-19<\/p>\n    <\/div>\n        <div class=\"row\">\n        <p class=\"col-6 ingress\">la ja su<\/p>\n        <p class=\"col-6 ingress\">11-17<\/p>\n    <\/div>\n    \n        <\/div>\n                    <div>\n        <h3 class=\"h5 subtitle\">Kirjasto ja arkisto: <\/h3>\n\n        <div class=\"row\">\n        <p class=\"col-6 ingress\">ma, ti ja pe<\/p>\n        <p class=\"col-6 ingress\">10-18<\/p>\n    <\/div>\n        <div class=\"row\">\n        <p class=\"col-6 ingress\">ke ja to<\/p>\n        <p class=\"col-6 ingress\">10-19<\/p>\n    <\/div>\n    \n        <div class=\"row\">\n        <p class=\"col-6 ingress\">\n            la ja su<\/p>\n        <p class=\"col-6 ingress\">suljettu<\/p>\n    <\/div>\n        <\/div>                <\/div>\n\n                                <div class=\"exceptional-opening-hours-wrapper\">\n\n                    \n                    \n<div class=\"accordion\">\n    <button class=\"toggle ingress\">\n        Poikkeavat aukioloajat    <\/button>\n    <div class=\"collapse\">\n        <div class=\"collapse-content\">\n                                <div class=\"exceptional-opening-hours-wrapper__inner\">\n                        \n<div class=\"exceptional-opening-hours\">\n    <h4 class=\"ingress uppercase\">N\u00e4yttelyt<\/h4>\n        <div class=\"row\">\n        <p class=\"col-6 ingress\">\n                        1.5.        <\/p>\n        <p class=\"col-6 ingress\">\n                        suljettu                    <\/p>\n\n    <\/div>\n            <div class=\"ingress note entry-content\"><p>\u00d6ppettiderna f\u00f6r Olympic Stadium bes\u00f6karcentret, tornet och Bistro Stadion skiljer sig fr\u00e5n \u00f6ppettiderna f\u00f6r TAHTO. <a href=\"https:\/\/www.stadion.fi\/sv\/info\/kontaktuppgifter\">Mer detaljerad information finns h\u00e4r.<\/a><\/p>\n<\/div>\n    <\/div>\n                        \n<div class=\"exceptional-opening-hours\">\n    <h4 class=\"ingress uppercase\">Kirjasto ja arkisto:<\/h4>\n        <div class=\"row\">\n        <p class=\"col-6 ingress\">\n                        1.5.        <\/p>\n        <p class=\"col-6 ingress\">\n                        suljettu                    <\/p>\n\n    <\/div>\n        <\/div>\n                    <\/div>\n                            <\/div>\n    <\/div>\n<\/div>\n                <\/div>\n                            <\/div>\n        <\/div>\n    <\/div>\n<\/section>\n\n\n<section class=\"block block-content-wrapper container-fluid theme-white\">\n    <div class=\"container\">\n        <div class=\"row\">\n            <div class=\"col-12 col-lg-8 offset-lg-2 col-hd-6 offset-hd-3\">\n                <main class=\"entry-content\">\n                    \n\n<h3 class=\"wp-block-heading\">Entr\u00e9avgifter<\/h3>\n\n\n\n<p>DU KAN OCKS\u00c5 K\u00d6PA EN GEMENSAM BILJETT F\u00d6R IDROTTSMUSEET OCH BES\u00d6K I OLYMPIASTADIONS TORN.<\/p>\n\n\n\n<figure class=\"wp-block-table\"><table class=\"has-black-color has-white-background-color has-text-color has-background has-fixed-layout\"><tbody><tr><td class=\"has-text-align-left\" data-align=\"left\">VUXNA<\/td><td class=\"has-text-align-right\" data-align=\"right\">16 \u20ac<\/td><\/tr><tr><td class=\"has-text-align-left\" data-align=\"left\">STUDERANDE, PENSION\u00c4RER, BEV\u00c4RINGAR OCH CIVILTJ\u00c4NSTG\u00d6RARE, ARBETSL\u00d6SA<\/td><td class=\"has-text-align-right\" data-align=\"right\">11 \u20ac <\/td><\/tr><tr><td class=\"has-text-align-left\" data-align=\"left\">BARN 7\u201317 \u00c5R<\/td><td class=\"has-text-align-right\" data-align=\"right\">4 \u20ac<\/td><\/tr><tr><td class=\"has-text-align-left\" data-align=\"left\">UNDER 7 \u00c5R<\/td><td class=\"has-text-align-right\" data-align=\"right\">fri entr\u00e9<\/td><\/tr><tr><td class=\"has-text-align-left\" data-align=\"left\">GRUPPER P\u00c5 \u00d6VER 10 PERSIONER<\/td><td class=\"has-text-align-right\" data-align=\"right\">11 \u20ac<\/td><\/tr><tr><td class=\"has-text-align-left\" data-align=\"left\">INTR\u00c4DE MED MUSEIKORT, HELSINKI CARD OCH HELSINKI CITY PASS<\/td><td class=\"has-text-align-right\" data-align=\"right\">fri entr\u00e9<\/td><\/tr><tr><td class=\"has-text-align-left\" data-align=\"left\">MUSEIKORT<\/td><td class=\"has-text-align-right\" data-align=\"right\">79 \u20ac\/73 \u20ac<\/td><\/tr><tr><td class=\"has-text-align-left\" data-align=\"left\">VEIKKAUSKORTET, M\u00c5NDAGAR TV\u00c5 TILL PRISET AV EN<\/td><td class=\"has-text-align-right\" data-align=\"right\">16 \u20ac<\/td><\/tr><tr><td class=\"has-text-align-left\" data-align=\"left\">GEMENSAM BILJETT, TAHTO OCH STADIONTORNET<\/td><td class=\"has-text-align-right\" data-align=\"right\">20 \u20ac \/ 14 \u20ac \/ 7 \u20ac<\/td><\/tr><\/tbody><\/table><\/figure>\n\n\n\n<p>Betalningss\u00e4tt: Bank- och kreditkort, kontant,&nbsp;MobilePay,&nbsp;<a href=\"https:\/\/museot.fi\/se.php\" target=\"_blank\" rel=\"noreferrer noopener\">Museikort<\/a>, Helsinki Card, Helsinki City Pass, Smartum, Edenred och e-Passi.<\/p>\n\n\n\n<figure class=\"wp-block-image aligncenter size-full\"><img loading=\"lazy\" decoding=\"async\" width=\"400\" height=\"251\" src=\"https:\/\/tahtocom-staging.test.cchosting.fi\/wp-content\/uploads\/2022\/06\/LOGO-museikort-SV-400x251-1.png\" alt=\"\" class=\"wp-image-3752\" srcset=\"https:\/\/tahtocom-staging.test.cchosting.fi\/wp-content\/uploads\/2022\/06\/LOGO-museikort-SV-400x251-1.png 400w, https:\/\/tahtocom-staging.test.cchosting.fi\/wp-content\/uploads\/2022\/06\/LOGO-museikort-SV-400x251-1-300x188.png 300w\" sizes=\"auto, (max-width: 991px) 290px, 400px\" \/><\/figure>\n\n\n\n<figure class=\"wp-block-image aligncenter size-large is-resized\"><img loading=\"lazy\" decoding=\"async\" width=\"1024\" height=\"482\" src=\"https:\/\/tahtocom-staging.test.cchosting.fi\/wp-content\/uploads\/2022\/06\/Vkortti-1024x482.png\" alt=\"\" class=\"wp-image-3141\" style=\"width:478px;height:225px\" srcset=\"https:\/\/tahtocom-staging.test.cchosting.fi\/wp-content\/uploads\/2022\/06\/Vkortti-1024x482.png 1024w, https:\/\/tahtocom-staging.test.cchosting.fi\/wp-content\/uploads\/2022\/06\/Vkortti-300x141.png 300w, https:\/\/tahtocom-staging.test.cchosting.fi\/wp-content\/uploads\/2022\/06\/Vkortti-768x361.png 768w, https:\/\/tahtocom-staging.test.cchosting.fi\/wp-content\/uploads\/2022\/06\/Vkortti-1536x722.png 1536w, https:\/\/tahtocom-staging.test.cchosting.fi\/wp-content\/uploads\/2022\/06\/Vkortti-560x263.png 560w, https:\/\/tahtocom-staging.test.cchosting.fi\/wp-content\/uploads\/2022\/06\/Vkortti.png 1920w\" sizes=\"auto, (max-width: 575px) 100vw, (max-width: 767px) 510px, (max-width: 991px) 290px, (max-width: 1199px) 530px, 840px\" \/><\/figure>\n\n\n                <\/main>\n            <\/div>\n        <\/div>\n    <\/div>\n<\/section>\n\n\n<section class=\"block block-fifty-fifty container-fluid theme-white\">\n    <div class=\"container\">\n        <div class=\"row flex-xl-row\">\n            <div class=\"col-12 col-xl-6 d-inline-flex flex-column left-column\">\n                \n\n<img decoding=\"async\" src=\"https:\/\/tahtocom-staging.test.cchosting.fi\/wp-content\/uploads\/2022\/09\/OLY-vuokralaisten-aluekartta-FI-EN.png\" width=\"2748\" height=\"1907\" class=\"fifty-fifty-media\" alt=\"\" loading=\"lazy\">\n                \n                            <\/div>\n            <div class=\"col-12 col-xl-6\">\n                <div\n                    class=\"h-100 d-flex flex-column justify-content-end desktop-indentation-left\">\n                    <div class=\"entry-content\">\n                        \n\n<h2 class=\"wp-block-heading\">Ankomst<\/h2>\n\n\n\n<p>Huvudentr\u00e9n till TAHTO finns p\u00e5 tornsidan av Olympiastadion, upp p\u00e5 Torng\u00e5rden (Tornipiha).<\/p>\n\n\n\n<p class=\"is-style-lead\">TAHTO<\/p>\n\n\n\n<p>Olympiastadion<br>Paavo Nurmis v\u00e4g 1<br>00250 Helsingfors<\/p>\n\n\n                    <\/div>\n                <\/div>\n            <\/div>\n        <\/div>\n    <\/div>\n<\/section>\n\n\n<section class=\"block block-fifty-fifty container-fluid theme-gray\">\n    <div class=\"container\">\n        <div class=\"row flex-xl-row\">\n            <div class=\"col-12 col-xl-6 d-inline-flex flex-column left-column\">\n                \n\n\n                                <h2 class=\"fifty-fifty-title h3\">Parkering och trafikf\u00f6rbindelser<\/h2>\n                \n                            <\/div>\n            <div class=\"col-12 col-xl-6\">\n                <div\n                    class=\"h-100 d-flex flex-column justify-content-start desktop-indentation-left\">\n                    <div class=\"entry-content\">\n                        \n\n<figure class=\"wp-block-image size-full is-resized\"><img loading=\"lazy\" decoding=\"async\" width=\"366\" height=\"366\" src=\"https:\/\/tahtocom-staging.test.cchosting.fi\/wp-content\/uploads\/2022\/04\/pysakointi-pieni@3x.png\" alt=\"\" class=\"wp-image-315\" style=\"width:78px;height:78px\" srcset=\"https:\/\/tahtocom-staging.test.cchosting.fi\/wp-content\/uploads\/2022\/04\/pysakointi-pieni@3x.png 366w, https:\/\/tahtocom-staging.test.cchosting.fi\/wp-content\/uploads\/2022\/04\/pysakointi-pieni@3x-300x300.png 300w, https:\/\/tahtocom-staging.test.cchosting.fi\/wp-content\/uploads\/2022\/04\/pysakointi-pieni@3x-150x150.png 150w\" sizes=\"auto, (max-width: 991px) 290px, 366px\" \/><\/figure>\n\n\n\n<p class=\"is-style-lead\">Parkeringsplatser<\/p>\n\n\n\n<p>De n\u00e4rmaste parkeringsplatserna hittar man p\u00e5 stadions Torntorg och Norra Stadiontorget. Parkeringen \u00e4r avgiftsbelagd och stadionevenemang f\u00f6rorsakar undantag i stadionomr\u00e5dets parkeringsm\u00f6jligheter. Helsingfors stads avgiftsbelagda parkeringsplatser finns p\u00e5 Idrottsgatan, Tallbackens plan och framf\u00f6r T\u00f6l\u00f6 sporthall. Vid Helsingfors ishall kan man parkera kostnadsfritt i fyra timmar. Under ishallens evenemangsdagar \u00e4r parkeringen avgiftsbelagd.<\/p>\n\n\n\n<p><\/p>\n\n\n\n<figure class=\"wp-block-image size-full is-resized\"><img loading=\"lazy\" decoding=\"async\" width=\"366\" height=\"366\" src=\"https:\/\/tahtocom-staging.test.cchosting.fi\/wp-content\/uploads\/2022\/04\/raitiovaunu-pieni@3x.png\" alt=\"\" class=\"wp-image-318\" style=\"width:77px;height:77px\" srcset=\"https:\/\/tahtocom-staging.test.cchosting.fi\/wp-content\/uploads\/2022\/04\/raitiovaunu-pieni@3x.png 366w, https:\/\/tahtocom-staging.test.cchosting.fi\/wp-content\/uploads\/2022\/04\/raitiovaunu-pieni@3x-300x300.png 300w, https:\/\/tahtocom-staging.test.cchosting.fi\/wp-content\/uploads\/2022\/04\/raitiovaunu-pieni@3x-150x150.png 150w\" sizes=\"auto, (max-width: 991px) 290px, 366px\" \/><\/figure>\n\n\n\n<p class=\"is-style-lead\">Trafikf\u00f6rbindelser<\/p>\n\n\n\n<p>Man kommer smidigt till TAHTO med s\u00e5v\u00e4l buss som sp\u00e5rvagn. De n\u00e4rmaste h\u00e5llplatserna finns vid T\u00f6l\u00f6 Sporthall, T\u00f6l\u00f6 bibliotek, Operan och Aurora sjukhus. F\u00f6r n\u00e4rmare information se HRL:s Reseplanerare.<\/p>\n\n\n\n<p><\/p>\n\n\n\n<figure class=\"wp-block-image size-full is-resized\"><img loading=\"lazy\" decoding=\"async\" width=\"366\" height=\"366\" src=\"https:\/\/tahtocom-staging.test.cchosting.fi\/wp-content\/uploads\/2022\/04\/esteeton-pysakointi-pieni@3x.png\" alt=\"\" class=\"wp-image-312\" style=\"width:72px;height:72px\" srcset=\"https:\/\/tahtocom-staging.test.cchosting.fi\/wp-content\/uploads\/2022\/04\/esteeton-pysakointi-pieni@3x.png 366w, https:\/\/tahtocom-staging.test.cchosting.fi\/wp-content\/uploads\/2022\/04\/esteeton-pysakointi-pieni@3x-300x300.png 300w, https:\/\/tahtocom-staging.test.cchosting.fi\/wp-content\/uploads\/2022\/04\/esteeton-pysakointi-pieni@3x-150x150.png 150w\" sizes=\"auto, (max-width: 991px) 290px, 366px\" \/><\/figure>\n\n\n\n<p class=\"is-style-lead\">Parkering f\u00f6r r\u00f6relsehindrad<\/p>\n\n\n\n<p>P\u00e5 TAHTOS v\u00e4stra sida finns parkeringsplatser reserverade f\u00f6r dem som innehar parkeringstillst\u00e5nd f\u00f6r r\u00f6relsehindrade.<\/p>\n\n\n                    <\/div>\n                <\/div>\n            <\/div>\n        <\/div>\n    <\/div>\n<\/section>\n\n\n<section class=\"block block-page-highlight container-fluid theme-white\">\n    <div class=\"container\">\n        <div class=\"row\">\n            <div class=\"col-12 page-highlight__inner\">\n                                <h2>L\u00e4s mer<\/h2>\n                \n                                <div class=\"row list-unstyled\">\n                                        <div class=\"col-12 col-lg-4 mb-4 mb-lg-0\">\n                        <a class=\"item h-100\" href=\"https:\/\/tahtocom-staging.test.cchosting.fi\/sv\/utstallningar\/\">\n                            <img loading=\"lazy\" decoding=\"async\" width=\"768\" height=\"510\" src=\"https:\/\/tahtocom-staging.test.cchosting.fi\/wp-content\/uploads\/2022\/06\/DSC_8653-1024x683-1-768x510.jpg\" class=\"attachment-page-highlight size-page-highlight wp-post-image\" alt=\"\" srcset=\"https:\/\/tahtocom-staging.test.cchosting.fi\/wp-content\/uploads\/2022\/06\/DSC_8653-1024x683-1-768x510.jpg 768w, https:\/\/tahtocom-staging.test.cchosting.fi\/wp-content\/uploads\/2022\/06\/DSC_8653-1024x683-1-300x200.jpg 300w\" sizes=\"auto, (max-width: 575px) 100vw, (max-width: 767px) 510px, (max-width: 991px) 290px, (max-width: 1199px) 530px, 768px\" \/>                            <h3 class=\"item-title h6\">Utst\u00e4llningar<\/h3>\n                        <\/a>\n                    <\/div>\n                                        <div class=\"col-12 col-lg-4 mb-4 mb-lg-0\">\n                        <a class=\"item h-100\" href=\"https:\/\/tahtocom-staging.test.cchosting.fi\/sv\/samlingar\/\">\n                            <img loading=\"lazy\" decoding=\"async\" width=\"768\" height=\"510\" src=\"https:\/\/tahtocom-staging.test.cchosting.fi\/wp-content\/uploads\/2022\/06\/5D39907_Urheilumuseo_Photo_PasiSalminen_com-1-768x510.jpg\" class=\"attachment-page-highlight size-page-highlight wp-post-image\" alt=\"\" srcset=\"https:\/\/tahtocom-staging.test.cchosting.fi\/wp-content\/uploads\/2022\/06\/5D39907_Urheilumuseo_Photo_PasiSalminen_com-1-768x510.jpg 768w, https:\/\/tahtocom-staging.test.cchosting.fi\/wp-content\/uploads\/2022\/06\/5D39907_Urheilumuseo_Photo_PasiSalminen_com-1-300x200.jpg 300w, https:\/\/tahtocom-staging.test.cchosting.fi\/wp-content\/uploads\/2022\/06\/5D39907_Urheilumuseo_Photo_PasiSalminen_com-1-560x373.jpg 560w\" sizes=\"auto, (max-width: 575px) 100vw, (max-width: 767px) 510px, (max-width: 991px) 290px, (max-width: 1199px) 530px, 768px\" \/>                            <h3 class=\"item-title h6\">Samlingar<\/h3>\n                        <\/a>\n                    <\/div>\n                                        <div class=\"col-12 col-lg-4 mb-4 mb-lg-0\">\n                        <a class=\"item h-100\" href=\"https:\/\/tahtocom-staging.test.cchosting.fi\/sv\/tilavuokraus\/\">\n                            <img loading=\"lazy\" decoding=\"async\" width=\"768\" height=\"510\" src=\"https:\/\/tahtocom-staging.test.cchosting.fi\/wp-content\/uploads\/2024\/02\/Kokoustila_uusi-ilme_koko_PA-768x510.jpg\" class=\"attachment-page-highlight size-page-highlight wp-post-image\" alt=\"\" \/>                            <h3 class=\"item-title h6\">Utrymmesuthyrning<\/h3>\n                        <\/a>\n                    <\/div>\n                                    <\/div>\n                            <\/div>\n        <\/div>\n    <\/div>\n<\/section>","protected":false},"excerpt":{"rendered":"","protected":false},"author":1,"featured_media":0,"parent":0,"menu_order":0,"comment_status":"closed","ping_status":"closed","template":"","meta":{"_acf_changed":false,"_relevanssi_hide_post":"","_relevanssi_hide_content":"","_relevanssi_pin_for_all":"","_relevanssi_pin_keywords":"","_relevanssi_unpin_keywords":"","_relevanssi_related_keywords":"","_relevanssi_related_include_ids":"","_relevanssi_related_exclude_ids":"","_relevanssi_related_no_append":"","_relevanssi_related_not_related":"","_relevanssi_related_posts":"","_relevanssi_noindex_reason":"","footnotes":""},"class_list":["post-1845","page","type-page","status-publish","hentry"],"acf":[],"yoast_head":"<!-- This site is optimized with the Yoast SEO plugin v27.1.1 - https:\/\/yoast.com\/product\/yoast-seo-wordpress\/ -->\n<title>Bes\u00f6k oss - Tahto<\/title>\n<meta name=\"robots\" content=\"noindex, follow, max-snippet:-1, max-image-preview:large, max-video-preview:-1\" \/>\n<meta property=\"og:locale\" content=\"sv_SE\" \/>\n<meta property=\"og:type\" content=\"article\" \/>\n<meta property=\"og:title\" content=\"Bes\u00f6k oss - Tahto\" \/>\n<meta property=\"og:url\" content=\"https:\/\/tahto.lndo.site\/sv\/besok-oss\/\" \/>\n<meta property=\"og:site_name\" content=\"Tahto\" \/>\n<meta property=\"article:modified_time\" content=\"2024-02-08T07:19:14+00:00\" \/>\n<meta property=\"og:image\" content=\"https:\/\/tahto.lndo.site\/wp-content\/uploads\/2022\/06\/LOGO-museikort-SV-400x251-1.png\" \/>\n<meta name=\"twitter:card\" content=\"summary_large_image\" \/>\n<meta name=\"twitter:label1\" content=\"Ber\u00e4knad l\u00e4stid\" \/>\n\t<meta name=\"twitter:data1\" content=\"7 minuter\" \/>\n<script type=\"application\/ld+json\" class=\"yoast-schema-graph\">{\"@context\":\"https:\/\/schema.org\",\"@graph\":[{\"@type\":\"WebPage\",\"@id\":\"https:\/\/tahto.lndo.site\/sv\/besok-oss\/\",\"url\":\"https:\/\/tahto.lndo.site\/sv\/besok-oss\/\",\"name\":\"Bes\u00f6k oss - Tahto\",\"isPartOf\":{\"@id\":\"https:\/\/tahtocom-staging.test.cchosting.fi\/#website\"},\"primaryImageOfPage\":{\"@id\":\"https:\/\/tahto.lndo.site\/sv\/besok-oss\/#primaryimage\"},\"image\":{\"@id\":\"https:\/\/tahto.lndo.site\/sv\/besok-oss\/#primaryimage\"},\"thumbnailUrl\":\"https:\/\/tahtocom-staging.test.cchosting.fi\/wp-content\/uploads\/2022\/06\/LOGO-museikort-SV-400x251-1.png\",\"datePublished\":\"2022-04-26T12:26:52+00:00\",\"dateModified\":\"2024-02-08T07:19:14+00:00\",\"breadcrumb\":{\"@id\":\"https:\/\/tahto.lndo.site\/sv\/besok-oss\/#breadcrumb\"},\"inLanguage\":\"sv-SE\",\"potentialAction\":[{\"@type\":\"ReadAction\",\"target\":[\"https:\/\/tahto.lndo.site\/sv\/besok-oss\/\"]}]},{\"@type\":\"ImageObject\",\"inLanguage\":\"sv-SE\",\"@id\":\"https:\/\/tahto.lndo.site\/sv\/besok-oss\/#primaryimage\",\"url\":\"https:\/\/tahtocom-staging.test.cchosting.fi\/wp-content\/uploads\/2022\/06\/LOGO-museikort-SV-400x251-1.png\",\"contentUrl\":\"https:\/\/tahtocom-staging.test.cchosting.fi\/wp-content\/uploads\/2022\/06\/LOGO-museikort-SV-400x251-1.png\"},{\"@type\":\"BreadcrumbList\",\"@id\":\"https:\/\/tahto.lndo.site\/sv\/besok-oss\/#breadcrumb\",\"itemListElement\":[{\"@type\":\"ListItem\",\"position\":1,\"name\":\"Etusivu\",\"item\":\"https:\/\/tahtocom-staging.test.cchosting.fi\/sv\/\"},{\"@type\":\"ListItem\",\"position\":2,\"name\":\"Bes\u00f6k oss\"}]},{\"@type\":\"WebSite\",\"@id\":\"https:\/\/tahtocom-staging.test.cchosting.fi\/#website\",\"url\":\"https:\/\/tahtocom-staging.test.cchosting.fi\/\",\"name\":\"Tahto\",\"description\":\"Uusi urheilumuseo\",\"publisher\":{\"@id\":\"https:\/\/tahtocom-staging.test.cchosting.fi\/#organization\"},\"potentialAction\":[{\"@type\":\"SearchAction\",\"target\":{\"@type\":\"EntryPoint\",\"urlTemplate\":\"https:\/\/tahtocom-staging.test.cchosting.fi\/?s={search_term_string}\"},\"query-input\":{\"@type\":\"PropertyValueSpecification\",\"valueRequired\":true,\"valueName\":\"search_term_string\"}}],\"inLanguage\":\"sv-SE\"},{\"@type\":\"Organization\",\"@id\":\"https:\/\/tahtocom-staging.test.cchosting.fi\/#organization\",\"name\":\"Tahto\",\"url\":\"https:\/\/tahtocom-staging.test.cchosting.fi\/\",\"logo\":{\"@type\":\"ImageObject\",\"inLanguage\":\"sv-SE\",\"@id\":\"https:\/\/tahtocom-staging.test.cchosting.fi\/#\/schema\/logo\/image\/\",\"url\":\"https:\/\/tahtocom-staging.test.cchosting.fi\/wp-content\/uploads\/2022\/05\/cropped-Favicon-Tahto-1.png\",\"contentUrl\":\"https:\/\/tahtocom-staging.test.cchosting.fi\/wp-content\/uploads\/2022\/05\/cropped-Favicon-Tahto-1.png\",\"width\":240,\"height\":240,\"caption\":\"Tahto\"},\"image\":{\"@id\":\"https:\/\/tahtocom-staging.test.cchosting.fi\/#\/schema\/logo\/image\/\"}}]}<\/script>\n<!-- \/ Yoast SEO plugin. -->","yoast_head_json":{"title":"Bes\u00f6k oss - Tahto","robots":{"index":"noindex","follow":"follow","max-snippet":"max-snippet:-1","max-image-preview":"max-image-preview:large","max-video-preview":"max-video-preview:-1"},"og_locale":"sv_SE","og_type":"article","og_title":"Bes\u00f6k oss - Tahto","og_url":"https:\/\/tahto.lndo.site\/sv\/besok-oss\/","og_site_name":"Tahto","article_modified_time":"2024-02-08T07:19:14+00:00","og_image":[{"url":"https:\/\/tahto.lndo.site\/wp-content\/uploads\/2022\/06\/LOGO-museikort-SV-400x251-1.png","type":"","width":"","height":""}],"twitter_card":"summary_large_image","twitter_misc":{"Ber\u00e4knad l\u00e4stid":"7 minuter"},"schema":{"@context":"https:\/\/schema.org","@graph":[{"@type":"WebPage","@id":"https:\/\/tahto.lndo.site\/sv\/besok-oss\/","url":"https:\/\/tahto.lndo.site\/sv\/besok-oss\/","name":"Bes\u00f6k oss - Tahto","isPartOf":{"@id":"https:\/\/tahtocom-staging.test.cchosting.fi\/#website"},"primaryImageOfPage":{"@id":"https:\/\/tahto.lndo.site\/sv\/besok-oss\/#primaryimage"},"image":{"@id":"https:\/\/tahto.lndo.site\/sv\/besok-oss\/#primaryimage"},"thumbnailUrl":"https:\/\/tahtocom-staging.test.cchosting.fi\/wp-content\/uploads\/2022\/06\/LOGO-museikort-SV-400x251-1.png","datePublished":"2022-04-26T12:26:52+00:00","dateModified":"2024-02-08T07:19:14+00:00","breadcrumb":{"@id":"https:\/\/tahto.lndo.site\/sv\/besok-oss\/#breadcrumb"},"inLanguage":"sv-SE","potentialAction":[{"@type":"ReadAction","target":["https:\/\/tahto.lndo.site\/sv\/besok-oss\/"]}]},{"@type":"ImageObject","inLanguage":"sv-SE","@id":"https:\/\/tahto.lndo.site\/sv\/besok-oss\/#primaryimage","url":"https:\/\/tahtocom-staging.test.cchosting.fi\/wp-content\/uploads\/2022\/06\/LOGO-museikort-SV-400x251-1.png","contentUrl":"https:\/\/tahtocom-staging.test.cchosting.fi\/wp-content\/uploads\/2022\/06\/LOGO-museikort-SV-400x251-1.png"},{"@type":"BreadcrumbList","@id":"https:\/\/tahto.lndo.site\/sv\/besok-oss\/#breadcrumb","itemListElement":[{"@type":"ListItem","position":1,"name":"Etusivu","item":"https:\/\/tahtocom-staging.test.cchosting.fi\/sv\/"},{"@type":"ListItem","position":2,"name":"Bes\u00f6k oss"}]},{"@type":"WebSite","@id":"https:\/\/tahtocom-staging.test.cchosting.fi\/#website","url":"https:\/\/tahtocom-staging.test.cchosting.fi\/","name":"Tahto","description":"Uusi urheilumuseo","publisher":{"@id":"https:\/\/tahtocom-staging.test.cchosting.fi\/#organization"},"potentialAction":[{"@type":"SearchAction","target":{"@type":"EntryPoint","urlTemplate":"https:\/\/tahtocom-staging.test.cchosting.fi\/?s={search_term_string}"},"query-input":{"@type":"PropertyValueSpecification","valueRequired":true,"valueName":"search_term_string"}}],"inLanguage":"sv-SE"},{"@type":"Organization","@id":"https:\/\/tahtocom-staging.test.cchosting.fi\/#organization","name":"Tahto","url":"https:\/\/tahtocom-staging.test.cchosting.fi\/","logo":{"@type":"ImageObject","inLanguage":"sv-SE","@id":"https:\/\/tahtocom-staging.test.cchosting.fi\/#\/schema\/logo\/image\/","url":"https:\/\/tahtocom-staging.test.cchosting.fi\/wp-content\/uploads\/2022\/05\/cropped-Favicon-Tahto-1.png","contentUrl":"https:\/\/tahtocom-staging.test.cchosting.fi\/wp-content\/uploads\/2022\/05\/cropped-Favicon-Tahto-1.png","width":240,"height":240,"caption":"Tahto"},"image":{"@id":"https:\/\/tahtocom-staging.test.cchosting.fi\/#\/schema\/logo\/image\/"}}]}},"_links":{"self":[{"href":"https:\/\/tahtocom-staging.test.cchosting.fi\/sv\/wp-json\/wp\/v2\/pages\/1845","targetHints":{"allow":["GET"]}}],"collection":[{"href":"https:\/\/tahtocom-staging.test.cchosting.fi\/sv\/wp-json\/wp\/v2\/pages"}],"about":[{"href":"https:\/\/tahtocom-staging.test.cchosting.fi\/sv\/wp-json\/wp\/v2\/types\/page"}],"author":[{"embeddable":true,"href":"https:\/\/tahtocom-staging.test.cchosting.fi\/sv\/wp-json\/wp\/v2\/users\/1"}],"replies":[{"embeddable":true,"href":"https:\/\/tahtocom-staging.test.cchosting.fi\/sv\/wp-json\/wp\/v2\/comments?post=1845"}],"version-history":[{"count":14,"href":"https:\/\/tahtocom-staging.test.cchosting.fi\/sv\/wp-json\/wp\/v2\/pages\/1845\/revisions"}],"predecessor-version":[{"id":9254,"href":"https:\/\/tahtocom-staging.test.cchosting.fi\/sv\/wp-json\/wp\/v2\/pages\/1845\/revisions\/9254"}],"wp:attachment":[{"href":"https:\/\/tahtocom-staging.test.cchosting.fi\/sv\/wp-json\/wp\/v2\/media?parent=1845"}],"curies":[{"name":"wp","href":"https:\/\/api.w.org\/{rel}","templated":true}]}}