{"id":169,"date":"2023-02-27T15:04:25","date_gmt":"2023-02-27T13:04:25","guid":{"rendered":"https:\/\/tahtocom-staging.test.cchosting.fi\/esimerkkisivu\/"},"modified":"2024-04-29T10:26:11","modified_gmt":"2024-04-29T07:26:11","slug":"framsida","status":"publish","type":"page","link":"https:\/\/tahtocom-staging.test.cchosting.fi\/sv\/","title":{"rendered":"Framsida"},"content":{"rendered":"\n<section class=\"block block-frontpage-hero container-fluid theme-gray\">\n    <div class=\"container\">\n        <div class=\"row\">\n            <div class=\"col-12 col-hd-5 order-2 order-hd-1\">\n                <div class=\"text-content h-100\">\n                    <h1 class=\"uppercase\">Motion b\u00f6rjar med vilja<\/h1>\n                    <p>TAHTO erbjuder unika upplevelser och nya synvinklar p\u00e5 idrott. Se, bes\u00f6k och uppleva TAHTO! <\/p>\n                <\/div>\n            <\/div>\n            <div class=\"col-12 col-hd-7 order-1 order-hd-2 mb-4 mb-hd-0\">\n                <img decoding=\"async\" src=\"https:\/\/tahtocom-staging.test.cchosting.fi\/wp-content\/uploads\/2022\/06\/TAHTO_BRAND_ELEMENT2_2ccba225-2968-4a7a-b701-ae5be596223b-01-e1662960019672.png\" width=\"600\" height=\"643\" alt=\"\" loading=\"lazy\">            <\/div>\n        <\/div>\n    <\/div>\n<\/section>\n\n\n<section class=\"block block-fifty-fifty container-fluid theme-white\">\n    <div class=\"container\">\n        <div class=\"row flex-xl-row\">\n            <div class=\"col-12 col-xl-6 d-inline-flex flex-column left-column\">\n                \n\n<img decoding=\"async\" src=\"https:\/\/tahtocom-staging.test.cchosting.fi\/wp-content\/uploads\/2024\/04\/Tahto_huhtikuu2024_008-scaled.jpg\" width=\"2560\" height=\"1440\" class=\"fifty-fifty-media\" alt=\"\" loading=\"lazy\">\n                \n                            <\/div>\n            <div class=\"col-12 col-xl-6\">\n                <div\n                    class=\"h-100 d-flex flex-column justify-content-end desktop-indentation-left\">\n                    <div class=\"entry-content\">\n                        \n\n<h3 class=\"wp-block-heading\">V\u00e4lkommen till TAHTO<\/h3>\n\n\n\n<p><strong>M\u00c5N\u2013TIS OCH FRE 10\u201318<\/strong><\/p>\n\n\n\n<p><strong>ONS\u2013TORS 10\u201319 (1.5. st\u00e4ngt)<\/strong><\/p>\n\n\n\n<p><strong>L\u00d6R\u2013S\u00d6N 11\u201317<\/strong><br><\/p>\n\n\n\n<div class=\"wp-block-buttons is-layout-flex wp-block-buttons-is-layout-flex\">\n<div class=\"wp-block-button is-style-outline is-style-outline--1\"><a class=\"wp-block-button__link has-black-color has-blue-background-color has-text-color has-background wp-element-button\" href=\"https:\/\/tahtocom-staging.test.cchosting.fi\/sv\/besok-oss\/\">\u00d6ppettider och entr\u00e9avgifter<\/a><\/div>\n\n\n\n<div class=\"wp-block-button is-style-outline is-style-outline--2\"><a class=\"wp-block-button__link has-black-color has-blue-background-color has-text-color has-background wp-element-button\" href=\"https:\/\/www.stadion.fi\/sv\/info\/kontaktuppgifter\">Tornets \u00f6ppettider<\/a><\/div>\n<\/div>\n\n\n                    <\/div>\n                <\/div>\n            <\/div>\n        <\/div>\n    <\/div>\n<\/section>\n\n\n<section class=\"block block-fifty-fifty container-fluid theme-gray\">\n    <div class=\"container\">\n        <div class=\"row flex-xl-row-reverse\">\n            <div class=\"col-12 col-xl-6 d-inline-flex flex-column left-column\">\n                \n\n<img decoding=\"async\" src=\"https:\/\/tahtocom-staging.test.cchosting.fi\/wp-content\/uploads\/2023\/08\/DSC_6433-Enhanced-NR-scaled.jpg\" width=\"2560\" height=\"1707\" class=\"fifty-fifty-media\" alt=\"\" loading=\"lazy\">\n                \n                            <\/div>\n            <div class=\"col-12 col-xl-6\">\n                <div\n                    class=\"h-100 d-flex flex-column justify-content-start \">\n                    <div class=\"entry-content\">\n                        \n\n<h2 class=\"wp-block-heading\">Evenemang p\u00e5 TAHTO<\/h2>\n\n\n\n<p>Bekanta dig med TAHTO huvudutst\u00e4llning under ledning av en guide! P\u00e5 turen kan du \u00e5teruppleva k\u00e4nslor som har v\u00e4ckts av sport, h\u00f6ra sp\u00e4nnande historier om v\u00e5ra idrottshj\u00e4ltar och se m\u00e5nga av museums skatter, till exempel Ville Ritolas medaljer, facklan fr\u00e5n OS i Helsingfors 1952 och Matti Nyk\u00e4nens f\u00f6rsta egna hoppskidor.<\/p>\n\n\n\n<p>Turen ing\u00e5r i priset av intr\u00e4desbiljetten och varar cirka 30 minuter. F\u00f6ranm\u00e4lan \u00e4r inte n\u00f6dv\u00e4ndig.<\/p>\n\n\n\n<p>V\u00e4lkommen!<\/p>\n\n\n\n<div class=\"wp-block-buttons is-layout-flex wp-block-buttons-is-layout-flex\">\n<div class=\"wp-block-button is-style-fill\"><a class=\"wp-block-button__link has-black-color has-pink-background-color has-text-color has-background wp-element-button\" href=\"https:\/\/tahtocom-staging.test.cchosting.fi\/sv\/guidade-rundturer\/\">Guidade rundturer<\/a><\/div>\n\n\n\n<div class=\"wp-block-button is-style-fill\"><a class=\"wp-block-button__link has-black-color has-pink-background-color has-text-color has-background wp-element-button\" href=\"https:\/\/tahtocom-staging.test.cchosting.fi\/sv\/guidningar-for-grupper\/\">Boka guidningen<\/a><\/div>\n<\/div>\n\n\n                    <\/div>\n                <\/div>\n            <\/div>\n        <\/div>\n    <\/div>\n<\/section>","protected":false},"excerpt":{"rendered":"","protected":false},"author":2,"featured_media":10084,"parent":0,"menu_order":0,"comment_status":"closed","ping_status":"open","template":"","meta":{"_acf_changed":false,"_relevanssi_hide_post":"","_relevanssi_hide_content":"","_relevanssi_pin_for_all":"","_relevanssi_pin_keywords":"","_relevanssi_unpin_keywords":"","_relevanssi_related_keywords":"","_relevanssi_related_include_ids":"","_relevanssi_related_exclude_ids":"","_relevanssi_related_no_append":"","_relevanssi_related_not_related":"","_relevanssi_related_posts":"","_relevanssi_noindex_reason":"","footnotes":""},"class_list":["post-169","page","type-page","status-publish","has-post-thumbnail","hentry"],"acf":[],"yoast_head":"<!-- This site is optimized with the Yoast SEO plugin v27.1.1 - https:\/\/yoast.com\/product\/yoast-seo-wordpress\/ -->\n<title>Framsida - Tahto<\/title>\n<meta name=\"description\" content=\"TAHTO - Idrottsmuseet i Olympiastadion erbjuder unika upplevelser och nya synvinklar p\u00e5 idrott. Se, bes\u00f6k och uppleva TAHTO!\" \/>\n<meta name=\"robots\" content=\"noindex, follow, max-snippet:-1, max-image-preview:large, max-video-preview:-1\" \/>\n<meta property=\"og:locale\" content=\"sv_SE\" \/>\n<meta property=\"og:type\" content=\"article\" \/>\n<meta property=\"og:title\" content=\"Framsida - Tahto\" \/>\n<meta property=\"og:description\" content=\"TAHTO - Idrottsmuseet i Olympiastadion erbjuder unika upplevelser och nya synvinklar p\u00e5 idrott. Se, bes\u00f6k och uppleva TAHTO!\" \/>\n<meta property=\"og:url\" content=\"https:\/\/tahtocom-staging.test.cchosting.fi\/sv\/\" \/>\n<meta property=\"og:site_name\" content=\"Tahto\" \/>\n<meta property=\"article:modified_time\" content=\"2024-04-29T07:26:11+00:00\" \/>\n<meta property=\"og:image\" content=\"https:\/\/tahtocom-staging.test.cchosting.fi\/wp-content\/uploads\/2024\/04\/Tahto_huhtikuu2024_008-scaled.jpg\" \/>\n\t<meta property=\"og:image:width\" content=\"2560\" \/>\n\t<meta property=\"og:image:height\" content=\"1440\" \/>\n\t<meta property=\"og:image:type\" content=\"image\/jpeg\" \/>\n<meta name=\"twitter:card\" content=\"summary_large_image\" \/>\n<meta name=\"twitter:label1\" content=\"Ber\u00e4knad l\u00e4stid\" \/>\n\t<meta name=\"twitter:data1\" content=\"2 minuter\" \/>\n<script type=\"application\/ld+json\" class=\"yoast-schema-graph\">{\"@context\":\"https:\/\/schema.org\",\"@graph\":[{\"@type\":\"WebPage\",\"@id\":\"https:\/\/tahtocom-staging.test.cchosting.fi\/sv\/\",\"url\":\"https:\/\/tahtocom-staging.test.cchosting.fi\/sv\/\",\"name\":\"Framsida - Tahto\",\"isPartOf\":{\"@id\":\"https:\/\/tahtocom-staging.test.cchosting.fi\/#website\"},\"primaryImageOfPage\":{\"@id\":\"https:\/\/tahtocom-staging.test.cchosting.fi\/sv\/#primaryimage\"},\"image\":{\"@id\":\"https:\/\/tahtocom-staging.test.cchosting.fi\/sv\/#primaryimage\"},\"thumbnailUrl\":\"https:\/\/tahtocom-staging.test.cchosting.fi\/wp-content\/uploads\/2024\/04\/Tahto_huhtikuu2024_008-scaled.jpg\",\"datePublished\":\"2023-02-27T13:04:25+00:00\",\"dateModified\":\"2024-04-29T07:26:11+00:00\",\"description\":\"TAHTO - Idrottsmuseet i Olympiastadion erbjuder unika upplevelser och nya synvinklar p\u00e5 idrott. Se, bes\u00f6k och uppleva TAHTO!\",\"breadcrumb\":{\"@id\":\"https:\/\/tahtocom-staging.test.cchosting.fi\/sv\/#breadcrumb\"},\"inLanguage\":\"sv-SE\",\"potentialAction\":[{\"@type\":\"ReadAction\",\"target\":[\"https:\/\/tahtocom-staging.test.cchosting.fi\/sv\/\"]}]},{\"@type\":\"ImageObject\",\"inLanguage\":\"sv-SE\",\"@id\":\"https:\/\/tahtocom-staging.test.cchosting.fi\/sv\/#primaryimage\",\"url\":\"https:\/\/tahtocom-staging.test.cchosting.fi\/wp-content\/uploads\/2024\/04\/Tahto_huhtikuu2024_008-scaled.jpg\",\"contentUrl\":\"https:\/\/tahtocom-staging.test.cchosting.fi\/wp-content\/uploads\/2024\/04\/Tahto_huhtikuu2024_008-scaled.jpg\",\"width\":2560,\"height\":1440,\"caption\":\"Urheilun suuria tarinoita ja riemua.\"},{\"@type\":\"BreadcrumbList\",\"@id\":\"https:\/\/tahtocom-staging.test.cchosting.fi\/sv\/#breadcrumb\",\"itemListElement\":[{\"@type\":\"ListItem\",\"position\":1,\"name\":\"Etusivu\",\"item\":\"https:\/\/tahtocom-staging.test.cchosting.fi\/sv\/\"},{\"@type\":\"ListItem\",\"position\":2,\"name\":\"Framsida\"}]},{\"@type\":\"WebSite\",\"@id\":\"https:\/\/tahtocom-staging.test.cchosting.fi\/#website\",\"url\":\"https:\/\/tahtocom-staging.test.cchosting.fi\/\",\"name\":\"Tahto\",\"description\":\"Uusi urheilumuseo\",\"publisher\":{\"@id\":\"https:\/\/tahtocom-staging.test.cchosting.fi\/#organization\"},\"potentialAction\":[{\"@type\":\"SearchAction\",\"target\":{\"@type\":\"EntryPoint\",\"urlTemplate\":\"https:\/\/tahtocom-staging.test.cchosting.fi\/?s={search_term_string}\"},\"query-input\":{\"@type\":\"PropertyValueSpecification\",\"valueRequired\":true,\"valueName\":\"search_term_string\"}}],\"inLanguage\":\"sv-SE\"},{\"@type\":\"Organization\",\"@id\":\"https:\/\/tahtocom-staging.test.cchosting.fi\/#organization\",\"name\":\"Tahto\",\"url\":\"https:\/\/tahtocom-staging.test.cchosting.fi\/\",\"logo\":{\"@type\":\"ImageObject\",\"inLanguage\":\"sv-SE\",\"@id\":\"https:\/\/tahtocom-staging.test.cchosting.fi\/#\/schema\/logo\/image\/\",\"url\":\"https:\/\/tahtocom-staging.test.cchosting.fi\/wp-content\/uploads\/2022\/05\/cropped-Favicon-Tahto-1.png\",\"contentUrl\":\"https:\/\/tahtocom-staging.test.cchosting.fi\/wp-content\/uploads\/2022\/05\/cropped-Favicon-Tahto-1.png\",\"width\":240,\"height\":240,\"caption\":\"Tahto\"},\"image\":{\"@id\":\"https:\/\/tahtocom-staging.test.cchosting.fi\/#\/schema\/logo\/image\/\"}}]}<\/script>\n<!-- \/ Yoast SEO plugin. -->","yoast_head_json":{"title":"Framsida - Tahto","description":"TAHTO - Idrottsmuseet i Olympiastadion erbjuder unika upplevelser och nya synvinklar p\u00e5 idrott. Se, bes\u00f6k och uppleva TAHTO!","robots":{"index":"noindex","follow":"follow","max-snippet":"max-snippet:-1","max-image-preview":"max-image-preview:large","max-video-preview":"max-video-preview:-1"},"og_locale":"sv_SE","og_type":"article","og_title":"Framsida - Tahto","og_description":"TAHTO - Idrottsmuseet i Olympiastadion erbjuder unika upplevelser och nya synvinklar p\u00e5 idrott. Se, bes\u00f6k och uppleva TAHTO!","og_url":"https:\/\/tahtocom-staging.test.cchosting.fi\/sv\/","og_site_name":"Tahto","article_modified_time":"2024-04-29T07:26:11+00:00","og_image":[{"width":2560,"height":1440,"url":"https:\/\/tahtocom-staging.test.cchosting.fi\/wp-content\/uploads\/2024\/04\/Tahto_huhtikuu2024_008-scaled.jpg","type":"image\/jpeg"}],"twitter_card":"summary_large_image","twitter_misc":{"Ber\u00e4knad l\u00e4stid":"2 minuter"},"schema":{"@context":"https:\/\/schema.org","@graph":[{"@type":"WebPage","@id":"https:\/\/tahtocom-staging.test.cchosting.fi\/sv\/","url":"https:\/\/tahtocom-staging.test.cchosting.fi\/sv\/","name":"Framsida - Tahto","isPartOf":{"@id":"https:\/\/tahtocom-staging.test.cchosting.fi\/#website"},"primaryImageOfPage":{"@id":"https:\/\/tahtocom-staging.test.cchosting.fi\/sv\/#primaryimage"},"image":{"@id":"https:\/\/tahtocom-staging.test.cchosting.fi\/sv\/#primaryimage"},"thumbnailUrl":"https:\/\/tahtocom-staging.test.cchosting.fi\/wp-content\/uploads\/2024\/04\/Tahto_huhtikuu2024_008-scaled.jpg","datePublished":"2023-02-27T13:04:25+00:00","dateModified":"2024-04-29T07:26:11+00:00","description":"TAHTO - Idrottsmuseet i Olympiastadion erbjuder unika upplevelser och nya synvinklar p\u00e5 idrott. Se, bes\u00f6k och uppleva TAHTO!","breadcrumb":{"@id":"https:\/\/tahtocom-staging.test.cchosting.fi\/sv\/#breadcrumb"},"inLanguage":"sv-SE","potentialAction":[{"@type":"ReadAction","target":["https:\/\/tahtocom-staging.test.cchosting.fi\/sv\/"]}]},{"@type":"ImageObject","inLanguage":"sv-SE","@id":"https:\/\/tahtocom-staging.test.cchosting.fi\/sv\/#primaryimage","url":"https:\/\/tahtocom-staging.test.cchosting.fi\/wp-content\/uploads\/2024\/04\/Tahto_huhtikuu2024_008-scaled.jpg","contentUrl":"https:\/\/tahtocom-staging.test.cchosting.fi\/wp-content\/uploads\/2024\/04\/Tahto_huhtikuu2024_008-scaled.jpg","width":2560,"height":1440,"caption":"Urheilun suuria tarinoita ja riemua."},{"@type":"BreadcrumbList","@id":"https:\/\/tahtocom-staging.test.cchosting.fi\/sv\/#breadcrumb","itemListElement":[{"@type":"ListItem","position":1,"name":"Etusivu","item":"https:\/\/tahtocom-staging.test.cchosting.fi\/sv\/"},{"@type":"ListItem","position":2,"name":"Framsida"}]},{"@type":"WebSite","@id":"https:\/\/tahtocom-staging.test.cchosting.fi\/#website","url":"https:\/\/tahtocom-staging.test.cchosting.fi\/","name":"Tahto","description":"Uusi urheilumuseo","publisher":{"@id":"https:\/\/tahtocom-staging.test.cchosting.fi\/#organization"},"potentialAction":[{"@type":"SearchAction","target":{"@type":"EntryPoint","urlTemplate":"https:\/\/tahtocom-staging.test.cchosting.fi\/?s={search_term_string}"},"query-input":{"@type":"PropertyValueSpecification","valueRequired":true,"valueName":"search_term_string"}}],"inLanguage":"sv-SE"},{"@type":"Organization","@id":"https:\/\/tahtocom-staging.test.cchosting.fi\/#organization","name":"Tahto","url":"https:\/\/tahtocom-staging.test.cchosting.fi\/","logo":{"@type":"ImageObject","inLanguage":"sv-SE","@id":"https:\/\/tahtocom-staging.test.cchosting.fi\/#\/schema\/logo\/image\/","url":"https:\/\/tahtocom-staging.test.cchosting.fi\/wp-content\/uploads\/2022\/05\/cropped-Favicon-Tahto-1.png","contentUrl":"https:\/\/tahtocom-staging.test.cchosting.fi\/wp-content\/uploads\/2022\/05\/cropped-Favicon-Tahto-1.png","width":240,"height":240,"caption":"Tahto"},"image":{"@id":"https:\/\/tahtocom-staging.test.cchosting.fi\/#\/schema\/logo\/image\/"}}]}},"_links":{"self":[{"href":"https:\/\/tahtocom-staging.test.cchosting.fi\/sv\/wp-json\/wp\/v2\/pages\/169","targetHints":{"allow":["GET"]}}],"collection":[{"href":"https:\/\/tahtocom-staging.test.cchosting.fi\/sv\/wp-json\/wp\/v2\/pages"}],"about":[{"href":"https:\/\/tahtocom-staging.test.cchosting.fi\/sv\/wp-json\/wp\/v2\/types\/page"}],"author":[{"embeddable":true,"href":"https:\/\/tahtocom-staging.test.cchosting.fi\/sv\/wp-json\/wp\/v2\/users\/2"}],"replies":[{"embeddable":true,"href":"https:\/\/tahtocom-staging.test.cchosting.fi\/sv\/wp-json\/wp\/v2\/comments?post=169"}],"version-history":[{"count":14,"href":"https:\/\/tahtocom-staging.test.cchosting.fi\/sv\/wp-json\/wp\/v2\/pages\/169\/revisions"}],"predecessor-version":[{"id":10142,"href":"https:\/\/tahtocom-staging.test.cchosting.fi\/sv\/wp-json\/wp\/v2\/pages\/169\/revisions\/10142"}],"wp:featuredmedia":[{"embeddable":true,"href":"https:\/\/tahtocom-staging.test.cchosting.fi\/sv\/wp-json\/wp\/v2\/media\/10084"}],"wp:attachment":[{"href":"https:\/\/tahtocom-staging.test.cchosting.fi\/sv\/wp-json\/wp\/v2\/media?parent=169"}],"curies":[{"name":"wp","href":"https:\/\/api.w.org\/{rel}","templated":true}]}}