{"id":786,"date":"2022-05-16T15:19:04","date_gmt":"2022-05-16T12:19:04","guid":{"rendered":"https:\/\/tahtocom-staging.test.cchosting.fi\/?page_id=786"},"modified":"2024-04-11T11:33:24","modified_gmt":"2024-04-11T08:33:24","slug":"documents","status":"publish","type":"page","link":"https:\/\/tahtocom-staging.test.cchosting.fi\/en\/kokoelmat\/documents\/","title":{"rendered":"Documents"},"content":{"rendered":"\n<section class=\"block block-content-wrapper container-fluid theme-orange\">\n    <div class=\"container\">\n        <div class=\"row\">\n            <div class=\"col-12 col-lg-8 offset-lg-2 col-hd-6 offset-hd-3\">\n                <main class=\"entry-content\">\n                    \n\n<h1 class=\"wp-block-heading\">DOCUMENTS<\/h1>\n\n\n\n<p>Documents convey information from the past. In our archives you can study documents of Finnish sports organisations, clubs and societies as well as collections donated by private individuals.<\/p>\n\n\n\n<div class=\"wp-block-button\"><a class=\"wp-block-button__link has-white-color has-black-background-color has-text-color has-background has-link-color wp-element-button\" href=\"https:\/\/museo.disec.fi\/Yksa4\/public\/Urheilumuseo\/\">Search of materials<\/a><\/div>\n\n\n                <\/main>\n            <\/div>\n        <\/div>\n    <\/div>\n<\/section>\n\n\n<section class=\"block block-fifty-fifty container-fluid theme-blue\">\n    <div class=\"container\">\n        <div class=\"row flex-xl-row-reverse\">\n            <div class=\"col-12 col-xl-6 d-inline-flex flex-column left-column\">\n                \n\n<img decoding=\"async\" src=\"https:\/\/tahtocom-staging.test.cchosting.fi\/wp-content\/uploads\/2024\/04\/20181011_140718-scaled.jpg\" width=\"2560\" height=\"1920\" class=\"fifty-fifty-media\" alt=\"\" loading=\"lazy\">\n                \n                            <\/div>\n            <div class=\"col-12 col-xl-6\">\n                <div\n                    class=\"h-100 d-flex flex-column justify-content-start \">\n                    <div class=\"entry-content\">\n                        \n\n<h5 class=\"wp-block-heading\"><strong>Ordering and studying documents<\/strong><\/h5>\n\n\n\n<p>Some of the material has been digitised. You will find index information on all our documents and digitised materials in our database.<\/p>\n\n\n\n<p>Visitors can study archive materials at our premises. As all the materials are kept in remote facilities, you should order materials in advance to ensure that they are available at the time of your visit. You may place your order by e-mail or telephone.<br><\/p>\n\n\n\n<h6 class=\"wp-block-heading\">More information<\/h6>\n\n\n\n<p>Ossi Viita<br>Head of Collections<br>ossi.viita(at)tahtocom-staging.test.cchosting.fi<br>tel. +358 44 712 9345<br>\u00a0<br>Teemu Vuorenp\u00e4\u00e4<br>Specialist<br>teemu.vuorenpaa(at)tahtocom-staging.test.cchosting.fi<br>tel. +358 44 719 3643<\/p>\n\n\n                    <\/div>\n                <\/div>\n            <\/div>\n        <\/div>\n    <\/div>\n<\/section>","protected":false},"excerpt":{"rendered":"","protected":false},"author":15,"featured_media":9647,"parent":441,"menu_order":1,"comment_status":"closed","ping_status":"closed","template":"","meta":{"_acf_changed":false,"_relevanssi_hide_post":"","_relevanssi_hide_content":"","_relevanssi_pin_for_all":"","_relevanssi_pin_keywords":"","_relevanssi_unpin_keywords":"","_relevanssi_related_keywords":"","_relevanssi_related_include_ids":"","_relevanssi_related_exclude_ids":"","_relevanssi_related_no_append":"","_relevanssi_related_not_related":"","_relevanssi_related_posts":"","_relevanssi_noindex_reason":"","footnotes":""},"class_list":["post-786","page","type-page","status-publish","has-post-thumbnail","hentry"],"acf":[],"yoast_head":"<!-- This site is optimized with the Yoast SEO plugin v27.1.1 - https:\/\/yoast.com\/product\/yoast-seo-wordpress\/ -->\n<title>Documents - Tahto<\/title>\n<meta name=\"robots\" content=\"noindex, follow, max-snippet:-1, max-image-preview:large, max-video-preview:-1\" \/>\n<meta property=\"og:locale\" content=\"en_US\" \/>\n<meta property=\"og:type\" content=\"article\" \/>\n<meta property=\"og:title\" content=\"Documents - Tahto\" \/>\n<meta property=\"og:url\" content=\"https:\/\/tahtocom-staging.test.cchosting.fi\/en\/kokoelmat\/documents\/\" \/>\n<meta property=\"og:site_name\" content=\"Tahto\" \/>\n<meta property=\"article:modified_time\" content=\"2024-04-11T08:33:24+00:00\" \/>\n<meta property=\"og:image\" content=\"https:\/\/tahtocom-staging.test.cchosting.fi\/wp-content\/uploads\/2024\/04\/matkustajalistaa-jos-taittoon-tarvitaan-scaled.jpg\" \/>\n\t<meta property=\"og:image:width\" content=\"2560\" \/>\n\t<meta property=\"og:image:height\" content=\"2427\" \/>\n\t<meta property=\"og:image:type\" content=\"image\/jpeg\" \/>\n<meta name=\"twitter:card\" content=\"summary_large_image\" \/>\n<meta name=\"twitter:label1\" content=\"Est. reading time\" \/>\n\t<meta name=\"twitter:data1\" content=\"2 minutes\" \/>\n<script type=\"application\/ld+json\" class=\"yoast-schema-graph\">{\"@context\":\"https:\/\/schema.org\",\"@graph\":[{\"@type\":\"WebPage\",\"@id\":\"https:\/\/tahtocom-staging.test.cchosting.fi\/en\/kokoelmat\/documents\/\",\"url\":\"https:\/\/tahtocom-staging.test.cchosting.fi\/en\/kokoelmat\/documents\/\",\"name\":\"Documents - Tahto\",\"isPartOf\":{\"@id\":\"https:\/\/tahtocom-staging.test.cchosting.fi\/#website\"},\"primaryImageOfPage\":{\"@id\":\"https:\/\/tahtocom-staging.test.cchosting.fi\/en\/kokoelmat\/documents\/#primaryimage\"},\"image\":{\"@id\":\"https:\/\/tahtocom-staging.test.cchosting.fi\/en\/kokoelmat\/documents\/#primaryimage\"},\"thumbnailUrl\":\"https:\/\/tahtocom-staging.test.cchosting.fi\/wp-content\/uploads\/2024\/04\/matkustajalistaa-jos-taittoon-tarvitaan-scaled.jpg\",\"datePublished\":\"2022-05-16T12:19:04+00:00\",\"dateModified\":\"2024-04-11T08:33:24+00:00\",\"breadcrumb\":{\"@id\":\"https:\/\/tahtocom-staging.test.cchosting.fi\/en\/kokoelmat\/documents\/#breadcrumb\"},\"inLanguage\":\"en-US\",\"potentialAction\":[{\"@type\":\"ReadAction\",\"target\":[\"https:\/\/tahtocom-staging.test.cchosting.fi\/en\/kokoelmat\/documents\/\"]}]},{\"@type\":\"ImageObject\",\"inLanguage\":\"en-US\",\"@id\":\"https:\/\/tahtocom-staging.test.cchosting.fi\/en\/kokoelmat\/documents\/#primaryimage\",\"url\":\"https:\/\/tahtocom-staging.test.cchosting.fi\/wp-content\/uploads\/2024\/04\/matkustajalistaa-jos-taittoon-tarvitaan-scaled.jpg\",\"contentUrl\":\"https:\/\/tahtocom-staging.test.cchosting.fi\/wp-content\/uploads\/2024\/04\/matkustajalistaa-jos-taittoon-tarvitaan-scaled.jpg\",\"width\":2560,\"height\":2427,\"caption\":\"Prinsessa Margarethan matkustajalistaa varustettuna Suomen olympiakomitean sihteerin W\u00e4in\u00f6 Solstrandin merkinn\u00f6in. TAHDON arkisto.\"},{\"@type\":\"BreadcrumbList\",\"@id\":\"https:\/\/tahtocom-staging.test.cchosting.fi\/en\/kokoelmat\/documents\/#breadcrumb\",\"itemListElement\":[{\"@type\":\"ListItem\",\"position\":1,\"name\":\"Etusivu\",\"item\":\"https:\/\/tahtocom-staging.test.cchosting.fi\/en\/\"},{\"@type\":\"ListItem\",\"position\":2,\"name\":\"Collections\",\"item\":\"https:\/\/tahtocom-staging.test.cchosting.fi\/en\/kokoelmat\/\"},{\"@type\":\"ListItem\",\"position\":3,\"name\":\"Documents\"}]},{\"@type\":\"WebSite\",\"@id\":\"https:\/\/tahtocom-staging.test.cchosting.fi\/#website\",\"url\":\"https:\/\/tahtocom-staging.test.cchosting.fi\/\",\"name\":\"Tahto\",\"description\":\"Uusi urheilumuseo\",\"publisher\":{\"@id\":\"https:\/\/tahtocom-staging.test.cchosting.fi\/#organization\"},\"potentialAction\":[{\"@type\":\"SearchAction\",\"target\":{\"@type\":\"EntryPoint\",\"urlTemplate\":\"https:\/\/tahtocom-staging.test.cchosting.fi\/?s={search_term_string}\"},\"query-input\":{\"@type\":\"PropertyValueSpecification\",\"valueRequired\":true,\"valueName\":\"search_term_string\"}}],\"inLanguage\":\"en-US\"},{\"@type\":\"Organization\",\"@id\":\"https:\/\/tahtocom-staging.test.cchosting.fi\/#organization\",\"name\":\"Tahto\",\"url\":\"https:\/\/tahtocom-staging.test.cchosting.fi\/\",\"logo\":{\"@type\":\"ImageObject\",\"inLanguage\":\"en-US\",\"@id\":\"https:\/\/tahtocom-staging.test.cchosting.fi\/#\/schema\/logo\/image\/\",\"url\":\"https:\/\/tahtocom-staging.test.cchosting.fi\/wp-content\/uploads\/2022\/05\/cropped-Favicon-Tahto-1.png\",\"contentUrl\":\"https:\/\/tahtocom-staging.test.cchosting.fi\/wp-content\/uploads\/2022\/05\/cropped-Favicon-Tahto-1.png\",\"width\":240,\"height\":240,\"caption\":\"Tahto\"},\"image\":{\"@id\":\"https:\/\/tahtocom-staging.test.cchosting.fi\/#\/schema\/logo\/image\/\"}}]}<\/script>\n<!-- \/ Yoast SEO plugin. -->","yoast_head_json":{"title":"Documents - Tahto","robots":{"index":"noindex","follow":"follow","max-snippet":"max-snippet:-1","max-image-preview":"max-image-preview:large","max-video-preview":"max-video-preview:-1"},"og_locale":"en_US","og_type":"article","og_title":"Documents - Tahto","og_url":"https:\/\/tahtocom-staging.test.cchosting.fi\/en\/kokoelmat\/documents\/","og_site_name":"Tahto","article_modified_time":"2024-04-11T08:33:24+00:00","og_image":[{"width":2560,"height":2427,"url":"https:\/\/tahtocom-staging.test.cchosting.fi\/wp-content\/uploads\/2024\/04\/matkustajalistaa-jos-taittoon-tarvitaan-scaled.jpg","type":"image\/jpeg"}],"twitter_card":"summary_large_image","twitter_misc":{"Est. reading time":"2 minutes"},"schema":{"@context":"https:\/\/schema.org","@graph":[{"@type":"WebPage","@id":"https:\/\/tahtocom-staging.test.cchosting.fi\/en\/kokoelmat\/documents\/","url":"https:\/\/tahtocom-staging.test.cchosting.fi\/en\/kokoelmat\/documents\/","name":"Documents - Tahto","isPartOf":{"@id":"https:\/\/tahtocom-staging.test.cchosting.fi\/#website"},"primaryImageOfPage":{"@id":"https:\/\/tahtocom-staging.test.cchosting.fi\/en\/kokoelmat\/documents\/#primaryimage"},"image":{"@id":"https:\/\/tahtocom-staging.test.cchosting.fi\/en\/kokoelmat\/documents\/#primaryimage"},"thumbnailUrl":"https:\/\/tahtocom-staging.test.cchosting.fi\/wp-content\/uploads\/2024\/04\/matkustajalistaa-jos-taittoon-tarvitaan-scaled.jpg","datePublished":"2022-05-16T12:19:04+00:00","dateModified":"2024-04-11T08:33:24+00:00","breadcrumb":{"@id":"https:\/\/tahtocom-staging.test.cchosting.fi\/en\/kokoelmat\/documents\/#breadcrumb"},"inLanguage":"en-US","potentialAction":[{"@type":"ReadAction","target":["https:\/\/tahtocom-staging.test.cchosting.fi\/en\/kokoelmat\/documents\/"]}]},{"@type":"ImageObject","inLanguage":"en-US","@id":"https:\/\/tahtocom-staging.test.cchosting.fi\/en\/kokoelmat\/documents\/#primaryimage","url":"https:\/\/tahtocom-staging.test.cchosting.fi\/wp-content\/uploads\/2024\/04\/matkustajalistaa-jos-taittoon-tarvitaan-scaled.jpg","contentUrl":"https:\/\/tahtocom-staging.test.cchosting.fi\/wp-content\/uploads\/2024\/04\/matkustajalistaa-jos-taittoon-tarvitaan-scaled.jpg","width":2560,"height":2427,"caption":"Prinsessa Margarethan matkustajalistaa varustettuna Suomen olympiakomitean sihteerin W\u00e4in\u00f6 Solstrandin merkinn\u00f6in. TAHDON arkisto."},{"@type":"BreadcrumbList","@id":"https:\/\/tahtocom-staging.test.cchosting.fi\/en\/kokoelmat\/documents\/#breadcrumb","itemListElement":[{"@type":"ListItem","position":1,"name":"Etusivu","item":"https:\/\/tahtocom-staging.test.cchosting.fi\/en\/"},{"@type":"ListItem","position":2,"name":"Collections","item":"https:\/\/tahtocom-staging.test.cchosting.fi\/en\/kokoelmat\/"},{"@type":"ListItem","position":3,"name":"Documents"}]},{"@type":"WebSite","@id":"https:\/\/tahtocom-staging.test.cchosting.fi\/#website","url":"https:\/\/tahtocom-staging.test.cchosting.fi\/","name":"Tahto","description":"Uusi urheilumuseo","publisher":{"@id":"https:\/\/tahtocom-staging.test.cchosting.fi\/#organization"},"potentialAction":[{"@type":"SearchAction","target":{"@type":"EntryPoint","urlTemplate":"https:\/\/tahtocom-staging.test.cchosting.fi\/?s={search_term_string}"},"query-input":{"@type":"PropertyValueSpecification","valueRequired":true,"valueName":"search_term_string"}}],"inLanguage":"en-US"},{"@type":"Organization","@id":"https:\/\/tahtocom-staging.test.cchosting.fi\/#organization","name":"Tahto","url":"https:\/\/tahtocom-staging.test.cchosting.fi\/","logo":{"@type":"ImageObject","inLanguage":"en-US","@id":"https:\/\/tahtocom-staging.test.cchosting.fi\/#\/schema\/logo\/image\/","url":"https:\/\/tahtocom-staging.test.cchosting.fi\/wp-content\/uploads\/2022\/05\/cropped-Favicon-Tahto-1.png","contentUrl":"https:\/\/tahtocom-staging.test.cchosting.fi\/wp-content\/uploads\/2022\/05\/cropped-Favicon-Tahto-1.png","width":240,"height":240,"caption":"Tahto"},"image":{"@id":"https:\/\/tahtocom-staging.test.cchosting.fi\/#\/schema\/logo\/image\/"}}]}},"_links":{"self":[{"href":"https:\/\/tahtocom-staging.test.cchosting.fi\/en\/wp-json\/wp\/v2\/pages\/786","targetHints":{"allow":["GET"]}}],"collection":[{"href":"https:\/\/tahtocom-staging.test.cchosting.fi\/en\/wp-json\/wp\/v2\/pages"}],"about":[{"href":"https:\/\/tahtocom-staging.test.cchosting.fi\/en\/wp-json\/wp\/v2\/types\/page"}],"author":[{"embeddable":true,"href":"https:\/\/tahtocom-staging.test.cchosting.fi\/en\/wp-json\/wp\/v2\/users\/15"}],"replies":[{"embeddable":true,"href":"https:\/\/tahtocom-staging.test.cchosting.fi\/en\/wp-json\/wp\/v2\/comments?post=786"}],"version-history":[{"count":14,"href":"https:\/\/tahtocom-staging.test.cchosting.fi\/en\/wp-json\/wp\/v2\/pages\/786\/revisions"}],"predecessor-version":[{"id":9839,"href":"https:\/\/tahtocom-staging.test.cchosting.fi\/en\/wp-json\/wp\/v2\/pages\/786\/revisions\/9839"}],"up":[{"embeddable":true,"href":"https:\/\/tahtocom-staging.test.cchosting.fi\/en\/wp-json\/wp\/v2\/pages\/441"}],"wp:featuredmedia":[{"embeddable":true,"href":"https:\/\/tahtocom-staging.test.cchosting.fi\/en\/wp-json\/wp\/v2\/media\/9647"}],"wp:attachment":[{"href":"https:\/\/tahtocom-staging.test.cchosting.fi\/en\/wp-json\/wp\/v2\/media?parent=786"}],"curies":[{"name":"wp","href":"https:\/\/api.w.org\/{rel}","templated":true}]}}