{"id":3247,"date":"2022-04-26T15:44:35","date_gmt":"2022-04-26T12:44:35","guid":{"rendered":"https:\/\/tahtocom-staging.test.cchosting.fi\/vieraile-stadionilla\/"},"modified":"2024-02-08T14:26:01","modified_gmt":"2024-02-08T12:26:01","slug":"olympic-stadium","status":"publish","type":"page","link":"https:\/\/tahtocom-staging.test.cchosting.fi\/en\/olympic-stadium\/","title":{"rendered":"The Olympic Stadium"},"content":{"rendered":"\n<section class=\"block block-content-wrapper container-fluid theme-white\">\n    <div class=\"container\">\n        <div class=\"row\">\n            <div class=\"col-12 col-lg-8 offset-lg-2 col-hd-6 offset-hd-3\">\n                <main class=\"entry-content\">\n                    \n\n<h5 class=\"wp-block-heading\">Complete your museum experience and visit the Tower of the Stadium.<\/h5>\n\n\n\n<p>COMBINATION TICKET TO TAHTO AND THE STADIUM TOWER IS 20 \u20ac \/ 14 \u20ac \/ 7 \u20ac.<\/p>\n\n\n\n<p><a href=\"https:\/\/www.stadion.fi\/en\">The visitor centre <\/a>is open daily at the foot of the tower.&nbsp;At the visitor centre you can sit in the lounge and enjoy the unique feeling of the Olympic Stadium. <\/p>\n\n\n\n<p>The access to the conference rooms as well as the sports facilities, the tower and the Bistro Stadium is through the visitor centre. You can enjoy lunch or a cup of coffee at the new Bistro of the Stadium.<\/p>\n\n\n\n<p>Experience the renovated Olympic Stadium via stadium tours, which also includes tickets to TAHTO and the Stadium Tower. The children&#8217;s tour offers the children the opportunity to dive into the stories and places at the Stadium<strong>.<\/strong> Book the tours <a href=\"https:\/\/www.stadion.fi\/en\/attraction\/book-a-tour\">here<\/a>. All the tours start from the visitor centre. <\/p>\n\n\n\n<p>The visitor centre phone. 050 343 1619<\/p>\n\n\n\n<figure class=\"wp-block-image size-large is-resized is-style-default\"><img loading=\"lazy\" decoding=\"async\" width=\"740\" height=\"1024\" src=\"https:\/\/tahtocom-staging.test.cchosting.fi\/wp-content\/uploads\/2022\/06\/stadionin-torni-740x1024.jpg\" alt=\"\" class=\"wp-image-3072\" style=\"width:676px;height:936px\" srcset=\"https:\/\/tahtocom-staging.test.cchosting.fi\/wp-content\/uploads\/2022\/06\/stadionin-torni-740x1024.jpg 740w, https:\/\/tahtocom-staging.test.cchosting.fi\/wp-content\/uploads\/2022\/06\/stadionin-torni-217x300.jpg 217w, https:\/\/tahtocom-staging.test.cchosting.fi\/wp-content\/uploads\/2022\/06\/stadionin-torni-768x1063.jpg 768w, https:\/\/tahtocom-staging.test.cchosting.fi\/wp-content\/uploads\/2022\/06\/stadionin-torni-1110x1536.jpg 1110w, https:\/\/tahtocom-staging.test.cchosting.fi\/wp-content\/uploads\/2022\/06\/stadionin-torni-560x775.jpg 560w, https:\/\/tahtocom-staging.test.cchosting.fi\/wp-content\/uploads\/2022\/06\/stadionin-torni.jpg 1445w\" sizes=\"auto, (max-width: 575px) 100vw, (max-width: 767px) 510px, (max-width: 991px) 290px, (max-width: 1199px) 530px, 740px\" \/><figcaption class=\"wp-element-caption\">The Tower of the Stadium is one of the most well known tourist attractions in Helsinki and Finland. The Tower is 72 m high and one of the best places to view the entire city and the cityscape.<br>Photo: TAHTO\/Urheilumuseo<\/figcaption><\/figure>\n\n\n                <\/main>\n            <\/div>\n        <\/div>\n    <\/div>\n<\/section>\n\n\n<section class=\"block block-content-wrapper container-fluid theme-white\">\n    <div class=\"container\">\n        <div class=\"row\">\n            <div class=\"col-12 col-lg-8 offset-lg-2 col-hd-6 offset-hd-3\">\n                <main class=\"entry-content\">\n                    \n\n<p><\/p>\n\n\n                <\/main>\n            <\/div>\n        <\/div>\n    <\/div>\n<\/section>","protected":false},"excerpt":{"rendered":"","protected":false},"author":1,"featured_media":7362,"parent":0,"menu_order":0,"comment_status":"closed","ping_status":"closed","template":"","meta":{"_acf_changed":false,"_relevanssi_hide_post":"","_relevanssi_hide_content":"","_relevanssi_pin_for_all":"","_relevanssi_pin_keywords":"","_relevanssi_unpin_keywords":"","_relevanssi_related_keywords":"","_relevanssi_related_include_ids":"","_relevanssi_related_exclude_ids":"","_relevanssi_related_no_append":"","_relevanssi_related_not_related":"","_relevanssi_related_posts":"","_relevanssi_noindex_reason":"","footnotes":""},"class_list":["post-3247","page","type-page","status-publish","has-post-thumbnail","hentry"],"acf":[],"yoast_head":"<!-- This site is optimized with the Yoast SEO plugin v27.1.1 - https:\/\/yoast.com\/product\/yoast-seo-wordpress\/ -->\n<title>The Olympic Stadium - Tahto<\/title>\n<meta name=\"robots\" content=\"noindex, follow, max-snippet:-1, max-image-preview:large, max-video-preview:-1\" \/>\n<meta property=\"og:locale\" content=\"en_US\" \/>\n<meta property=\"og:type\" content=\"article\" \/>\n<meta property=\"og:title\" content=\"The Olympic Stadium - Tahto\" \/>\n<meta property=\"og:url\" content=\"https:\/\/tahto.lndo.site\/en\/olympic-stadium\/\" \/>\n<meta property=\"og:site_name\" content=\"Tahto\" \/>\n<meta property=\"article:modified_time\" content=\"2024-02-08T12:26:01+00:00\" \/>\n<meta property=\"og:image\" content=\"https:\/\/tahto.lndo.site\/wp-content\/uploads\/2023\/06\/Olympiastadion-X-TAHTO-kesan-sykahdyttavin-vierailukohde-verkko-1024x576.png\" \/>\n\t<meta property=\"og:image:width\" content=\"1024\" \/>\n\t<meta property=\"og:image:height\" content=\"576\" \/>\n\t<meta property=\"og:image:type\" content=\"image\/png\" \/>\n<meta name=\"twitter:card\" content=\"summary_large_image\" \/>\n<meta name=\"twitter:label1\" content=\"Est. reading time\" \/>\n\t<meta name=\"twitter:data1\" content=\"4 minutes\" \/>\n<script type=\"application\/ld+json\" class=\"yoast-schema-graph\">{\"@context\":\"https:\/\/schema.org\",\"@graph\":[{\"@type\":\"WebPage\",\"@id\":\"https:\/\/tahto.lndo.site\/en\/olympic-stadium\/\",\"url\":\"https:\/\/tahto.lndo.site\/en\/olympic-stadium\/\",\"name\":\"The Olympic Stadium - Tahto\",\"isPartOf\":{\"@id\":\"https:\/\/tahtocom-staging.test.cchosting.fi\/#website\"},\"primaryImageOfPage\":{\"@id\":\"https:\/\/tahto.lndo.site\/en\/olympic-stadium\/#primaryimage\"},\"image\":{\"@id\":\"https:\/\/tahto.lndo.site\/en\/olympic-stadium\/#primaryimage\"},\"thumbnailUrl\":\"https:\/\/tahtocom-staging.test.cchosting.fi\/wp-content\/uploads\/2023\/06\/Olympiastadion-X-TAHTO-kesan-sykahdyttavin-vierailukohde-verkko.png\",\"datePublished\":\"2022-04-26T12:44:35+00:00\",\"dateModified\":\"2024-02-08T12:26:01+00:00\",\"breadcrumb\":{\"@id\":\"https:\/\/tahto.lndo.site\/en\/olympic-stadium\/#breadcrumb\"},\"inLanguage\":\"en-US\",\"potentialAction\":[{\"@type\":\"ReadAction\",\"target\":[\"https:\/\/tahto.lndo.site\/en\/olympic-stadium\/\"]}]},{\"@type\":\"ImageObject\",\"inLanguage\":\"en-US\",\"@id\":\"https:\/\/tahto.lndo.site\/en\/olympic-stadium\/#primaryimage\",\"url\":\"https:\/\/tahtocom-staging.test.cchosting.fi\/wp-content\/uploads\/2023\/06\/Olympiastadion-X-TAHTO-kesan-sykahdyttavin-vierailukohde-verkko.png\",\"contentUrl\":\"https:\/\/tahtocom-staging.test.cchosting.fi\/wp-content\/uploads\/2023\/06\/Olympiastadion-X-TAHTO-kesan-sykahdyttavin-vierailukohde-verkko.png\",\"width\":1920,\"height\":1080,\"caption\":\"Olympiastadion ja TAHTO ovat avoinna kes\u00e4ll\u00e4 joka p\u00e4iv\u00e4.\"},{\"@type\":\"BreadcrumbList\",\"@id\":\"https:\/\/tahto.lndo.site\/en\/olympic-stadium\/#breadcrumb\",\"itemListElement\":[{\"@type\":\"ListItem\",\"position\":1,\"name\":\"Etusivu\",\"item\":\"https:\/\/tahtocom-staging.test.cchosting.fi\/en\/\"},{\"@type\":\"ListItem\",\"position\":2,\"name\":\"The Olympic Stadium\"}]},{\"@type\":\"WebSite\",\"@id\":\"https:\/\/tahtocom-staging.test.cchosting.fi\/#website\",\"url\":\"https:\/\/tahtocom-staging.test.cchosting.fi\/\",\"name\":\"Tahto\",\"description\":\"Uusi urheilumuseo\",\"publisher\":{\"@id\":\"https:\/\/tahtocom-staging.test.cchosting.fi\/#organization\"},\"potentialAction\":[{\"@type\":\"SearchAction\",\"target\":{\"@type\":\"EntryPoint\",\"urlTemplate\":\"https:\/\/tahtocom-staging.test.cchosting.fi\/?s={search_term_string}\"},\"query-input\":{\"@type\":\"PropertyValueSpecification\",\"valueRequired\":true,\"valueName\":\"search_term_string\"}}],\"inLanguage\":\"en-US\"},{\"@type\":\"Organization\",\"@id\":\"https:\/\/tahtocom-staging.test.cchosting.fi\/#organization\",\"name\":\"Tahto\",\"url\":\"https:\/\/tahtocom-staging.test.cchosting.fi\/\",\"logo\":{\"@type\":\"ImageObject\",\"inLanguage\":\"en-US\",\"@id\":\"https:\/\/tahtocom-staging.test.cchosting.fi\/#\/schema\/logo\/image\/\",\"url\":\"https:\/\/tahtocom-staging.test.cchosting.fi\/wp-content\/uploads\/2022\/05\/cropped-Favicon-Tahto-1.png\",\"contentUrl\":\"https:\/\/tahtocom-staging.test.cchosting.fi\/wp-content\/uploads\/2022\/05\/cropped-Favicon-Tahto-1.png\",\"width\":240,\"height\":240,\"caption\":\"Tahto\"},\"image\":{\"@id\":\"https:\/\/tahtocom-staging.test.cchosting.fi\/#\/schema\/logo\/image\/\"}}]}<\/script>\n<!-- \/ Yoast SEO plugin. -->","yoast_head_json":{"title":"The Olympic Stadium - Tahto","robots":{"index":"noindex","follow":"follow","max-snippet":"max-snippet:-1","max-image-preview":"max-image-preview:large","max-video-preview":"max-video-preview:-1"},"og_locale":"en_US","og_type":"article","og_title":"The Olympic Stadium - Tahto","og_url":"https:\/\/tahto.lndo.site\/en\/olympic-stadium\/","og_site_name":"Tahto","article_modified_time":"2024-02-08T12:26:01+00:00","og_image":[{"width":1024,"height":576,"url":"https:\/\/tahto.lndo.site\/wp-content\/uploads\/2023\/06\/Olympiastadion-X-TAHTO-kesan-sykahdyttavin-vierailukohde-verkko-1024x576.png","type":"image\/png"}],"twitter_card":"summary_large_image","twitter_misc":{"Est. reading time":"4 minutes"},"schema":{"@context":"https:\/\/schema.org","@graph":[{"@type":"WebPage","@id":"https:\/\/tahto.lndo.site\/en\/olympic-stadium\/","url":"https:\/\/tahto.lndo.site\/en\/olympic-stadium\/","name":"The Olympic Stadium - Tahto","isPartOf":{"@id":"https:\/\/tahtocom-staging.test.cchosting.fi\/#website"},"primaryImageOfPage":{"@id":"https:\/\/tahto.lndo.site\/en\/olympic-stadium\/#primaryimage"},"image":{"@id":"https:\/\/tahto.lndo.site\/en\/olympic-stadium\/#primaryimage"},"thumbnailUrl":"https:\/\/tahtocom-staging.test.cchosting.fi\/wp-content\/uploads\/2023\/06\/Olympiastadion-X-TAHTO-kesan-sykahdyttavin-vierailukohde-verkko.png","datePublished":"2022-04-26T12:44:35+00:00","dateModified":"2024-02-08T12:26:01+00:00","breadcrumb":{"@id":"https:\/\/tahto.lndo.site\/en\/olympic-stadium\/#breadcrumb"},"inLanguage":"en-US","potentialAction":[{"@type":"ReadAction","target":["https:\/\/tahto.lndo.site\/en\/olympic-stadium\/"]}]},{"@type":"ImageObject","inLanguage":"en-US","@id":"https:\/\/tahto.lndo.site\/en\/olympic-stadium\/#primaryimage","url":"https:\/\/tahtocom-staging.test.cchosting.fi\/wp-content\/uploads\/2023\/06\/Olympiastadion-X-TAHTO-kesan-sykahdyttavin-vierailukohde-verkko.png","contentUrl":"https:\/\/tahtocom-staging.test.cchosting.fi\/wp-content\/uploads\/2023\/06\/Olympiastadion-X-TAHTO-kesan-sykahdyttavin-vierailukohde-verkko.png","width":1920,"height":1080,"caption":"Olympiastadion ja TAHTO ovat avoinna kes\u00e4ll\u00e4 joka p\u00e4iv\u00e4."},{"@type":"BreadcrumbList","@id":"https:\/\/tahto.lndo.site\/en\/olympic-stadium\/#breadcrumb","itemListElement":[{"@type":"ListItem","position":1,"name":"Etusivu","item":"https:\/\/tahtocom-staging.test.cchosting.fi\/en\/"},{"@type":"ListItem","position":2,"name":"The Olympic Stadium"}]},{"@type":"WebSite","@id":"https:\/\/tahtocom-staging.test.cchosting.fi\/#website","url":"https:\/\/tahtocom-staging.test.cchosting.fi\/","name":"Tahto","description":"Uusi urheilumuseo","publisher":{"@id":"https:\/\/tahtocom-staging.test.cchosting.fi\/#organization"},"potentialAction":[{"@type":"SearchAction","target":{"@type":"EntryPoint","urlTemplate":"https:\/\/tahtocom-staging.test.cchosting.fi\/?s={search_term_string}"},"query-input":{"@type":"PropertyValueSpecification","valueRequired":true,"valueName":"search_term_string"}}],"inLanguage":"en-US"},{"@type":"Organization","@id":"https:\/\/tahtocom-staging.test.cchosting.fi\/#organization","name":"Tahto","url":"https:\/\/tahtocom-staging.test.cchosting.fi\/","logo":{"@type":"ImageObject","inLanguage":"en-US","@id":"https:\/\/tahtocom-staging.test.cchosting.fi\/#\/schema\/logo\/image\/","url":"https:\/\/tahtocom-staging.test.cchosting.fi\/wp-content\/uploads\/2022\/05\/cropped-Favicon-Tahto-1.png","contentUrl":"https:\/\/tahtocom-staging.test.cchosting.fi\/wp-content\/uploads\/2022\/05\/cropped-Favicon-Tahto-1.png","width":240,"height":240,"caption":"Tahto"},"image":{"@id":"https:\/\/tahtocom-staging.test.cchosting.fi\/#\/schema\/logo\/image\/"}}]}},"_links":{"self":[{"href":"https:\/\/tahtocom-staging.test.cchosting.fi\/en\/wp-json\/wp\/v2\/pages\/3247","targetHints":{"allow":["GET"]}}],"collection":[{"href":"https:\/\/tahtocom-staging.test.cchosting.fi\/en\/wp-json\/wp\/v2\/pages"}],"about":[{"href":"https:\/\/tahtocom-staging.test.cchosting.fi\/en\/wp-json\/wp\/v2\/types\/page"}],"author":[{"embeddable":true,"href":"https:\/\/tahtocom-staging.test.cchosting.fi\/en\/wp-json\/wp\/v2\/users\/1"}],"replies":[{"embeddable":true,"href":"https:\/\/tahtocom-staging.test.cchosting.fi\/en\/wp-json\/wp\/v2\/comments?post=3247"}],"version-history":[{"count":4,"href":"https:\/\/tahtocom-staging.test.cchosting.fi\/en\/wp-json\/wp\/v2\/pages\/3247\/revisions"}],"predecessor-version":[{"id":9281,"href":"https:\/\/tahtocom-staging.test.cchosting.fi\/en\/wp-json\/wp\/v2\/pages\/3247\/revisions\/9281"}],"wp:featuredmedia":[{"embeddable":true,"href":"https:\/\/tahtocom-staging.test.cchosting.fi\/en\/wp-json\/wp\/v2\/media\/7362"}],"wp:attachment":[{"href":"https:\/\/tahtocom-staging.test.cchosting.fi\/en\/wp-json\/wp\/v2\/media?parent=3247"}],"curies":[{"name":"wp","href":"https:\/\/api.w.org\/{rel}","templated":true}]}}