{"id":3009,"date":"2022-04-26T15:26:52","date_gmt":"2022-04-26T12:26:52","guid":{"rendered":"https:\/\/tahtocom-staging.test.cchosting.fi\/tule-meille\/"},"modified":"2024-02-08T09:16:30","modified_gmt":"2024-02-08T07:16:30","slug":"visit-us","status":"publish","type":"page","link":"https:\/\/tahtocom-staging.test.cchosting.fi\/en\/visit-us\/","title":{"rendered":"Visit us"},"content":{"rendered":"\n<section\n    class=\"block block-hero container-fluid theme-blue block-hero-mobile-no-bottom-padding\">\n    <div class=\"container\">\n        <div class=\"row block-hero-row\">\n            <div class=\"col-12 col-lg-6 text-content\">\n                <main class=\"entry-content\">\n                    \n\n<h1 class=\"wp-block-heading\">VISIT US<\/h1>\n\n\n\n<p><\/p>\n\n\n                <\/main>\n            <\/div>\n                        <div class=\"col-12 col-lg-6 image-spacer\">\n                <div class=\"hero-image full-width-md-down\" role=\"presentation\"\n                    style=\"background-image: url('https:\/\/tahtocom-staging.test.cchosting.fi\/wp-content\/themes\/urheilumuseo\/dist\/images\/hero-theme-blue.svg')\">\n                <\/div>\n            <\/div>\n                    <\/div>\n    <\/div>\n<\/section>\n\n\n<section class=\"block block-opening-hours container-fluid theme-white\">\n    <div class=\"container\">\n        <div class=\"row\">\n            <div class=\"col-12 col-lg-8 offset-lg-2 col-hd-6 offset-hd-3\">\n                                <h2 class=\"h3 title\">Opening hours<\/h2>\n                \n                <div class=\"opening-hours-container\">\n                    <div>\n        <h3 class=\"h5 subtitle\">Exhibitions are open: <\/h3>\n\n        <div class=\"row\">\n        <p class=\"col-6 ingress\">ma, ti ja pe<\/p>\n        <p class=\"col-6 ingress\">10-18<\/p>\n    <\/div>\n        <div class=\"row\">\n        <p class=\"col-6 ingress\">ke ja to<\/p>\n        <p class=\"col-6 ingress\">10-19<\/p>\n    <\/div>\n        <div class=\"row\">\n        <p class=\"col-6 ingress\">la ja su<\/p>\n        <p class=\"col-6 ingress\">11-17<\/p>\n    <\/div>\n    \n        <\/div>\n                    <div>\n        <h3 class=\"h5 subtitle\">Library and archive:<\/h3>\n\n        <div class=\"row\">\n        <p class=\"col-6 ingress\">ma, ti ja pe<\/p>\n        <p class=\"col-6 ingress\">10-18<\/p>\n    <\/div>\n        <div class=\"row\">\n        <p class=\"col-6 ingress\">ke ja to<\/p>\n        <p class=\"col-6 ingress\">10-19<\/p>\n    <\/div>\n    \n        <div class=\"row\">\n        <p class=\"col-6 ingress\">\n            la ja su<\/p>\n        <p class=\"col-6 ingress\">suljettu<\/p>\n    <\/div>\n        <\/div>                <\/div>\n\n                                <div class=\"exceptional-opening-hours-wrapper\">\n\n                    \n                    \n<div class=\"accordion\">\n    <button class=\"toggle ingress\">\n        Exceptional opening hours    <\/button>\n    <div class=\"collapse\">\n        <div class=\"collapse-content\">\n                                <div class=\"exceptional-opening-hours-wrapper__inner\">\n                        \n<div class=\"exceptional-opening-hours\">\n    <h4 class=\"ingress uppercase\">Exhibitions<\/h4>\n        <div class=\"row\">\n        <p class=\"col-6 ingress\">\n                        1.5.        <\/p>\n        <p class=\"col-6 ingress\">\n                        suljettu                    <\/p>\n\n    <\/div>\n            <div class=\"ingress note entry-content\"><p>The opening hours of TAHTO differ from the opening hours of the Olympic Stadium, its tower and Bistro Stadium. <a href=\"https:\/\/www.stadion.fi\/en\/info\/contact-us\">Find more information about their opening hours here.<\/a><\/p>\n<\/div>\n    <\/div>\n                        \n<div class=\"exceptional-opening-hours\">\n    <h4 class=\"ingress uppercase\">Library and archive<\/h4>\n        <div class=\"row\">\n        <p class=\"col-6 ingress\">\n                        1.5.        <\/p>\n        <p class=\"col-6 ingress\">\n                        suljettu                    <\/p>\n\n    <\/div>\n        <\/div>\n                    <\/div>\n                            <\/div>\n    <\/div>\n<\/div>\n                <\/div>\n                            <\/div>\n        <\/div>\n    <\/div>\n<\/section>\n\n\n<section class=\"block block-content-wrapper container-fluid theme-white\">\n    <div class=\"container\">\n        <div class=\"row\">\n            <div class=\"col-12 col-lg-8 offset-lg-2 col-hd-6 offset-hd-3\">\n                <main class=\"entry-content\">\n                    \n\n<h3 class=\"wp-block-heading\">ADMISSION FEES TO THE EXHIBITIONS<\/h3>\n\n\n\n<p>YOU CAN ALSO BUY JOINT TICKET TO TAHTO AND TO THE OLYMPIC STADIUM TOWER.<\/p>\n\n\n\n<figure class=\"wp-block-table\"><table><tbody><tr><td>ADULTS<\/td><td>16 \u20ac<\/td><\/tr><tr><td>STUDENTS, PENSIONERS, MILITARY CONSCRIPTS,<br>PERSONS UNDERGOING NON-MILITARY SERVICE, UNEMPLOYED<\/td><td>11 \u20ac<\/td><\/tr><tr><td>KIDS 7\u201317 YEARS<\/td><td>4 \u20ac<\/td><\/tr><tr><td>UNDER 7 YEARS<\/td><td>free entry<\/td><\/tr><tr><td>GROUP TICKET (MORE THAN 10 PERSONS)<\/td><td>11 \u20ac<\/td><\/tr><tr><td>MUSEUM CARD, HELSINKI CARD AND HELSINKI CITY PASS HOLDERS<\/td><td>free entry<\/td><\/tr><tr><td>VEIKKAUS CARD HOLDERS (On Mondays, two at the price of one)<\/td><td>16 \u20ac<\/td><\/tr><tr><td>JOINT TICKET TO TAHTO AND STADIUM TOWER<\/td><td>20 \u20ac \/ 14 \u20ac \/ 7 \u20ac<\/td><\/tr><tr><td>BUY YOUR MUSEUM CARD HERE<\/td><td>79 \u20ac \/ 73 \u20ac<\/td><\/tr><\/tbody><\/table><\/figure>\n\n\n\n<p>Accepted methods of payment: cash, bank cards, major credit cards, MobilePay, Museum Card, Helsinki Card, Helsinki City Pass, Smartum, Edenred, Epassi.<\/p>\n\n\n                <\/main>\n            <\/div>\n        <\/div>\n    <\/div>\n<\/section>\n\n\n<section class=\"block block-fifty-fifty container-fluid theme-white\">\n    <div class=\"container\">\n        <div class=\"row flex-xl-row\">\n            <div class=\"col-12 col-xl-6 d-inline-flex flex-column left-column\">\n                \n\n<img decoding=\"async\" src=\"https:\/\/tahtocom-staging.test.cchosting.fi\/wp-content\/uploads\/2022\/09\/OLY-vuokralaisten-aluekartta-FI-EN.png\" width=\"2748\" height=\"1907\" class=\"fifty-fifty-media\" alt=\"\" loading=\"lazy\">\n                \n                            <\/div>\n            <div class=\"col-12 col-xl-6\">\n                <div\n                    class=\"h-100 d-flex flex-column justify-content-end desktop-indentation-left\">\n                    <div class=\"entry-content\">\n                        \n\n<h2 class=\"wp-block-heading\">ENTRY<\/h2>\n\n\n\n<p>Entry through the main door from parking area next to the Stadium Tower.<\/p>\n\n\n\n<p class=\"is-style-lead\">TAHTO<\/p>\n\n\n\n<p>Olympiastadion<br>Paavo Nurmen tie 1<br>00250 Helsinki<\/p>\n\n\n                    <\/div>\n                <\/div>\n            <\/div>\n        <\/div>\n    <\/div>\n<\/section>\n\n\n<section class=\"block block-fifty-fifty container-fluid theme-gray\">\n    <div class=\"container\">\n        <div class=\"row flex-xl-row\">\n            <div class=\"col-12 col-xl-6 d-inline-flex flex-column left-column\">\n                \n\n\n                                <h2 class=\"fifty-fifty-title h3\">Parking and public transport<\/h2>\n                \n                            <\/div>\n            <div class=\"col-12 col-xl-6\">\n                <div\n                    class=\"h-100 d-flex flex-column justify-content-start desktop-indentation-left\">\n                    <div class=\"entry-content\">\n                        \n\n<figure class=\"wp-block-image size-full is-resized\"><img loading=\"lazy\" decoding=\"async\" width=\"366\" height=\"366\" src=\"https:\/\/tahtocom-staging.test.cchosting.fi\/wp-content\/uploads\/2022\/04\/pysakointi-pieni@3x.png\" alt=\"\" class=\"wp-image-315\" style=\"width:78px;height:78px\" srcset=\"https:\/\/tahtocom-staging.test.cchosting.fi\/wp-content\/uploads\/2022\/04\/pysakointi-pieni@3x.png 366w, https:\/\/tahtocom-staging.test.cchosting.fi\/wp-content\/uploads\/2022\/04\/pysakointi-pieni@3x-300x300.png 300w, https:\/\/tahtocom-staging.test.cchosting.fi\/wp-content\/uploads\/2022\/04\/pysakointi-pieni@3x-150x150.png 150w\" sizes=\"auto, (max-width: 991px) 290px, 366px\" \/><\/figure>\n\n\n\n<p class=\"is-style-lead\">Parking<\/p>\n\n\n\n<p>Parking spaces (for a fee) are found next to the Stadium Tower, on Urheilukatu and near T\u00f6\u00f6l\u00f6n kisahalli. Please note that Stadium events may cause changes to parking arrangements. The nearby Ice Arena offers four hours of free parking except on game days.<\/p>\n\n\n\n<p><\/p>\n\n\n\n<figure class=\"wp-block-image size-full is-resized\"><img loading=\"lazy\" decoding=\"async\" width=\"366\" height=\"366\" src=\"https:\/\/tahtocom-staging.test.cchosting.fi\/wp-content\/uploads\/2022\/04\/raitiovaunu-pieni@3x.png\" alt=\"\" class=\"wp-image-318\" style=\"width:77px;height:77px\" srcset=\"https:\/\/tahtocom-staging.test.cchosting.fi\/wp-content\/uploads\/2022\/04\/raitiovaunu-pieni@3x.png 366w, https:\/\/tahtocom-staging.test.cchosting.fi\/wp-content\/uploads\/2022\/04\/raitiovaunu-pieni@3x-300x300.png 300w, https:\/\/tahtocom-staging.test.cchosting.fi\/wp-content\/uploads\/2022\/04\/raitiovaunu-pieni@3x-150x150.png 150w\" sizes=\"auto, (max-width: 991px) 290px, 366px\" \/><\/figure>\n\n\n\n<p class=\"is-style-lead\">Public transport<\/p>\n\n\n\n<p>The Sports Museum is easily reached by bus or tram. The closest stops are T\u00f6\u00f6l\u00f6n Kisahalli, T\u00f6\u00f6l\u00f6n kirjasto, Ooppera and Auroran sairaala. See more in the&nbsp;<a href=\"https:\/\/reittiopas.hsl.fi\/%20\/Paavo%20Nurmen%20tie%201%2C%20Helsinki%3A%3A60.186322%2C24.926822\/?utm_campaign=hsl.fi&amp;utm_source=etusivu-reittihaku&amp;utm_medium=referral\" target=\"_blank\" rel=\"noreferrer noopener\">route guide&nbsp;<\/a>of Helsinki Region<\/p>\n\n\n\n<p><\/p>\n\n\n\n<figure class=\"wp-block-image size-full is-resized\"><img loading=\"lazy\" decoding=\"async\" width=\"366\" height=\"366\" src=\"https:\/\/tahtocom-staging.test.cchosting.fi\/wp-content\/uploads\/2022\/04\/esteeton-pysakointi-pieni@3x.png\" alt=\"\" class=\"wp-image-312\" style=\"width:72px;height:72px\" srcset=\"https:\/\/tahtocom-staging.test.cchosting.fi\/wp-content\/uploads\/2022\/04\/esteeton-pysakointi-pieni@3x.png 366w, https:\/\/tahtocom-staging.test.cchosting.fi\/wp-content\/uploads\/2022\/04\/esteeton-pysakointi-pieni@3x-300x300.png 300w, https:\/\/tahtocom-staging.test.cchosting.fi\/wp-content\/uploads\/2022\/04\/esteeton-pysakointi-pieni@3x-150x150.png 150w\" sizes=\"auto, (max-width: 991px) 290px, 366px\" \/><\/figure>\n\n\n\n<p class=\"is-style-lead\">Parking for disabled<\/p>\n\n\n\n<p>There are a few free parking spaces for holders of disabled parking permits on the western side of the TAHTO<\/p>\n\n\n                    <\/div>\n                <\/div>\n            <\/div>\n        <\/div>\n    <\/div>\n<\/section>\n\n\n<section class=\"block block-page-highlight container-fluid theme-white\">\n    <div class=\"container\">\n        <div class=\"row\">\n            <div class=\"col-12 page-highlight__inner\">\n                                <h2>Explore<\/h2>\n                \n                                <div class=\"row list-unstyled\">\n                                        <div class=\"col-12 col-lg-4 mb-4 mb-lg-0\">\n                        <a class=\"item h-100\" href=\"https:\/\/tahtocom-staging.test.cchosting.fi\/en\/tilavuokraus\/\">\n                            <img loading=\"lazy\" decoding=\"async\" width=\"768\" height=\"510\" src=\"https:\/\/tahtocom-staging.test.cchosting.fi\/wp-content\/uploads\/2024\/02\/Kokoustila_uusi-ilme_koko_PA-768x510.jpg\" class=\"attachment-page-highlight size-page-highlight wp-post-image\" alt=\"\" \/>                            <h3 class=\"item-title h6\">Rental Spaces<\/h3>\n                        <\/a>\n                    <\/div>\n                                        <div class=\"col-12 col-lg-4 mb-4 mb-lg-0\">\n                        <a class=\"item h-100\" href=\"https:\/\/tahtocom-staging.test.cchosting.fi\/en\/exhibitions\/\">\n                            <img loading=\"lazy\" decoding=\"async\" width=\"768\" height=\"510\" src=\"https:\/\/tahtocom-staging.test.cchosting.fi\/wp-content\/uploads\/2022\/06\/DSC_2764-768x510.jpg\" class=\"attachment-page-highlight size-page-highlight wp-post-image\" alt=\"\" srcset=\"https:\/\/tahtocom-staging.test.cchosting.fi\/wp-content\/uploads\/2022\/06\/DSC_2764-768x510.jpg 768w, https:\/\/tahtocom-staging.test.cchosting.fi\/wp-content\/uploads\/2022\/06\/DSC_2764-300x200.jpg 300w, https:\/\/tahtocom-staging.test.cchosting.fi\/wp-content\/uploads\/2022\/06\/DSC_2764-560x373.jpg 560w\" sizes=\"auto, (max-width: 575px) 100vw, (max-width: 767px) 510px, (max-width: 991px) 290px, (max-width: 1199px) 530px, 768px\" \/>                            <h3 class=\"item-title h6\">Exhibitions<\/h3>\n                        <\/a>\n                    <\/div>\n                                        <div class=\"col-12 col-lg-4 mb-4 mb-lg-0\">\n                        <a class=\"item h-100\" href=\"https:\/\/tahtocom-staging.test.cchosting.fi\/en\/kokoelmat\/\">\n                            <img loading=\"lazy\" decoding=\"async\" width=\"768\" height=\"510\" src=\"https:\/\/tahtocom-staging.test.cchosting.fi\/wp-content\/uploads\/2022\/04\/3619_96-1920x1194-copy-768x510.jpg\" class=\"attachment-page-highlight size-page-highlight wp-post-image\" alt=\"kiva\" \/>                            <h3 class=\"item-title h6\">Collections<\/h3>\n                        <\/a>\n                    <\/div>\n                                    <\/div>\n                            <\/div>\n        <\/div>\n    <\/div>\n<\/section>","protected":false},"excerpt":{"rendered":"","protected":false},"author":1,"featured_media":0,"parent":0,"menu_order":0,"comment_status":"closed","ping_status":"closed","template":"","meta":{"_acf_changed":false,"_relevanssi_hide_post":"","_relevanssi_hide_content":"","_relevanssi_pin_for_all":"","_relevanssi_pin_keywords":"","_relevanssi_unpin_keywords":"","_relevanssi_related_keywords":"","_relevanssi_related_include_ids":"","_relevanssi_related_exclude_ids":"","_relevanssi_related_no_append":"","_relevanssi_related_not_related":"","_relevanssi_related_posts":"","_relevanssi_noindex_reason":"","footnotes":""},"class_list":["post-3009","page","type-page","status-publish","hentry"],"acf":[],"yoast_head":"<!-- This site is optimized with the Yoast SEO plugin v27.1.1 - https:\/\/yoast.com\/product\/yoast-seo-wordpress\/ -->\n<title>Visit us - Tahto<\/title>\n<meta name=\"description\" content=\"Welcome to TAHTO at the Olympic Stadium in Helsinki.\" \/>\n<meta name=\"robots\" content=\"noindex, follow, max-snippet:-1, max-image-preview:large, max-video-preview:-1\" \/>\n<meta property=\"og:locale\" content=\"en_US\" \/>\n<meta property=\"og:type\" content=\"article\" \/>\n<meta property=\"og:title\" content=\"Visit us - Tahto\" \/>\n<meta property=\"og:description\" content=\"Welcome to TAHTO at the Olympic Stadium in Helsinki.\" \/>\n<meta property=\"og:url\" content=\"https:\/\/tahto.lndo.site\/en\/visit-us\/\" \/>\n<meta property=\"og:site_name\" content=\"Tahto\" \/>\n<meta property=\"article:modified_time\" content=\"2024-02-08T07:16:30+00:00\" \/>\n<meta property=\"og:image\" content=\"https:\/\/tahto.lndo.site\/wp-content\/uploads\/2022\/04\/pysakointi-pieni@3x.png\" \/>\n<meta name=\"twitter:card\" content=\"summary_large_image\" \/>\n<meta name=\"twitter:label1\" content=\"Est. reading time\" \/>\n\t<meta name=\"twitter:data1\" content=\"6 minutes\" \/>\n<script type=\"application\/ld+json\" class=\"yoast-schema-graph\">{\"@context\":\"https:\/\/schema.org\",\"@graph\":[{\"@type\":\"WebPage\",\"@id\":\"https:\/\/tahto.lndo.site\/en\/visit-us\/\",\"url\":\"https:\/\/tahto.lndo.site\/en\/visit-us\/\",\"name\":\"Visit us - Tahto\",\"isPartOf\":{\"@id\":\"https:\/\/tahtocom-staging.test.cchosting.fi\/#website\"},\"primaryImageOfPage\":{\"@id\":\"https:\/\/tahto.lndo.site\/en\/visit-us\/#primaryimage\"},\"image\":{\"@id\":\"https:\/\/tahto.lndo.site\/en\/visit-us\/#primaryimage\"},\"thumbnailUrl\":\"https:\/\/tahtocom-staging.test.cchosting.fi\/wp-content\/uploads\/2022\/04\/pysakointi-pieni@3x.png\",\"datePublished\":\"2022-04-26T12:26:52+00:00\",\"dateModified\":\"2024-02-08T07:16:30+00:00\",\"description\":\"Welcome to TAHTO at the Olympic Stadium in Helsinki.\",\"breadcrumb\":{\"@id\":\"https:\/\/tahto.lndo.site\/en\/visit-us\/#breadcrumb\"},\"inLanguage\":\"en-US\",\"potentialAction\":[{\"@type\":\"ReadAction\",\"target\":[\"https:\/\/tahto.lndo.site\/en\/visit-us\/\"]}]},{\"@type\":\"ImageObject\",\"inLanguage\":\"en-US\",\"@id\":\"https:\/\/tahto.lndo.site\/en\/visit-us\/#primaryimage\",\"url\":\"https:\/\/tahtocom-staging.test.cchosting.fi\/wp-content\/uploads\/2022\/04\/pysakointi-pieni@3x.png\",\"contentUrl\":\"https:\/\/tahtocom-staging.test.cchosting.fi\/wp-content\/uploads\/2022\/04\/pysakointi-pieni@3x.png\"},{\"@type\":\"BreadcrumbList\",\"@id\":\"https:\/\/tahto.lndo.site\/en\/visit-us\/#breadcrumb\",\"itemListElement\":[{\"@type\":\"ListItem\",\"position\":1,\"name\":\"Etusivu\",\"item\":\"https:\/\/tahtocom-staging.test.cchosting.fi\/en\/\"},{\"@type\":\"ListItem\",\"position\":2,\"name\":\"Visit us\"}]},{\"@type\":\"WebSite\",\"@id\":\"https:\/\/tahtocom-staging.test.cchosting.fi\/#website\",\"url\":\"https:\/\/tahtocom-staging.test.cchosting.fi\/\",\"name\":\"Tahto\",\"description\":\"Uusi urheilumuseo\",\"publisher\":{\"@id\":\"https:\/\/tahtocom-staging.test.cchosting.fi\/#organization\"},\"potentialAction\":[{\"@type\":\"SearchAction\",\"target\":{\"@type\":\"EntryPoint\",\"urlTemplate\":\"https:\/\/tahtocom-staging.test.cchosting.fi\/?s={search_term_string}\"},\"query-input\":{\"@type\":\"PropertyValueSpecification\",\"valueRequired\":true,\"valueName\":\"search_term_string\"}}],\"inLanguage\":\"en-US\"},{\"@type\":\"Organization\",\"@id\":\"https:\/\/tahtocom-staging.test.cchosting.fi\/#organization\",\"name\":\"Tahto\",\"url\":\"https:\/\/tahtocom-staging.test.cchosting.fi\/\",\"logo\":{\"@type\":\"ImageObject\",\"inLanguage\":\"en-US\",\"@id\":\"https:\/\/tahtocom-staging.test.cchosting.fi\/#\/schema\/logo\/image\/\",\"url\":\"https:\/\/tahtocom-staging.test.cchosting.fi\/wp-content\/uploads\/2022\/05\/cropped-Favicon-Tahto-1.png\",\"contentUrl\":\"https:\/\/tahtocom-staging.test.cchosting.fi\/wp-content\/uploads\/2022\/05\/cropped-Favicon-Tahto-1.png\",\"width\":240,\"height\":240,\"caption\":\"Tahto\"},\"image\":{\"@id\":\"https:\/\/tahtocom-staging.test.cchosting.fi\/#\/schema\/logo\/image\/\"}}]}<\/script>\n<!-- \/ Yoast SEO plugin. -->","yoast_head_json":{"title":"Visit us - Tahto","description":"Welcome to TAHTO at the Olympic Stadium in Helsinki.","robots":{"index":"noindex","follow":"follow","max-snippet":"max-snippet:-1","max-image-preview":"max-image-preview:large","max-video-preview":"max-video-preview:-1"},"og_locale":"en_US","og_type":"article","og_title":"Visit us - Tahto","og_description":"Welcome to TAHTO at the Olympic Stadium in Helsinki.","og_url":"https:\/\/tahto.lndo.site\/en\/visit-us\/","og_site_name":"Tahto","article_modified_time":"2024-02-08T07:16:30+00:00","og_image":[{"url":"https:\/\/tahto.lndo.site\/wp-content\/uploads\/2022\/04\/pysakointi-pieni@3x.png","type":"","width":"","height":""}],"twitter_card":"summary_large_image","twitter_misc":{"Est. reading time":"6 minutes"},"schema":{"@context":"https:\/\/schema.org","@graph":[{"@type":"WebPage","@id":"https:\/\/tahto.lndo.site\/en\/visit-us\/","url":"https:\/\/tahto.lndo.site\/en\/visit-us\/","name":"Visit us - Tahto","isPartOf":{"@id":"https:\/\/tahtocom-staging.test.cchosting.fi\/#website"},"primaryImageOfPage":{"@id":"https:\/\/tahto.lndo.site\/en\/visit-us\/#primaryimage"},"image":{"@id":"https:\/\/tahto.lndo.site\/en\/visit-us\/#primaryimage"},"thumbnailUrl":"https:\/\/tahtocom-staging.test.cchosting.fi\/wp-content\/uploads\/2022\/04\/pysakointi-pieni@3x.png","datePublished":"2022-04-26T12:26:52+00:00","dateModified":"2024-02-08T07:16:30+00:00","description":"Welcome to TAHTO at the Olympic Stadium in Helsinki.","breadcrumb":{"@id":"https:\/\/tahto.lndo.site\/en\/visit-us\/#breadcrumb"},"inLanguage":"en-US","potentialAction":[{"@type":"ReadAction","target":["https:\/\/tahto.lndo.site\/en\/visit-us\/"]}]},{"@type":"ImageObject","inLanguage":"en-US","@id":"https:\/\/tahto.lndo.site\/en\/visit-us\/#primaryimage","url":"https:\/\/tahtocom-staging.test.cchosting.fi\/wp-content\/uploads\/2022\/04\/pysakointi-pieni@3x.png","contentUrl":"https:\/\/tahtocom-staging.test.cchosting.fi\/wp-content\/uploads\/2022\/04\/pysakointi-pieni@3x.png"},{"@type":"BreadcrumbList","@id":"https:\/\/tahto.lndo.site\/en\/visit-us\/#breadcrumb","itemListElement":[{"@type":"ListItem","position":1,"name":"Etusivu","item":"https:\/\/tahtocom-staging.test.cchosting.fi\/en\/"},{"@type":"ListItem","position":2,"name":"Visit us"}]},{"@type":"WebSite","@id":"https:\/\/tahtocom-staging.test.cchosting.fi\/#website","url":"https:\/\/tahtocom-staging.test.cchosting.fi\/","name":"Tahto","description":"Uusi urheilumuseo","publisher":{"@id":"https:\/\/tahtocom-staging.test.cchosting.fi\/#organization"},"potentialAction":[{"@type":"SearchAction","target":{"@type":"EntryPoint","urlTemplate":"https:\/\/tahtocom-staging.test.cchosting.fi\/?s={search_term_string}"},"query-input":{"@type":"PropertyValueSpecification","valueRequired":true,"valueName":"search_term_string"}}],"inLanguage":"en-US"},{"@type":"Organization","@id":"https:\/\/tahtocom-staging.test.cchosting.fi\/#organization","name":"Tahto","url":"https:\/\/tahtocom-staging.test.cchosting.fi\/","logo":{"@type":"ImageObject","inLanguage":"en-US","@id":"https:\/\/tahtocom-staging.test.cchosting.fi\/#\/schema\/logo\/image\/","url":"https:\/\/tahtocom-staging.test.cchosting.fi\/wp-content\/uploads\/2022\/05\/cropped-Favicon-Tahto-1.png","contentUrl":"https:\/\/tahtocom-staging.test.cchosting.fi\/wp-content\/uploads\/2022\/05\/cropped-Favicon-Tahto-1.png","width":240,"height":240,"caption":"Tahto"},"image":{"@id":"https:\/\/tahtocom-staging.test.cchosting.fi\/#\/schema\/logo\/image\/"}}]}},"_links":{"self":[{"href":"https:\/\/tahtocom-staging.test.cchosting.fi\/en\/wp-json\/wp\/v2\/pages\/3009","targetHints":{"allow":["GET"]}}],"collection":[{"href":"https:\/\/tahtocom-staging.test.cchosting.fi\/en\/wp-json\/wp\/v2\/pages"}],"about":[{"href":"https:\/\/tahtocom-staging.test.cchosting.fi\/en\/wp-json\/wp\/v2\/types\/page"}],"author":[{"embeddable":true,"href":"https:\/\/tahtocom-staging.test.cchosting.fi\/en\/wp-json\/wp\/v2\/users\/1"}],"replies":[{"embeddable":true,"href":"https:\/\/tahtocom-staging.test.cchosting.fi\/en\/wp-json\/wp\/v2\/comments?post=3009"}],"version-history":[{"count":15,"href":"https:\/\/tahtocom-staging.test.cchosting.fi\/en\/wp-json\/wp\/v2\/pages\/3009\/revisions"}],"predecessor-version":[{"id":9252,"href":"https:\/\/tahtocom-staging.test.cchosting.fi\/en\/wp-json\/wp\/v2\/pages\/3009\/revisions\/9252"}],"wp:attachment":[{"href":"https:\/\/tahtocom-staging.test.cchosting.fi\/en\/wp-json\/wp\/v2\/media?parent=3009"}],"curies":[{"name":"wp","href":"https:\/\/api.w.org\/{rel}","templated":true}]}}